{"id":5083,"date":"2025-09-25T10:47:59","date_gmt":"2025-09-25T09:47:59","guid":{"rendered":"https:\/\/www.chantillyartsetelegance.com\/?post_type=product&#038;p=5083"},"modified":"2026-05-01T18:09:29","modified_gmt":"2026-05-01T17:09:29","slug":"package-garden-party","status":"publish","type":"product","link":"https:\/\/www.chantillyartsetelegance.com\/fr\/produit\/package-garden-party\/","title":{"rendered":"Package Garden Party"},"content":{"rendered":"","protected":false},"excerpt":{"rendered":"<p>Visiter Chantilly Arts &amp; Elegance Richard Mille, c\u2019est passer un Dimanche \u00e9l\u00e9gant \u00e0 la campagne dont chacun peut profiter \u00e0 sa guise. Cela peut aussi \u00eatre la promesse de <strong>participer \u00e0 la grande Garden Party, mais en mode VIP&#8230;<\/strong><\/p>\n<p>C\u2019est pourquoi Chantilly Arts &amp; Elegance Richard Mille propose le Package Garden Party offrant un <strong>panier pique-nique<\/strong> minutieusement con\u00e7u \u00e0 d\u00e9guster confortablement assis dans l\u2019Enclos <strong>\u00abChantilly Chic\u00bb<\/strong>, au beau milieu de l\u2019un des endroits les plus anim\u00e9s du concours. <strong>L\u2019assurance d\u2019un piquenique inoubliable, en famille et en toute convivialit\u00e9.<\/strong> Sans se soucier de l\u2019intendance et pouvoir profiter sereinement de tout ce que cette journ\u00e9e offre pour se distraire !<\/p>\n<p><em><strong>* Avec alcool :<\/strong> une demi-bouteille de champagne et une demi-bouteille de vin<\/em><\/p>\n<p><a href=\"\/fr\/contact\/\">Une question ? Nous contacter !<\/a><\/p>\n","protected":false},"featured_media":5298,"template":"","meta":[],"product_brand":[],"product_cat":[79],"product_tag":[],"class_list":{"0":"post-5083","1":"product","2":"type-product","3":"status-publish","4":"has-post-thumbnail","6":"product_cat-hospitalite","8":"first","9":"instock","10":"shipping-taxable","11":"purchasable","12":"product-type-variable"},"_links":{"self":[{"href":"https:\/\/www.chantillyartsetelegance.com\/fr\/wp-json\/wp\/v2\/product\/5083","targetHints":{"allow":["GET"]}}],"collection":[{"href":"https:\/\/www.chantillyartsetelegance.com\/fr\/wp-json\/wp\/v2\/product"}],"about":[{"href":"https:\/\/www.chantillyartsetelegance.com\/fr\/wp-json\/wp\/v2\/types\/product"}],"wp:featuredmedia":[{"embeddable":true,"href":"https:\/\/www.chantillyartsetelegance.com\/fr\/wp-json\/wp\/v2\/media\/5298"}],"wp:attachment":[{"href":"https:\/\/www.chantillyartsetelegance.com\/fr\/wp-json\/wp\/v2\/media?parent=5083"}],"wp:term":[{"taxonomy":"product_brand","embeddable":true,"href":"https:\/\/www.chantillyartsetelegance.com\/fr\/wp-json\/wp\/v2\/product_brand?post=5083"},{"taxonomy":"product_cat","embeddable":true,"href":"https:\/\/www.chantillyartsetelegance.com\/fr\/wp-json\/wp\/v2\/product_cat?post=5083"},{"taxonomy":"product_tag","embeddable":true,"href":"https:\/\/www.chantillyartsetelegance.com\/fr\/wp-json\/wp\/v2\/product_tag?post=5083"}],"curies":[{"name":"wp","href":"https:\/\/api.w.org\/{rel}","templated":true}]}}