{"id":63,"date":"2022-07-07T15:08:22","date_gmt":"2022-07-07T15:08:22","guid":{"rendered":"https:\/\/www.chantillyartsetelegance.com\/?page_id=63"},"modified":"2026-01-19T10:01:53","modified_gmt":"2026-01-19T09:01:53","slug":"concours","status":"publish","type":"page","link":"https:\/\/www.chantillyartsetelegance.com\/fr\/concours\/","title":{"rendered":"Concours"},"content":{"rendered":"<section class=\"bde-section-63-158 bde-section\">\n  \n  \n\t\n\n\n\n<div class=\"section-container\"><div class=\"bde-div-63-225 bde-div\">\n  \n  \n\t\n\n\n\n<h4 class=\"bde-heading-63-226 bde-heading\">Concours<\/h4><h3 class=\"bde-dual-heading-63-227 bde-dual-heading\">\n\n\n            <span data-style=\"primary\" class=\"dual-heading--primary  \">Toujours <\/span>\n\n            <span data-style=\"secondary\" class=\"dual-heading--secondary  \"> \u00e9clectique...<\/span>\n\n\n\n<\/h3><div class=\"bde-text-63-171 bde-text\">\nLe dimanche, Chantilly Arts & Elegance Richard Mille reprend le visage de ce qui a fait son succ\u00e8s, un distrayant et \u00e9l\u00e9gant dimanche familial \u00e0 la campagne. L\u2019invitation \u00e0 une promenade dans un mus\u00e9e \u00e0 ciel ouvert, aussi rare qu\u2019\u00e9ph\u00e9m\u00e8re, d\u00e9clin\u00e9 d\u00e9sormais en deux concours arbitr\u00e9s par un jury dont la qualit\u00e9 est assur\u00e9e par son \u00e9clectisme, tant par sa culture que par ses origines.\n<\/div><h4 class=\"bde-heading-63-173 bde-heading\">\nA chacun son concours !\n<\/h4><div class=\"bde-text-63-172 bde-text\">\nJug\u00e9s par des experts, les classes exposent \"Les plus Belles Automobiles du Monde\".Quant aux clubs, ils mettent en sc\u00e8ne une s\u00e9lection des plus int\u00e9ressantes voitures du constructeur et une garden party qui, depuis 2014 rencontre un grand succ\u00e8s. Et l\u00e0, c\u2019est le public, \u00e9galement invit\u00e9 \u00e0 ce pique-nique, qui vote pour les d\u00e9partager.\n<\/div>\n<\/div><div class=\"bde-columns-63-236 bde-columns\"><div class=\"bde-column-63-237 bde-column\">\n  \n  \n\t\n\n\n\n<div class=\"bde-image-63-235 bde-image\">\n<figure class=\"breakdance-image breakdance-image--4370\">\n\t<div class=\"breakdance-image-container\">\n\t\t<div class=\"breakdance-image-clip\"><img loading=\"lazy\" decoding=\"async\" class=\"breakdance-image-object\" src=\"https:\/\/www.chantillyartsetelegance.com\/wp-content\/uploads\/2024\/09\/caerm-2024-benshuttleworth-232.jpg\" width=\"1920\" height=\"1281\" srcset=\"https:\/\/www.chantillyartsetelegance.com\/wp-content\/uploads\/2024\/09\/caerm-2024-benshuttleworth-232.jpg 1920w, https:\/\/www.chantillyartsetelegance.com\/wp-content\/uploads\/2024\/09\/caerm-2024-benshuttleworth-232-300x200.jpg 300w, https:\/\/www.chantillyartsetelegance.com\/wp-content\/uploads\/2024\/09\/caerm-2024-benshuttleworth-232-1024x683.jpg 1024w, https:\/\/www.chantillyartsetelegance.com\/wp-content\/uploads\/2024\/09\/caerm-2024-benshuttleworth-232-768x512.jpg 768w, https:\/\/www.chantillyartsetelegance.com\/wp-content\/uploads\/2024\/09\/caerm-2024-benshuttleworth-232-1536x1025.jpg 1536w\" sizes=\"auto, (max-width: 1920px) 100vw, 1920px\"><\/div>\n\t<\/div><\/figure>\n\n<\/div>\n<\/div><div class=\"bde-column-63-238 bde-column\">\n  \n  \n\t\n\n\n\n<div class=\"bde-div-63-166 bde-div\">\n  \n  \n\t\n\n\n\n<h1 class=\"bde-heading-63-203 bde-heading\">\nIndex\n<\/h1><a class=\"bde-text-link-63-163 bde-text-link breakdance-link\" href=\"#concourselegance\" target=\"_self\" data-type=\"url\">\n  Concours d'\u00e9l\u00e9gance\n\n<\/a><a class=\"bde-text-link-63-165 bde-text-link breakdance-link\" href=\"#concoursetat\" target=\"_self\" data-type=\"url\">\n  Concours d'Etat\n\n<\/a><a class=\"bde-text-link-63-170 bde-text-link breakdance-link\" href=\"#gpclubs\" target=\"_self\" data-type=\"url\">\n  Grand Prix des Clubs\n\n<\/a><a class=\"bde-text-link-63-202 bde-text-link breakdance-link\" href=\".\/resultats\/\" target=\"_self\" data-type=\"url\">\n  R\u00e9sultats\n\n<\/a><a class=\"bde-text-link-63-242 bde-text-link breakdance-link\" href=\"\/fr\/concours\/jury\/\" target=\"_self\" data-type=\"url\">\n  Jury\n\n<\/a>\n<\/div>\n<\/div><\/div><\/div>\n<\/section><section class=\"bde-section-63-114 bde-section\">\n  \n  \n\t\n\n\n\n<div class=\"section-container\"><div class=\"bde-columns-63-115 bde-columns\"><div class=\"bde-column-63-116 bde-column\">\n  \n  \n\t\n\n\n\n<h4 id=\"concourselegance\" class=\"bde-heading-63-152 bde-heading\">\nConcours d'\u00e9l\u00e9gance\n<\/h4><h3 class=\"bde-dual-heading-63-118 bde-dual-heading\">\n\n\n            <span data-style=\"primary\" class=\"dual-heading--primary  \">Le mariage de l\u2019automobile du<\/span>\n\n            <span data-style=\"secondary\" class=\"dual-heading--secondary  \"> futur<\/span>\n\n            <span data-style=\"primary\" class=\"dual-heading--primary  \">et de la<\/span>\n\n            <span data-style=\"secondary\" class=\"dual-heading--secondary  \"> mode<\/span>\n\n\n\n<\/h3><div class=\"bde-text-63-119 bde-text\">\nLa France a \u00e9t\u00e9 le berceau du Concours d\u2019El\u00e9gance dans les ann\u00e9es 1920, cr\u00e9ant ces rencontres tr\u00e8s populaires o\u00f9 des voitures d\u2019exception de l\u2019\u00e9poque, souvent personnalis\u00e9es par de c\u00e9l\u00e8bres carrossiers, \u00e9taient expos\u00e9es en compagnie de femmes \u00e9l\u00e9gantes habill\u00e9es des derniers v\u00eatements des grands noms de la mode fran\u00e7aise.\n<\/div><div class=\"bde-text-63-120 bde-text\">\nL\u2019une des premi\u00e8res ambitions de Chantilly Arts & Elegance Richard Mille consistait \u00e0 ressusciter cette glorieuse \u00e9poque en invitant les constructeurs et les designers automobiles \u00e0 faire d\u00e9couvrir au public leur concept-car, interpr\u00e9tation des futurs mod\u00e8les de leur marque, en les associant \u00e0 des mannequins par\u00e9es des plus belles tenues de maisons de couture pour un d\u00e9fil\u00e9 unique tr\u00e8s applaudi du public.<br><br>Ainsi des marques premium telles Alpine, Aston Martin, BMW, Bugatti, Citro\u00ebn, DS Automobiles, Ford, Honda, Lexus, Maserati, McLaren, Mercedes-Benz, Peugeot, Porsche, Renault, Rolls-Royce, VW\u2026 et les carrossiers Italdesign, Touring et Zagato ont-ils d\u00e9voil\u00e9 lors des quatre pr\u00e9c\u00e9dents Concours d\u2019El\u00e9gance de Chantilly, parfois en avant-premi\u00e8re mondiale, leur derni\u00e8re cr\u00e9ation en mati\u00e8re d\u2019automobile du futur, associ\u00e9e aux couturiers Haider Ackermann, Giorgio Armani, Balmain, Hugo Boss, Ann Demeulemeester, Eymeric Fran\u00e7ois, Jean-Paul Gautier, Yang Li, Thierry Mugler,  Paco Rabanne, Alexandre Vauthier\u2026\n<\/div><div class=\"bde-div-63-240 bde-div\">\n  \n  \n\t\n\n\n\n<div class=\"bde-button-63-122 bde-button\">\n    \n                                    \n    \n    \n    \n    \n            \n                    \n            \n            \n\n    \n    \n    \n    \n    \n    <a class=\"breakdance-link button-atom button-atom--primary bde-button__button\" href=\"\/inscriptions\/formulaire\/\" target=\"_self\" data-type=\"url\"  >\n\n    \n        <span class=\"button-atom__text\">Inscription<\/span>\n\n        \n        \n                <\/a>\n\n    \n\n\n<\/div>\n<\/div>\n<\/div><div class=\"bde-column-63-123 bde-column\">\n  \n  \n\t\n\n\n\n<div class=\"bde-image-63-124 bde-image\">\n<figure class=\"breakdance-image breakdance-image--4365\">\n\t<div class=\"breakdance-image-container\">\n\t\t<div class=\"breakdance-image-clip\"><img loading=\"lazy\" decoding=\"async\" class=\"breakdance-image-object\" src=\"https:\/\/www.chantillyartsetelegance.com\/wp-content\/uploads\/2024\/09\/caerm-2024-benshuttleworth-164.jpg\" width=\"1920\" height=\"1281\" srcset=\"https:\/\/www.chantillyartsetelegance.com\/wp-content\/uploads\/2024\/09\/caerm-2024-benshuttleworth-164.jpg 1920w, https:\/\/www.chantillyartsetelegance.com\/wp-content\/uploads\/2024\/09\/caerm-2024-benshuttleworth-164-300x200.jpg 300w, https:\/\/www.chantillyartsetelegance.com\/wp-content\/uploads\/2024\/09\/caerm-2024-benshuttleworth-164-1024x683.jpg 1024w, https:\/\/www.chantillyartsetelegance.com\/wp-content\/uploads\/2024\/09\/caerm-2024-benshuttleworth-164-768x512.jpg 768w, https:\/\/www.chantillyartsetelegance.com\/wp-content\/uploads\/2024\/09\/caerm-2024-benshuttleworth-164-1536x1025.jpg 1536w\" sizes=\"auto, (max-width: 1920px) 100vw, 1920px\"><\/div>\n\t<\/div><\/figure>\n\n<\/div>\n<\/div><\/div><div class=\"bde-columns-63-207 bde-columns\"><div class=\"bde-column-63-208 bde-column\">\n  \n  \n\t\n\n\n\n<div class=\"bde-video-63-125 bde-video\">\n<div class=\"ee-video-container\">\n                                                                        \n                <lite-youtube\n                        videoid=\"H9HL9X9NN2M\"\n                                                style=\"background-image: url(https:\/\/i.ytimg.com\/vi\/H9HL9X9NN2M\/maxresdefault.jpg); \"\n                        class=\"ee-video\"\n                        title=\"\"\n                        params=\"&playsinline=0&rel=0&enablejsapi=1\"\n                >\n                <\/lite-youtube>\n                    \n        \n            \n    <\/div>\n\n<\/div>\n<\/div><div class=\"bde-column-63-209 bde-column\">\n  \n  \n\t\n\n\n\n<h4 class=\"bde-heading-63-211 bde-heading\">\nR\u00e9sultat 2024\n<\/h4><div class=\"bde-text-63-243 bde-text\">\nConcours d\u2019Elegance<br>Lancia Pu+Ra (2023)<br><br>Concours d\u2019Elegance prix du public<br>Bugatti Tourbillon (2024)\n<\/div><div class=\"bde-button-63-213 bde-button\">\n    \n                        \n                        \n    \n    \n    \n    \n            \n                    \n            \n            \n\n    \n    \n    \n    \n    \n    <a class=\"breakdance-link button-atom button-atom--secondary bde-button__button\" href=\".\/resultats\/\" target=\"_self\" data-type=\"url\"  >\n\n    \n        <span class=\"button-atom__text\">R\u00e9sultats des ann\u00e9es pr\u00e9c\u00e9dentes<\/span>\n\n        \n        \n                <\/a>\n\n    \n\n\n<\/div>\n<\/div><\/div><div class=\"bde-fancy-divider-63-126 bde-fancy-divider\">\n\n\n<div class=\"bde-fancy-divider__wrapper\">\n  <div class=\"bde-fancy-divider__separator   \">\n  \t  <\/div>\n<\/div>\n\n<\/div><\/div>\n<\/section><section class=\"bde-section-63-127 bde-section\">\n  \n  \n\t\n\n\n\n<div class=\"section-container\"><div class=\"bde-columns-63-128 bde-columns\"><div class=\"bde-column-63-129 bde-column\">\n  \n  \n\t\n\n\n\n<div class=\"bde-image-63-131 bde-image\">\n<figure class=\"breakdance-image breakdance-image--4367\">\n\t<div class=\"breakdance-image-container\">\n\t\t<div class=\"breakdance-image-clip\"><img loading=\"lazy\" decoding=\"async\" class=\"breakdance-image-object\" src=\"https:\/\/www.chantillyartsetelegance.com\/wp-content\/uploads\/2024\/09\/caerm-2024-benshuttleworth-184-edit.jpg\" width=\"1920\" height=\"1281\" srcset=\"https:\/\/www.chantillyartsetelegance.com\/wp-content\/uploads\/2024\/09\/caerm-2024-benshuttleworth-184-edit.jpg 1920w, https:\/\/www.chantillyartsetelegance.com\/wp-content\/uploads\/2024\/09\/caerm-2024-benshuttleworth-184-edit-300x200.jpg 300w, https:\/\/www.chantillyartsetelegance.com\/wp-content\/uploads\/2024\/09\/caerm-2024-benshuttleworth-184-edit-1024x683.jpg 1024w, https:\/\/www.chantillyartsetelegance.com\/wp-content\/uploads\/2024\/09\/caerm-2024-benshuttleworth-184-edit-768x512.jpg 768w, https:\/\/www.chantillyartsetelegance.com\/wp-content\/uploads\/2024\/09\/caerm-2024-benshuttleworth-184-edit-1536x1025.jpg 1536w\" sizes=\"auto, (max-width: 1920px) 100vw, 1920px\"><\/div>\n\t<\/div><\/figure>\n\n<\/div>\n<\/div><div class=\"bde-column-63-132 bde-column\">\n  \n  \n\t\n\n\n\n<h4 id=\"concoursetat\" class=\"bde-heading-63-153 bde-heading\">\nconcours d'\u00e9tat\n<\/h4><h3 class=\"bde-dual-heading-63-133 bde-dual-heading\">\n\n\n            <span data-style=\"primary\" class=\"dual-heading--primary  \">Les Plus<\/span>\n\n            <span data-style=\"secondary\" class=\"dual-heading--secondary  \">Belles<\/span>\n\n            <span data-style=\"primary\" class=\"dual-heading--primary  \"> Voitures du Monde<\/span>\n\n\n\n<\/h3><div class=\"bde-text-63-134 bde-text\">\nA l\u2019occasion de ses sept premi\u00e8res \u00e9ditions, le Concours d\u2019Etat de Chantilly Arts & Elegance Richard Mille a r\u00e9uni les plus grands collectionneurs du monde entier. Cent voitures d\u2019exception, incarnations des plus belles cr\u00e9ations de l\u2019histoire de l\u2019automobile sont venues \u00e0 chaque fois de toute l\u2019Europe mais aussi des Etats-Unis, d\u2019Am\u00e9rique du Sud et d\u2019Asie.\n<\/div><div class=\"bde-text-63-135 bde-text\">\nExpos\u00e9es sur les pelouses Le N\u00f4tre du Domaine pour constituer un mus\u00e9e \u00e9ph\u00e9m\u00e8re remarquable et unique en son genre, elles d\u00e9ploient leurs charmes \u00e0 une seule fin : \u00eatre r\u00e9compens\u00e9es par le Best of Show. Cr\u00e8me de la cr\u00e8me, Chantilly oblige, ce sont 2 Best of Show que d\u00e9cerne Chantilly Arts & Elegance Richard Mille depuis 2017 car il est bien difficile de comparer une voiture d\u2019avant-guerre \u00e0 une d\u2019apr\u00e8s-guerre.<br><br>Dans chacune des dix-sept classes rassemblant entre 4 et 6 voitures, raret\u00e9, histoire, \u00e9tat de conservation et d\u2019entretien sont les crit\u00e8res fondamentaux, objets d\u2019un examen attentif du jury \u00e9galement tri\u00e9 sur le volet pour \u00eatre d\u00e9clar\u00e9es \u00ab Vainqueur de Classe \u00bb, passage oblig\u00e9 pour ensuite acc\u00e9der \u00e0 l\u2019\u00e9preuve finale qui sacrera les 2 Reines du Jour.\n<\/div><div class=\"bde-div-63-198 bde-div\">\n  \n  \n\t\n\n\n\n<div class=\"bde-button-63-239 bde-button\">\n    \n                        \n                        \n    \n    \n    \n    \n            \n                    \n            \n            \n\n    \n    \n    \n    \n    \n    <a class=\"breakdance-link button-atom button-atom--secondary bde-button__button\" href=\"#\" target=\"_blank\" data-type=\"url\"  >\n\n    \n        <span class=\"button-atom__text\">R\u00e8glement (indisponible)<\/span>\n\n        \n        \n                <\/a>\n\n    \n\n\n<\/div><div class=\"bde-button-63-138 bde-button\">\n    \n                        \n                        \n    \n    \n    \n    \n            \n                    \n            \n            \n\n    \n    \n    \n    \n    \n    <a class=\"breakdance-link button-atom button-atom--secondary bde-button__button\" href=\"\/fr\/concours\/classes-concours-etat\/\" target=\"_self\" data-type=\"url\"  >\n\n    \n        <span class=\"button-atom__text\">Liste des classes<\/span>\n\n        \n        \n                <\/a>\n\n    \n\n\n<\/div><div class=\"bde-button-63-246 bde-button\">\n    \n                        \n                        \n    \n    \n    \n    \n            \n                    \n            \n            \n\n    \n    \n    \n    \n    \n    <a class=\"breakdance-link button-atom button-atom--custom bde-button__button\" href=\"\/fr\/concours\/formulaire-concours-detat\/\" target=\"_self\" data-type=\"url\"  >\n\n    \n        <span class=\"button-atom__text\">Formulaire d'inscription<\/span>\n\n                            \n        \n                <\/a>\n\n    \n\n\n<\/div>\n<\/div>\n<\/div><\/div><div class=\"bde-columns-63-214 bde-columns\"><div class=\"bde-column-63-215 bde-column\">\n  \n  \n\t\n\n\n\n<div class=\"bde-video-63-139 bde-video\">\n<div class=\"ee-video-container\">\n                                                                        \n                <lite-youtube\n                        videoid=\"Kowc7XonF9A\"\n                                                style=\"background-image: url(https:\/\/i.ytimg.com\/vi\/Kowc7XonF9A\/maxresdefault.jpg); \"\n                        class=\"ee-video\"\n                        title=\"\"\n                        params=\"&playsinline=0&rel=0&enablejsapi=1\"\n                >\n                <\/lite-youtube>\n                    \n        \n            \n    <\/div>\n\n<\/div>\n<\/div><div class=\"bde-column-63-217 bde-column\">\n  \n  \n\t\n\n\n\n<h4 class=\"bde-heading-63-218 bde-heading\">\nR\u00e9sultats 2024\n<\/h4><div class=\"bde-text-63-244 bde-text\">\nBest of Show Concours d\u2019Etat Avant-guerre<br>Bugatti T35C (1928)<br><br>Prix sp\u00e9cial Restauration Avant-guerre<br>Tatra T80 (1931)<br><br>Best of Show Concours d\u2019Etat Apr\u00e8s-guerre<br>Talbot-Lago T26 GS Coup\u00e9 (1949)<br><br>Prix sp\u00e9cial Palmar\u00e8s Apr\u00e8s-guerre<br>Dino 196S (1959)<br><br>Prix sp\u00e9cial \"\u0152uvres\"<br>Marcello Gandini, Lamborghini Countach\n<\/div><div class=\"bde-button-63-220 bde-button\">\n    \n                        \n                        \n    \n    \n    \n    \n            \n                    \n            \n            \n\n    \n    \n    \n    \n    \n    <a class=\"breakdance-link button-atom button-atom--secondary bde-button__button\" href=\".\/resultats\/\" target=\"_self\" data-type=\"url\"  >\n\n    \n        <span class=\"button-atom__text\">R\u00e9sultats des ann\u00e9es pr\u00e9c\u00e9dentes<\/span>\n\n        \n        \n                <\/a>\n\n    \n\n\n<\/div>\n<\/div><\/div><div class=\"bde-fancy-divider-63-140 bde-fancy-divider\">\n\n\n<div class=\"bde-fancy-divider__wrapper\">\n  <div class=\"bde-fancy-divider__separator   \">\n  \t  <\/div>\n<\/div>\n\n<\/div><\/div>\n<\/section><section class=\"bde-section-63-174 bde-section\">\n  \n  \n\t\n\n\n\n<div class=\"section-container\"><div class=\"bde-columns-63-175 bde-columns\"><div class=\"bde-column-63-191 bde-column\">\n  \n  \n\t\n\n\n\n<div class=\"bde-image-63-192 bde-image\">\n<figure class=\"breakdance-image breakdance-image--2327\">\n\t<div class=\"breakdance-image-container\">\n\t\t<div class=\"breakdance-image-clip\"><img loading=\"lazy\" decoding=\"async\" class=\"breakdance-image-object\" src=\"https:\/\/www.chantillyartsetelegance.com\/wp-content\/uploads\/2022\/11\/1026850-2022-caerm-galerie-mbonnevie.jpg\" width=\"1280\" height=\"1920\" srcset=\"https:\/\/www.chantillyartsetelegance.com\/wp-content\/uploads\/2022\/11\/1026850-2022-caerm-galerie-mbonnevie.jpg 1280w, https:\/\/www.chantillyartsetelegance.com\/wp-content\/uploads\/2022\/11\/1026850-2022-caerm-galerie-mbonnevie-200x300.jpg 200w, https:\/\/www.chantillyartsetelegance.com\/wp-content\/uploads\/2022\/11\/1026850-2022-caerm-galerie-mbonnevie-683x1024.jpg 683w, https:\/\/www.chantillyartsetelegance.com\/wp-content\/uploads\/2022\/11\/1026850-2022-caerm-galerie-mbonnevie-768x1152.jpg 768w, https:\/\/www.chantillyartsetelegance.com\/wp-content\/uploads\/2022\/11\/1026850-2022-caerm-galerie-mbonnevie-1024x1536.jpg 1024w\" sizes=\"auto, (max-width: 1280px) 100vw, 1280px\"><\/div>\n\t<\/div><\/figure>\n\n<\/div>\n<\/div><div class=\"bde-column-63-178 bde-column\">\n  \n  \n\t\n\n\n\n<h2 id=\"gpclubs\" class=\"bde-heading-63-188 bde-heading\">\nGrand Prix des Clubs\n<\/h2><div class=\"bde-text-63-189 bde-text\">\nChaque \u00e9dition une quarantaine de ces clubs, animateurs de ce dimanche El\u00e9gant \u00e0 la Campagne, participent \u00e0 l\u2019immense Garden-Party, v\u00e9ritable tableau champ\u00eatre qui aurait inspir\u00e9 quelques-uns des plus illustres peintres impressionnistes.\n<\/div><div class=\"bde-text-63-190 bde-text\">\nDu panier pique-nique sophistiqu\u00e9 \u00e0 la table d\u00e9cor\u00e9e avec raffinement, l\u2019\u00e9l\u00e9gance se devra d\u2019\u00eatre harmonieuse pour esp\u00e9rer remporter le Grand Prix des Clubs, attribu\u00e9 sur la qualit\u00e9 de la pr\u00e9sentation, la diversit\u00e9 et l\u2019originalit\u00e9 des mod\u00e8les expos\u00e9s, ainsi que le soin apport\u00e9 au D\u00e9jeuner sur l\u2019Herbe.\n<\/div><div class=\"bde-div-63-197 bde-div\">\n  \n  \n\t\n\n\n\n<div class=\"bde-button-63-184 bde-button\">\n    \n                        \n                        \n    \n    \n    \n    \n            \n                    \n            \n            \n\n    \n    \n    \n    \n    \n    <a class=\"breakdance-link button-atom button-atom--secondary bde-button__button\" href=\"https:\/\/www.chantillyartsetelegance.com\/inscriptions\/formulaire\/\" target=\"_self\" data-type=\"url\"  >\n\n    \n        <span class=\"button-atom__text\">Inscription<\/span>\n\n        \n        \n                <\/a>\n\n    \n\n\n<\/div><div class=\"bde-button-63-185 bde-button\">\n    \n                        \n                        \n    \n    \n    \n    \n            \n                    \n            \n            \n\n    \n    \n    \n    \n    \n    <a class=\"breakdance-link button-atom button-atom--secondary bde-button__button\" href=\"\/clubs-individuels\/\" target=\"_blank\" data-type=\"url\"  >\n\n    \n        <span class=\"button-atom__text\">D\u00e9couvrir \"Clubs & Individuels\"<\/span>\n\n        \n        \n                <\/a>\n\n    \n\n\n<\/div>\n<\/div><div class=\"bde-gallery-63-193 bde-gallery\">\n\n\n  \n\n\n\n\n\n\n\n\n\n\n<div class=\"ee-gallery ee-gallery--default ee-gallery--grid ee-gallery-- ee-gallery--lightbox ee-gallery-- ee-gallery--caption- ee-gallery--caption-none ee-gallery--ratio\">\n                  \n      <a class=\"ee-gallery-item ee-gallery-item--image ee-gallery-item--single\" href=\"https:\/\/www.chantillyartsetelegance.com\/wp-content\/uploads\/2022\/11\/114019-2022-caerm-galerie-mbonnevie.jpg\"  data-sub-html=\"<span><\/span>\" data-category=\"1\"                  data-lg-size=\"1280-1920\"\n\n      >\n        <figure class=\"ee-gallery-item-figure\">\n                        <img loading=\"lazy\" decoding=\"async\" class=\"breakdance-image-object\" src=\"https:\/\/www.chantillyartsetelegance.com\/wp-content\/uploads\/2022\/11\/114019-2022-caerm-galerie-mbonnevie-683x1024.jpg\" width=\"683\" height=\"1024\" srcset=\"https:\/\/www.chantillyartsetelegance.com\/wp-content\/uploads\/2022\/11\/114019-2022-caerm-galerie-mbonnevie.jpg 1280w, https:\/\/www.chantillyartsetelegance.com\/wp-content\/uploads\/2022\/11\/114019-2022-caerm-galerie-mbonnevie-200x300.jpg 200w, https:\/\/www.chantillyartsetelegance.com\/wp-content\/uploads\/2022\/11\/114019-2022-caerm-galerie-mbonnevie-683x1024.jpg 683w, https:\/\/www.chantillyartsetelegance.com\/wp-content\/uploads\/2022\/11\/114019-2022-caerm-galerie-mbonnevie-768x1152.jpg 768w, https:\/\/www.chantillyartsetelegance.com\/wp-content\/uploads\/2022\/11\/114019-2022-caerm-galerie-mbonnevie-1024x1536.jpg 1024w\" sizes=\"auto, (max-width: 1280px) 100vw, 1280px\">\n          \n                  <\/figure>\n      <\/a>\n\n                \n      <a class=\"ee-gallery-item ee-gallery-item--image ee-gallery-item--single\" href=\"https:\/\/www.chantillyartsetelegance.com\/wp-content\/uploads\/2022\/11\/103535-2022-caerm-galerie-mbonnevie.jpg\"  data-sub-html=\"<span><\/span>\" data-category=\"1\"                  data-lg-size=\"1280-1920\"\n\n      >\n        <figure class=\"ee-gallery-item-figure\">\n                        <img loading=\"lazy\" decoding=\"async\" class=\"breakdance-image-object\" src=\"https:\/\/www.chantillyartsetelegance.com\/wp-content\/uploads\/2022\/11\/103535-2022-caerm-galerie-mbonnevie-683x1024.jpg\" width=\"683\" height=\"1024\" srcset=\"https:\/\/www.chantillyartsetelegance.com\/wp-content\/uploads\/2022\/11\/103535-2022-caerm-galerie-mbonnevie.jpg 1280w, https:\/\/www.chantillyartsetelegance.com\/wp-content\/uploads\/2022\/11\/103535-2022-caerm-galerie-mbonnevie-200x300.jpg 200w, https:\/\/www.chantillyartsetelegance.com\/wp-content\/uploads\/2022\/11\/103535-2022-caerm-galerie-mbonnevie-683x1024.jpg 683w, https:\/\/www.chantillyartsetelegance.com\/wp-content\/uploads\/2022\/11\/103535-2022-caerm-galerie-mbonnevie-768x1152.jpg 768w, https:\/\/www.chantillyartsetelegance.com\/wp-content\/uploads\/2022\/11\/103535-2022-caerm-galerie-mbonnevie-1024x1536.jpg 1024w\" sizes=\"auto, (max-width: 1280px) 100vw, 1280px\">\n          \n                  <\/figure>\n      <\/a>\n\n      \n  <\/div>\n\n\n\n<\/div><div class=\"bde-div-63-224 bde-div\">\n  \n  \n\t\n\n\n\n<h4 class=\"bde-heading-63-221 bde-heading\">\nR\u00e9sultat 2024\n<\/h4><div class=\"bde-text-63-245 bde-text\">\nGrand Prix des Clubs FFVE<br>Vincennes en anciennes \u2013 Talbot 120 Baby Sport de 1934<br>\n<\/div><div class=\"bde-button-63-223 bde-button\">\n    \n                        \n                        \n    \n    \n    \n    \n            \n                    \n            \n            \n\n    \n    \n    \n    \n    \n    <a class=\"breakdance-link button-atom button-atom--secondary bde-button__button\" href=\".\/resultats\/\" target=\"_self\" data-type=\"url\"  >\n\n    \n        <span class=\"button-atom__text\">R\u00e9sultats des ann\u00e9es pr\u00e9c\u00e9dentes<\/span>\n\n        \n        \n                <\/a>\n\n    \n\n\n<\/div>\n<\/div>\n<\/div><\/div><div class=\"bde-fancy-divider-63-187 bde-fancy-divider\">\n\n\n<div class=\"bde-fancy-divider__wrapper\">\n  <div class=\"bde-fancy-divider__separator   \">\n  \t  <\/div>\n<\/div>\n\n<\/div><\/div>\n<\/section>","protected":false},"excerpt":{"rendered":"<p>Concours Toujours \u00e9clectique&#8230; Le dimanche, Chantilly Arts &#038; Elegance Richard Mille reprend le visage de ce qui a fait son succ\u00e8s, un distrayant et \u00e9l\u00e9gant dimanche familial \u00e0 la campagne. L\u2019invitation \u00e0 une promenade dans un mus\u00e9e \u00e0 ciel ouvert, aussi rare qu\u2019\u00e9ph\u00e9m\u00e8re, d\u00e9clin\u00e9 d\u00e9sormais en deux concours arbitr\u00e9s par un jury dont la qualit\u00e9 [&hellip;]<\/p>\n","protected":false},"author":1,"featured_media":0,"parent":0,"menu_order":0,"comment_status":"closed","ping_status":"closed","template":"","meta":{"content-type":"","_breakdance_hide_in_design_set":false,"_breakdance_tags":"","footnotes":""},"class_list":["post-63","page","type-page","status-publish","hentry"],"_links":{"self":[{"href":"https:\/\/www.chantillyartsetelegance.com\/fr\/wp-json\/wp\/v2\/pages\/63","targetHints":{"allow":["GET"]}}],"collection":[{"href":"https:\/\/www.chantillyartsetelegance.com\/fr\/wp-json\/wp\/v2\/pages"}],"about":[{"href":"https:\/\/www.chantillyartsetelegance.com\/fr\/wp-json\/wp\/v2\/types\/page"}],"author":[{"embeddable":true,"href":"https:\/\/www.chantillyartsetelegance.com\/fr\/wp-json\/wp\/v2\/users\/1"}],"replies":[{"embeddable":true,"href":"https:\/\/www.chantillyartsetelegance.com\/fr\/wp-json\/wp\/v2\/comments?post=63"}],"version-history":[{"count":6,"href":"https:\/\/www.chantillyartsetelegance.com\/fr\/wp-json\/wp\/v2\/pages\/63\/revisions"}],"predecessor-version":[{"id":5796,"href":"https:\/\/www.chantillyartsetelegance.com\/fr\/wp-json\/wp\/v2\/pages\/63\/revisions\/5796"}],"wp:attachment":[{"href":"https:\/\/www.chantillyartsetelegance.com\/fr\/wp-json\/wp\/v2\/media?parent=63"}],"curies":[{"name":"wp","href":"https:\/\/api.w.org\/{rel}","templated":true}]}}