{"id":4060,"date":"2024-08-13T09:47:25","date_gmt":"2024-08-13T09:47:25","guid":{"rendered":"https:\/\/www.chantillyartsetelegance.com\/?page_id=4060"},"modified":"2025-12-09T11:05:32","modified_gmt":"2025-12-09T10:05:32","slug":"acces","status":"publish","type":"page","link":"https:\/\/www.chantillyartsetelegance.com\/fr\/informations\/acces\/","title":{"rendered":"Acc\u00e8s et plan"},"content":{"rendered":"<section class=\"bde-section-4060-100 bde-section\">\n  \n  \n\t\n\n\n\n<div class=\"section-container\"><h4 class=\"bde-heading-4060-101 bde-heading\">Acc\u00e8s et plan<\/h4><h3 class=\"bde-dual-heading-4060-104 bde-dual-heading\">\n\n\n            <span data-style=\"primary\" class=\"dual-heading--primary  \">Chantilly,<\/span>\n\n            <span data-style=\"secondary\" class=\"dual-heading--secondary  \">proche de Paris, <\/span>\n\n            <span data-style=\"primary\" class=\"dual-heading--primary  \">est rapidement accessible, <\/span>\n\n            <span data-style=\"secondary\" class=\"dual-heading--secondary  \">par la route, le rail <\/span>\n\n            <span data-style=\"primary\" class=\"dual-heading--primary  \"> et <\/span>\n\n            <span data-style=\"secondary\" class=\"dual-heading--secondary  \">les airs<\/span>\n\n\n\n<\/h3><div class=\"bde-button-4060-129 bde-button\">\n    \n                        \n                        \n    \n    \n    \n    \n            \n                    \n            \n            \n\n    \n    \n    \n    \n    \n    <a class=\"breakdance-link button-atom button-atom--secondary bde-button__button\" href=\"\/fr\/informations\/hebergement\/\" target=\"_self\" data-type=\"url\"  >\n\n    \n        <span class=\"button-atom__text\">Acc\u00e9der \u00e0 l'h\u00e9bergement<\/span>\n\n        \n        \n                <\/a>\n\n    \n\n\n<\/div><div class=\"bde-div-4060-105 bde-div\">\n  \n  \n\t\n\n\n\n<div class=\"bde-div-4060-106 bde-div\">\n  \n  \n\t\n\n\n\n<div class=\"bde-image-4060-107 bde-image\">\n<figure class=\"breakdance-image breakdance-image--2360\">\n\t<div class=\"breakdance-image-container\">\n\t\t<div class=\"breakdance-image-clip\"><img loading=\"lazy\" decoding=\"async\" class=\"breakdance-image-object\" src=\"https:\/\/www.chantillyartsetelegance.com\/wp-content\/uploads\/2022\/11\/625758-2022-caerm-galerie-mbonnevie.jpg\" width=\"1280\" height=\"1920\" srcset=\"https:\/\/www.chantillyartsetelegance.com\/wp-content\/uploads\/2022\/11\/625758-2022-caerm-galerie-mbonnevie.jpg 1280w, https:\/\/www.chantillyartsetelegance.com\/wp-content\/uploads\/2022\/11\/625758-2022-caerm-galerie-mbonnevie-200x300.jpg 200w, https:\/\/www.chantillyartsetelegance.com\/wp-content\/uploads\/2022\/11\/625758-2022-caerm-galerie-mbonnevie-683x1024.jpg 683w, https:\/\/www.chantillyartsetelegance.com\/wp-content\/uploads\/2022\/11\/625758-2022-caerm-galerie-mbonnevie-768x1152.jpg 768w, https:\/\/www.chantillyartsetelegance.com\/wp-content\/uploads\/2022\/11\/625758-2022-caerm-galerie-mbonnevie-1024x1536.jpg 1024w\" sizes=\"auto, (max-width: 1280px) 100vw, 1280px\"><\/div>\n\t<\/div><\/figure>\n\n<\/div><div class=\"bde-text-4060-108 bde-text\">\nAdresse\n<\/div><div class=\"bde-rich-text-4060-109 bde-rich-text breakdance-rich-text-styles\">\n<p>Ch\u00e2teau de Chantilly<br \/>60500 Chantilly, FR<\/p><p><em><strong>Coordonn\u00e9es GPS<\/strong><\/em><br \/>Latitude : N49\u00b011.670<br \/>Longitude : E002\u00b028.930<\/p>\n<\/div>\n<\/div><div class=\"bde-div-4060-110 bde-div\">\n  \n  \n\t\n\n\n\n<div class=\"bde-image-4060-111 bde-image\">\n<figure class=\"breakdance-image breakdance-image--2393\">\n\t<div class=\"breakdance-image-container\">\n\t\t<div class=\"breakdance-image-clip\"><img loading=\"lazy\" decoding=\"async\" class=\"breakdance-image-object\" src=\"https:\/\/www.chantillyartsetelegance.com\/wp-content\/uploads\/2022\/11\/191860-2022-caerm-galerie-mbonnevie.jpg\" width=\"1280\" height=\"1920\" srcset=\"https:\/\/www.chantillyartsetelegance.com\/wp-content\/uploads\/2022\/11\/191860-2022-caerm-galerie-mbonnevie.jpg 1280w, https:\/\/www.chantillyartsetelegance.com\/wp-content\/uploads\/2022\/11\/191860-2022-caerm-galerie-mbonnevie-200x300.jpg 200w, https:\/\/www.chantillyartsetelegance.com\/wp-content\/uploads\/2022\/11\/191860-2022-caerm-galerie-mbonnevie-683x1024.jpg 683w, https:\/\/www.chantillyartsetelegance.com\/wp-content\/uploads\/2022\/11\/191860-2022-caerm-galerie-mbonnevie-768x1152.jpg 768w, https:\/\/www.chantillyartsetelegance.com\/wp-content\/uploads\/2022\/11\/191860-2022-caerm-galerie-mbonnevie-1024x1536.jpg 1024w\" sizes=\"auto, (max-width: 1280px) 100vw, 1280px\"><\/div>\n\t<\/div><\/figure>\n\n<\/div><div class=\"bde-text-4060-112 bde-text\">\nLa route\n<\/div><div class=\"bde-text-4060-113 bde-text\">\nChantilly est \u00e0 45 km de Paris - voir carte ci-dessous.\n<\/div><div class=\"bde-button-4060-114 bde-button\">\n    \n                        \n                        \n    \n    \n    \n    \n            \n                    \n            \n            \n\n    \n    \n    \n    \n    \n    <a class=\"breakdance-link button-atom button-atom--text bde-button__button\" href=\"https:\/\/goo.gl\/maps\/57eodMNq7VieQqXn7\" target=\"_blank\" data-type=\"url\"  >\n\n    \n        <span class=\"button-atom__text\">Ouvrir gMaps<\/span>\n\n        \n        \n                <\/a>\n\n    \n\n\n<\/div>\n<\/div><div class=\"bde-div-4060-115 bde-div\">\n  \n  \n\t\n\n\n\n<div class=\"bde-image-4060-116 bde-image\">\n<figure class=\"breakdance-image breakdance-image--3471\">\n\t<div class=\"breakdance-image-container\">\n\t\t<div class=\"breakdance-image-clip\"><img loading=\"lazy\" decoding=\"async\" class=\"breakdance-image-object\" src=\"https:\/\/www.chantillyartsetelegance.com\/wp-content\/uploads\/2024\/01\/337-04980-2022-caerm-mbonnevie.jpg\" width=\"1200\" height=\"800\" srcset=\"https:\/\/www.chantillyartsetelegance.com\/wp-content\/uploads\/2024\/01\/337-04980-2022-caerm-mbonnevie.jpg 1200w, https:\/\/www.chantillyartsetelegance.com\/wp-content\/uploads\/2024\/01\/337-04980-2022-caerm-mbonnevie-300x200.jpg 300w, https:\/\/www.chantillyartsetelegance.com\/wp-content\/uploads\/2024\/01\/337-04980-2022-caerm-mbonnevie-1024x683.jpg 1024w, https:\/\/www.chantillyartsetelegance.com\/wp-content\/uploads\/2024\/01\/337-04980-2022-caerm-mbonnevie-768x512.jpg 768w\" sizes=\"auto, (max-width: 1200px) 100vw, 1200px\"><\/div>\n\t<\/div><\/figure>\n\n<\/div><div class=\"bde-text-4060-126 bde-text\">\nLe rail\n<\/div><div class=\"bde-text-4060-118 bde-text\">\nDepuis la Gare du Nord SNCF (25 minutes), descendre \u00e0 l'arr\u00eat \"Chantilly-Gouvieux\".\n<\/div>\n<\/div><div class=\"bde-div-4060-119 bde-div\">\n  \n  \n\t\n\n\n\n<div class=\"bde-image-4060-120 bde-image\">\n<figure class=\"breakdance-image breakdance-image--3468\">\n\t<div class=\"breakdance-image-container\">\n\t\t<div class=\"breakdance-image-clip\"><img loading=\"lazy\" decoding=\"async\" class=\"breakdance-image-object\" src=\"https:\/\/www.chantillyartsetelegance.com\/wp-content\/uploads\/2024\/01\/408-04841-2022-caerm-mbonnevie.jpg\" width=\"721\" height=\"1200\" srcset=\"https:\/\/www.chantillyartsetelegance.com\/wp-content\/uploads\/2024\/01\/408-04841-2022-caerm-mbonnevie.jpg 721w, https:\/\/www.chantillyartsetelegance.com\/wp-content\/uploads\/2024\/01\/408-04841-2022-caerm-mbonnevie-180x300.jpg 180w, https:\/\/www.chantillyartsetelegance.com\/wp-content\/uploads\/2024\/01\/408-04841-2022-caerm-mbonnevie-615x1024.jpg 615w\" sizes=\"auto, (max-width: 721px) 100vw, 721px\"><\/div>\n\t<\/div><\/figure>\n\n<\/div><div class=\"bde-text-4060-121 bde-text\">\nLes airs\n<\/div><div class=\"bde-text-4060-122 bde-text\">\nChantilly n'est qu'\u00e0 20 kilom\u00e8tres de l'a\u00e9roport Roissy Charles de Gaulle, ce qui est tr\u00e8s pratique pour les participants \u00e9trangers et les visiteurs.\n<\/div>\n<\/div>\n<\/div><\/div>\n<\/section>","protected":false},"excerpt":{"rendered":"<p>Acc\u00e8s et plan Chantilly, proche de Paris, est rapidement accessible, par la route, le rail et les airs Acc\u00e9der \u00e0 l&rsquo;h\u00e9bergement Adresse Ch\u00e2teau de Chantilly60500 Chantilly, FRCoordonn\u00e9es GPSLatitude : N49\u00b011.670Longitude : E002\u00b028.930 La route Chantilly est \u00e0 45 km de Paris &#8211; voir carte ci-dessous. Ouvrir gMaps Le rail Depuis la Gare du Nord SNCF [&hellip;]<\/p>\n","protected":false},"author":1,"featured_media":0,"parent":45,"menu_order":0,"comment_status":"closed","ping_status":"closed","template":"","meta":{"content-type":"","_breakdance_hide_in_design_set":false,"_breakdance_tags":"","footnotes":""},"class_list":["post-4060","page","type-page","status-publish","hentry"],"_links":{"self":[{"href":"https:\/\/www.chantillyartsetelegance.com\/fr\/wp-json\/wp\/v2\/pages\/4060","targetHints":{"allow":["GET"]}}],"collection":[{"href":"https:\/\/www.chantillyartsetelegance.com\/fr\/wp-json\/wp\/v2\/pages"}],"about":[{"href":"https:\/\/www.chantillyartsetelegance.com\/fr\/wp-json\/wp\/v2\/types\/page"}],"author":[{"embeddable":true,"href":"https:\/\/www.chantillyartsetelegance.com\/fr\/wp-json\/wp\/v2\/users\/1"}],"replies":[{"embeddable":true,"href":"https:\/\/www.chantillyartsetelegance.com\/fr\/wp-json\/wp\/v2\/comments?post=4060"}],"version-history":[{"count":5,"href":"https:\/\/www.chantillyartsetelegance.com\/fr\/wp-json\/wp\/v2\/pages\/4060\/revisions"}],"predecessor-version":[{"id":5338,"href":"https:\/\/www.chantillyartsetelegance.com\/fr\/wp-json\/wp\/v2\/pages\/4060\/revisions\/5338"}],"up":[{"embeddable":true,"href":"https:\/\/www.chantillyartsetelegance.com\/fr\/wp-json\/wp\/v2\/pages\/45"}],"wp:attachment":[{"href":"https:\/\/www.chantillyartsetelegance.com\/fr\/wp-json\/wp\/v2\/media?parent=4060"}],"curies":[{"name":"wp","href":"https:\/\/api.w.org\/{rel}","templated":true}]}}