{"id":4054,"date":"2024-08-13T09:45:44","date_gmt":"2024-08-13T09:45:44","guid":{"rendered":"https:\/\/www.chantillyartsetelegance.com\/?page_id=4054"},"modified":"2025-12-09T11:04:46","modified_gmt":"2025-12-09T10:04:46","slug":"dress-code","status":"publish","type":"page","link":"https:\/\/www.chantillyartsetelegance.com\/fr\/informations\/dress-code\/","title":{"rendered":"Dress code"},"content":{"rendered":"<section class=\"bde-section-4054-100 bde-section\">\n  \n  \n\t\n\n\n\n<div class=\"section-container\"><div class=\"bde-div-4054-101 bde-div\">\n  \n  \n\t\n\n\n\n<h4 class=\"bde-heading-4054-102 bde-heading\">\nDress code\n<\/h4><h3 class=\"bde-dual-heading-4054-103 bde-dual-heading\">\n\n\n            <span data-style=\"primary\" class=\"dual-heading--primary  \">Une journ\u00e9e d\u00e9di\u00e9e \u00e0 <\/span>\n\n            <span data-style=\"secondary\" class=\"dual-heading--secondary  \"> l'\u00e9l\u00e9gance<\/span>\n\n\n\n<\/h3><div class=\"bde-text-4054-104 bde-text\">\nLe d\u00e9fi consiste \u00e0 faire de ce dimanche une journ\u00e9e \u00e9l\u00e9gante \u00e0 la campagne ! Car l'\u00e9l\u00e9gance, il y en a pour tous les go\u00fbts. Oubliez la mini-jupe, le d\u00e9collet\u00e9 plongeant, le short et les baskets, l'\u00e9l\u00e9gance que nous souhaitons trouver est celle des tenues classiques et chics.<br><br>C'est vous qui donnerez vie au d\u00e9cor de l'\u00c9l\u00e9gant dimanche \u00e0 la campagne. Mais classique ne veut pas dire monotone, alors misez sur l'originalit\u00e9, la couleur, les chapeaux fleuris et les n\u0153uds papillon ! L'\u00e9l\u00e9gance se joue dans les moindres d\u00e9tails et cette journ\u00e9e est l'occasion de se parer de ses plus beaux accessoires.... \u00c9l\u00e9gants, bien s\u00fbr !<br>\n<\/div>\n<\/div><div class=\"bde-image-4054-105 bde-image\">\n<figure class=\"breakdance-image breakdance-image--1130\">\n\t<div class=\"breakdance-image-container\">\n\t\t<div class=\"breakdance-image-clip\"><img loading=\"lazy\" decoding=\"async\" class=\"breakdance-image-object\" src=\"https:\/\/www.chantillyartsetelegance.com\/wp-content\/uploads\/2022\/08\/dresscode-1024x633-png.png\" width=\"1024\" height=\"633\" srcset=\"https:\/\/www.chantillyartsetelegance.com\/wp-content\/uploads\/2022\/08\/dresscode-1024x633-png.png 1024w, https:\/\/www.chantillyartsetelegance.com\/wp-content\/uploads\/2022\/08\/dresscode-1024x633-png-300x185.png 300w, https:\/\/www.chantillyartsetelegance.com\/wp-content\/uploads\/2022\/08\/dresscode-1024x633-png-768x475.png 768w\" sizes=\"auto, (max-width: 1024px) 100vw, 1024px\"><\/div>\n\t<\/div><\/figure>\n\n<\/div><\/div>\n<\/section>","protected":false},"excerpt":{"rendered":"<p>Dress code Une journ\u00e9e d\u00e9di\u00e9e \u00e0 l&rsquo;\u00e9l\u00e9gance Le d\u00e9fi consiste \u00e0 faire de ce dimanche une journ\u00e9e \u00e9l\u00e9gante \u00e0 la campagne ! Car l&rsquo;\u00e9l\u00e9gance, il y en a pour tous les go\u00fbts. Oubliez la mini-jupe, le d\u00e9collet\u00e9 plongeant, le short et les baskets, l&rsquo;\u00e9l\u00e9gance que nous souhaitons trouver est celle des tenues classiques et chics.C&rsquo;est [&hellip;]<\/p>\n","protected":false},"author":1,"featured_media":0,"parent":45,"menu_order":0,"comment_status":"closed","ping_status":"closed","template":"","meta":{"content-type":"","_breakdance_hide_in_design_set":false,"_breakdance_tags":"","footnotes":""},"class_list":["post-4054","page","type-page","status-publish","hentry"],"_links":{"self":[{"href":"https:\/\/www.chantillyartsetelegance.com\/fr\/wp-json\/wp\/v2\/pages\/4054","targetHints":{"allow":["GET"]}}],"collection":[{"href":"https:\/\/www.chantillyartsetelegance.com\/fr\/wp-json\/wp\/v2\/pages"}],"about":[{"href":"https:\/\/www.chantillyartsetelegance.com\/fr\/wp-json\/wp\/v2\/types\/page"}],"author":[{"embeddable":true,"href":"https:\/\/www.chantillyartsetelegance.com\/fr\/wp-json\/wp\/v2\/users\/1"}],"replies":[{"embeddable":true,"href":"https:\/\/www.chantillyartsetelegance.com\/fr\/wp-json\/wp\/v2\/comments?post=4054"}],"version-history":[{"count":3,"href":"https:\/\/www.chantillyartsetelegance.com\/fr\/wp-json\/wp\/v2\/pages\/4054\/revisions"}],"predecessor-version":[{"id":5335,"href":"https:\/\/www.chantillyartsetelegance.com\/fr\/wp-json\/wp\/v2\/pages\/4054\/revisions\/5335"}],"up":[{"embeddable":true,"href":"https:\/\/www.chantillyartsetelegance.com\/fr\/wp-json\/wp\/v2\/pages\/45"}],"wp:attachment":[{"href":"https:\/\/www.chantillyartsetelegance.com\/fr\/wp-json\/wp\/v2\/media?parent=4054"}],"curies":[{"name":"wp","href":"https:\/\/api.w.org\/{rel}","templated":true}]}}