{"id":4047,"date":"2024-08-13T09:43:14","date_gmt":"2024-08-13T09:43:14","guid":{"rendered":"https:\/\/www.chantillyartsetelegance.com\/?page_id=4047"},"modified":"2025-12-09T11:05:03","modified_gmt":"2025-12-09T10:05:03","slug":"hebergement","status":"publish","type":"page","link":"https:\/\/www.chantillyartsetelegance.com\/fr\/informations\/hebergement\/","title":{"rendered":"H\u00e9bergement"},"content":{"rendered":"<section class=\"bde-section-4047-100 bde-section\">\n  \n  \n\t\n\n\n\n<div class=\"section-container\"><h4 id=\"hebergement\" class=\"bde-heading-4047-101 bde-heading\">\nH\u00e9bergement\n<\/h4><div class=\"bde-div-4047-102 bde-div\">\n  \n  \n\t\n\n\n\n<div class=\"bde-button-4047-107 bde-button\">\n        \n    \n    \n    \n    \n            \n                    \n            \n            \n\n    \n    \n    \n    \n    \n    <a class=\"breakdance-link button-atom button-atom--secondary bde-button__button\" href=\"\/fr\/informations\/acces\/\" target=\"_self\" data-type=\"url\"  >\n\n    \n        <span class=\"button-atom__text\">Comment acc\u00e9der \u00e0 l'\u00e9venement ?<\/span>\n\n        \n        \n                <\/a>\n\n    \n\n\n<\/div><div class=\"bde-rich-text-4047-103 bde-rich-text breakdance-rich-text-styles\">\n<p><strong>Revolugo<\/strong>\u00a0est l\u2019agence de voyage partenaire officielle de\u00a0<strong>Peter Auto<\/strong>, organisateur de Chantilly Arts &amp; Elegance Richard Mille<strong>.<\/strong>\u00a0 Afin de b\u00e9n\u00e9ficier de tarifs exclusifs, et du fait d\u2019une forte demande pendant la p\u00e9riode de l\u2019\u00e9v\u00e8nement, nous vous recommandons de r\u00e9server votre s\u00e9jour le plus t\u00f4t possible.<\/p><p>Outre les h\u00f4tels apparaissant ci-dessous, <a href=\"https:\/\/www.revolugo.com\/\">Revolugo<\/a> peut vous r\u00e9server un h\u00f4tel plus abordable.<br \/>Pour tout renseignement ou assistance : \u00a0<strong>+33 6 33 32 30 25<\/strong>\u00a0ou envoyer un mail \u00e0\u00a0<a href=\"mailto:isaure@revolugo.com\">Isaure@revolugo.com<\/a>.<\/p>\n<\/div>\n<\/div><div class=\"bde-code-block-4047-105 bde-code-block\">\n\n  <script id=\"revolugo-widget\" src=\"https:\/\/widget.revolugo.com\/embed\" data-wid=\"chantilly-art-and-elegance-2026\"><\/script>\n\n\n<\/div><div class=\"bde-text-4047-106 bde-text\">\nVotre r\u00e9servation, vos donn\u00e9es et informations personnelles sont prot\u00e9g\u00e9es et s\u00e9curis\u00e9es.\n<\/div><\/div>\n<\/section>","protected":false},"excerpt":{"rendered":"<p>H\u00e9bergement Comment acc\u00e9der \u00e0 l&rsquo;\u00e9venement ? Revolugo\u00a0est l\u2019agence de voyage partenaire officielle de\u00a0Peter Auto, organisateur de Chantilly Arts &amp; Elegance Richard Mille.\u00a0 Afin de b\u00e9n\u00e9ficier de tarifs exclusifs, et du fait d\u2019une forte demande pendant la p\u00e9riode de l\u2019\u00e9v\u00e8nement, nous vous recommandons de r\u00e9server votre s\u00e9jour le plus t\u00f4t possible.Outre les h\u00f4tels apparaissant ci-dessous, Revolugo [&hellip;]<\/p>\n","protected":false},"author":1,"featured_media":0,"parent":45,"menu_order":0,"comment_status":"closed","ping_status":"closed","template":"","meta":{"_breakdance_hide_in_design_set":false,"_breakdance_tags":"","footnotes":""},"class_list":["post-4047","page","type-page","status-publish","hentry"],"_links":{"self":[{"href":"https:\/\/www.chantillyartsetelegance.com\/fr\/wp-json\/wp\/v2\/pages\/4047","targetHints":{"allow":["GET"]}}],"collection":[{"href":"https:\/\/www.chantillyartsetelegance.com\/fr\/wp-json\/wp\/v2\/pages"}],"about":[{"href":"https:\/\/www.chantillyartsetelegance.com\/fr\/wp-json\/wp\/v2\/types\/page"}],"author":[{"embeddable":true,"href":"https:\/\/www.chantillyartsetelegance.com\/fr\/wp-json\/wp\/v2\/users\/1"}],"replies":[{"embeddable":true,"href":"https:\/\/www.chantillyartsetelegance.com\/fr\/wp-json\/wp\/v2\/comments?post=4047"}],"version-history":[{"count":5,"href":"https:\/\/www.chantillyartsetelegance.com\/fr\/wp-json\/wp\/v2\/pages\/4047\/revisions"}],"predecessor-version":[{"id":5336,"href":"https:\/\/www.chantillyartsetelegance.com\/fr\/wp-json\/wp\/v2\/pages\/4047\/revisions\/5336"}],"up":[{"embeddable":true,"href":"https:\/\/www.chantillyartsetelegance.com\/fr\/wp-json\/wp\/v2\/pages\/45"}],"wp:attachment":[{"href":"https:\/\/www.chantillyartsetelegance.com\/fr\/wp-json\/wp\/v2\/media?parent=4047"}],"curies":[{"name":"wp","href":"https:\/\/api.w.org\/{rel}","templated":true}]}}