{"id":4016,"date":"2024-08-12T10:13:52","date_gmt":"2024-08-12T10:13:52","guid":{"rendered":"https:\/\/www.chantillyartsetelegance.com\/?page_id=4016"},"modified":"2025-12-10T16:06:37","modified_gmt":"2025-12-10T15:06:37","slug":"programme","status":"publish","type":"page","link":"https:\/\/www.chantillyartsetelegance.com\/fr\/informations\/programme\/","title":{"rendered":"Programme"},"content":{"rendered":"<section class=\"bde-section-4016-191 bde-section\">\n  \n  \n\t\n\n\n\n<div class=\"section-container\"><div class=\"bde-div-4016-229 bde-div\">\n  \n  \n\t\n\n\n\n<h1 class=\"bde-heading-4016-102 bde-heading\">\nAnimations\n<\/h1><h1 class=\"bde-heading-4016-233 bde-heading\">\n13 septembre 2026\n<\/h1><h1 class=\"bde-heading-4016-235 bde-heading\">\nde 9:00 \u00e0 18:00\n<\/h1>\n<\/div><div class=\"bde-rich-text-4016-228 bde-rich-text breakdance-rich-text-styles\">\n<ul><li><strong>Animations<\/strong> pour enfants<\/li><li><strong>F\u00eate <\/strong>foraine<\/li><li>Ateliers chapeaux, maquillage<\/li><li>Atelier Confection de Bouquets<\/li><li>Bapt\u00eames en <strong>montgolfi\u00e8re<\/strong><\/li><li>Animation <strong>Cr\u00e8me Chantilly<\/strong><\/li><li>P\u00e9tanque, M\u00f6lkky, Cornhole et Palet breton<\/li><li>Balades en <strong>cal\u00e8che<\/strong><\/li><li>Groupes de <strong>musiciens itin\u00e9rants<\/strong><\/li><li>Compagnie de <strong>Cirque<\/strong><\/li><li>Spectacle de <strong>magicien<\/strong><\/li><li>D\u00e9monstration &amp; initiation aux claquettes<\/li><li>Spectacle <strong>d\u2019escrime<\/strong><\/li><li>Spectacle <strong>\u00e9questre<\/strong><\/li><li><strong>Libre acc\u00e8s au Ch\u00e2teau :<\/strong> exposition temporaire<\/li><\/ul>\n<\/div><\/div>\n<\/section><section class=\"bde-section-4016-192 bde-section\">\n  \n  \n\t\n\n\n\n<div class=\"section-container\"><div class=\"bde-fancy-divider-4016-101 bde-fancy-divider\">\n\n\n<div class=\"bde-fancy-divider__wrapper\">\n  <div class=\"bde-fancy-divider__separator   \">\n  \t  <\/div>\n<\/div>\n\n<\/div><\/div>\n<\/section><section class=\"bde-section-4016-100 bde-section\">\n  \n  \n\t\n\n\n\n<div class=\"section-container\"><h1 class=\"bde-heading-4016-103 bde-heading\">\nProgramme\n<\/h1><h1 class=\"bde-heading-4016-234 bde-heading\">\n13 septembre 2026\n<\/h1><h4 class=\"bde-heading-4016-236 bde-heading\">\nLes horaires sont pr\u00e9cis\u00e9s<br>\u00e0 titre indicatif\n<\/h4><div class=\"bde-div-4016-182 bde-div\">\n  \n  \n\t\n\n\n\n<div class=\"bde-div-4016-183 bde-div\">\n  \n  \n\t\n\n\n\n<div class=\"bde-text-4016-184 bde-text\">\nOuverture du Domaine au public\n<\/div>\n<\/div><div class=\"bde-div-4016-187 bde-div\">\n  \n  \n\t\n\n\n\n<div class=\"bde-text-4016-188 bde-text\">\n09:00\n<\/div>\n<\/div>\n<\/div><div class=\"bde-fancy-divider-4016-217 bde-fancy-divider\">\n\n\n<div class=\"bde-fancy-divider__wrapper\">\n  <div class=\"bde-fancy-divider__separator   \">\n  \t  <\/div>\n<\/div>\n\n<\/div><div class=\"bde-div-4016-115 bde-div\">\n  \n  \n\t\n\n\n\n<div class=\"bde-div-4016-124 bde-div\">\n  \n  \n\t\n\n\n\n<div class=\"bde-div-4016-211 bde-div\">\n  \n  \n\t\n\n\n\n<h3 class=\"bde-heading-4016-123 bde-heading\">\nConcours d'Etat\n<\/h3><div class=\"bde-text-4016-212 bde-text\">\nMiroir central\n<\/div>\n<\/div><div class=\"bde-text-4016-122 bde-text\">\nD\u00e9fil\u00e9 \"Les Plus belles Voitures du Monde\" par classe et remise des prix\n<\/div><a class=\"bde-text-link-4016-195 bde-text-link breakdance-link\" href=\"https:\/\/www.chantillyartsetelegance.com\/fr\/concours\/#concoursetat\" target=\"_self\" data-type=\"url\">\n  En savoir plus\n\n<\/a>\n<\/div><div class=\"bde-div-4016-125 bde-div\">\n  \n  \n\t\n\n\n\n<div class=\"bde-text-4016-127 bde-text\">\n11:30 - 12:00\n<\/div>\n<\/div>\n<\/div><div class=\"bde-fancy-divider-4016-218 bde-fancy-divider\">\n\n\n<div class=\"bde-fancy-divider__wrapper\">\n  <div class=\"bde-fancy-divider__separator   \">\n  \t  <\/div>\n<\/div>\n\n<\/div><div class=\"bde-div-4016-128 bde-div\">\n  \n  \n\t\n\n\n\n<div class=\"bde-div-4016-129 bde-div\">\n  \n  \n\t\n\n\n\n<h3 class=\"bde-heading-4016-130 bde-heading\">\nGarden Party\n<\/h3><div class=\"bde-text-4016-131 bde-text\">\nPour les propri\u00e9taires de voitures de Clubs, spectateurs et hospitalit\u00e9s VIP !\n<\/div><a class=\"bde-text-link-4016-194 bde-text-link breakdance-link\" href=\"https:\/\/www.peterauto.fr\/boutique\/packages\/garden-party-chantilly-arts-elegance-richard-mille\/#offre\" target=\"_self\" data-type=\"url\">\n  En savoir plus\n\n<\/a>\n<\/div><div class=\"bde-div-4016-132 bde-div\">\n  \n  \n\t\n\n\n\n<div class=\"bde-text-4016-133 bde-text\">\n11:30 - 14:30\n<\/div>\n<\/div>\n<\/div><div class=\"bde-fancy-divider-4016-220 bde-fancy-divider\">\n\n\n<div class=\"bde-fancy-divider__wrapper\">\n  <div class=\"bde-fancy-divider__separator   \">\n  \t  <\/div>\n<\/div>\n\n<\/div><div class=\"bde-div-4016-146 bde-div\">\n  \n  \n\t\n\n\n\n<div class=\"bde-div-4016-147 bde-div\">\n  \n  \n\t\n\n\n\n<div class=\"bde-div-4016-214 bde-div\">\n  \n  \n\t\n\n\n\n<h3 class=\"bde-heading-4016-148 bde-heading\">\nSpectacle Equestre\n<\/h3>\n<\/div>\n<\/div><div class=\"bde-div-4016-150 bde-div\">\n  \n  \n\t\n\n\n\n<div class=\"bde-text-4016-151 bde-text\">\n15:30 - 16:00\n<\/div>\n<\/div>\n<\/div><div class=\"bde-fancy-divider-4016-222 bde-fancy-divider\">\n\n\n<div class=\"bde-fancy-divider__wrapper\">\n  <div class=\"bde-fancy-divider__separator   \">\n  \t  <\/div>\n<\/div>\n\n<\/div><div class=\"bde-div-4016-152 bde-div\">\n  \n  \n\t\n\n\n\n<div class=\"bde-div-4016-153 bde-div\">\n  \n  \n\t\n\n\n\n<h3 class=\"bde-heading-4016-154 bde-heading\">\nConcours d'Etat\n<\/h3><div class=\"bde-text-4016-155 bde-text\">\nParade des vainqueurs de classe\n<\/div><a class=\"bde-text-link-4016-198 bde-text-link breakdance-link\" href=\"https:\/\/www.chantillyartsetelegance.com\/fr\/concours\/#concoursetat\" target=\"_self\" data-type=\"url\">\n  En savoir plus\n\n<\/a>\n<\/div><div class=\"bde-div-4016-156 bde-div\">\n  \n  \n\t\n\n\n\n<div class=\"bde-text-4016-157 bde-text\">\n16:00 - 16:45\n<\/div>\n<\/div>\n<\/div><div class=\"bde-fancy-divider-4016-223 bde-fancy-divider\">\n\n\n<div class=\"bde-fancy-divider__wrapper\">\n  <div class=\"bde-fancy-divider__separator   \">\n  \t  <\/div>\n<\/div>\n\n<\/div><div class=\"bde-div-4016-158 bde-div\">\n  \n  \n\t\n\n\n\n<div class=\"bde-div-4016-159 bde-div\">\n  \n  \n\t\n\n\n\n<h3 class=\"bde-heading-4016-160 bde-heading\">\nGrand Prix des Clubs & Prix sp\u00e9ciaux\n<\/h3><div class=\"bde-text-4016-161 bde-text\">\nParades de l\u2019une des voitures du Club gagnant et de la voiture du Prix Sp\u00e9cial FFVE\n<\/div><div class=\"bde-text-4016-164 bde-text\">\nPrix du plus beau chapeau\n<\/div><a class=\"bde-text-link-4016-199 bde-text-link breakdance-link\" href=\"https:\/\/www.chantillyartsetelegance.com\/fr\/concours\/#gpclubs\" target=\"_self\" data-type=\"url\">\n  En savoir plus\n\n<\/a>\n<\/div><div class=\"bde-div-4016-162 bde-div\">\n  \n  \n\t\n\n\n\n<div class=\"bde-text-4016-163 bde-text\">\n16:45 - 17:00\n<\/div>\n<\/div>\n<\/div><div class=\"bde-fancy-divider-4016-224 bde-fancy-divider\">\n\n\n<div class=\"bde-fancy-divider__wrapper\">\n  <div class=\"bde-fancy-divider__separator   \">\n  \t  <\/div>\n<\/div>\n\n<\/div><div class=\"bde-div-4016-166 bde-div\">\n  \n  \n\t\n\n\n\n<div class=\"bde-div-4016-167 bde-div\">\n  \n  \n\t\n\n\n\n<div class=\"bde-div-4016-216 bde-div\">\n  \n  \n\t\n\n\n\n<h3 class=\"bde-heading-4016-168 bde-heading\">\nRemise des Best of Show\n<\/h3>\n<\/div><div class=\"bde-text-4016-170 bde-text\">\nConcours d\u2019Etat \"Les Plus Belles Voitures du Monde\"\n<\/div><a class=\"bde-text-link-4016-200 bde-text-link breakdance-link\" href=\"https:\/\/www.chantillyartsetelegance.com\/fr\/concours\/\" target=\"_self\" data-type=\"url\">\n  En savoir plus\n\n<\/a>\n<\/div><div class=\"bde-div-4016-172 bde-div\">\n  \n  \n\t\n\n\n\n<div class=\"bde-text-4016-173 bde-text\">\n17:00 \u2013 17:15\n<\/div>\n<\/div>\n<\/div><div class=\"bde-fancy-divider-4016-225 bde-fancy-divider\">\n\n\n<div class=\"bde-fancy-divider__wrapper\">\n  <div class=\"bde-fancy-divider__separator   \">\n  \t  <\/div>\n<\/div>\n\n<\/div><div class=\"bde-div-4016-201 bde-div\">\n  \n  \n\t\n\n\n\n<div class=\"bde-div-4016-202 bde-div\">\n  \n  \n\t\n\n\n\n<div class=\"bde-text-4016-203 bde-text\">\nFermeture du Domaine au public\n<\/div>\n<\/div><div class=\"bde-div-4016-204 bde-div\">\n  \n  \n\t\n\n\n\n<div class=\"bde-text-4016-205 bde-text\">\n18:00\n<\/div>\n<\/div>\n<\/div><\/div>\n<\/section>","protected":false},"excerpt":{"rendered":"<p>Animations 13 septembre 2026 de 9:00 \u00e0 18:00 Animations pour enfantsF\u00eate foraineAteliers chapeaux, maquillageAtelier Confection de BouquetsBapt\u00eames en montgolfi\u00e8reAnimation Cr\u00e8me ChantillyP\u00e9tanque, M\u00f6lkky, Cornhole et Palet bretonBalades en cal\u00e8cheGroupes de musiciens itin\u00e9rantsCompagnie de CirqueSpectacle de magicienD\u00e9monstration &amp; initiation aux claquettesSpectacle d\u2019escrimeSpectacle \u00e9questreLibre acc\u00e8s au Ch\u00e2teau : exposition temporaire Programme 13 septembre 2026 Les horaires sont pr\u00e9cis\u00e9s\u00e0 [&hellip;]<\/p>\n","protected":false},"author":1,"featured_media":0,"parent":45,"menu_order":0,"comment_status":"closed","ping_status":"closed","template":"","meta":{"_breakdance_hide_in_design_set":false,"_breakdance_tags":"","footnotes":""},"class_list":["post-4016","page","type-page","status-publish","hentry"],"_links":{"self":[{"href":"https:\/\/www.chantillyartsetelegance.com\/fr\/wp-json\/wp\/v2\/pages\/4016","targetHints":{"allow":["GET"]}}],"collection":[{"href":"https:\/\/www.chantillyartsetelegance.com\/fr\/wp-json\/wp\/v2\/pages"}],"about":[{"href":"https:\/\/www.chantillyartsetelegance.com\/fr\/wp-json\/wp\/v2\/types\/page"}],"author":[{"embeddable":true,"href":"https:\/\/www.chantillyartsetelegance.com\/fr\/wp-json\/wp\/v2\/users\/1"}],"replies":[{"embeddable":true,"href":"https:\/\/www.chantillyartsetelegance.com\/fr\/wp-json\/wp\/v2\/comments?post=4016"}],"version-history":[{"count":6,"href":"https:\/\/www.chantillyartsetelegance.com\/fr\/wp-json\/wp\/v2\/pages\/4016\/revisions"}],"predecessor-version":[{"id":5516,"href":"https:\/\/www.chantillyartsetelegance.com\/fr\/wp-json\/wp\/v2\/pages\/4016\/revisions\/5516"}],"up":[{"embeddable":true,"href":"https:\/\/www.chantillyartsetelegance.com\/fr\/wp-json\/wp\/v2\/pages\/45"}],"wp:attachment":[{"href":"https:\/\/www.chantillyartsetelegance.com\/fr\/wp-json\/wp\/v2\/media?parent=4016"}],"curies":[{"name":"wp","href":"https:\/\/api.w.org\/{rel}","templated":true}]}}