{"id":3089,"date":"2024-01-22T13:05:27","date_gmt":"2024-01-22T13:05:27","guid":{"rendered":"https:\/\/www.chantillyartsetelegance.com\/contact\/"},"modified":"2025-12-09T10:58:27","modified_gmt":"2025-12-09T09:58:27","slug":"contact","status":"publish","type":"page","link":"https:\/\/www.chantillyartsetelegance.com\/fr\/contact\/","title":{"rendered":"Contact"},"content":{"rendered":"<section class=\"bde-section-3089-104 bde-section\">\n  \n  \n\t\n\n\n\n<div class=\"section-container\"><h3 class=\"bde-dual-heading-3089-118 bde-dual-heading\">\n\n\n            <span data-style=\"primary\" class=\"dual-heading--primary  \">Pour tous renseignements,<\/span>\n\n            <span data-style=\"secondary\" class=\"dual-heading--secondary  \">remplissez les champs<\/span>\n\n            <span data-style=\"primary\" class=\"dual-heading--primary  \"> et nous vous r\u00e9pondrons sous peu.<\/span>\n\n\n\n<\/h3><div class=\"bde-columns-3089-115 bde-columns\"><div class=\"bde-column-3089-122 bde-column\">\n  \n  \n\t\n\n\n\n<div class=\"bde-image-3089-123 bde-image\">\n<figure class=\"breakdance-image breakdance-image--2398\">\n\t<div class=\"breakdance-image-container\">\n\t\t<div class=\"breakdance-image-clip\"><img loading=\"lazy\" decoding=\"async\" class=\"breakdance-image-object\" src=\"https:\/\/www.chantillyartsetelegance.com\/wp-content\/uploads\/2022\/11\/114019-2022-caerm-galerie-mbonnevie.jpg\" width=\"1280\" height=\"1920\" srcset=\"https:\/\/www.chantillyartsetelegance.com\/wp-content\/uploads\/2022\/11\/114019-2022-caerm-galerie-mbonnevie.jpg 1280w, https:\/\/www.chantillyartsetelegance.com\/wp-content\/uploads\/2022\/11\/114019-2022-caerm-galerie-mbonnevie-200x300.jpg 200w, https:\/\/www.chantillyartsetelegance.com\/wp-content\/uploads\/2022\/11\/114019-2022-caerm-galerie-mbonnevie-683x1024.jpg 683w, https:\/\/www.chantillyartsetelegance.com\/wp-content\/uploads\/2022\/11\/114019-2022-caerm-galerie-mbonnevie-768x1152.jpg 768w, https:\/\/www.chantillyartsetelegance.com\/wp-content\/uploads\/2022\/11\/114019-2022-caerm-galerie-mbonnevie-1024x1536.jpg 1024w\" sizes=\"auto, (max-width: 1280px) 100vw, 1280px\"><\/div>\n\t<\/div><\/figure>\n\n<\/div>\n<\/div><div class=\"bde-column-3089-116 bde-column\">\n  \n  \n\t\n\n\n\n<h1 class=\"bde-heading-3089-128 bde-heading\">Contact<\/h1><div class=\"bde-code-block-3089-149 bde-code-block\">\n\n  <div style=\"width:100%;height:500px;\" data-fillout-id=\"qkLSHfDhKqus\" data-fillout-embed-type=\"standard\" data-fillout-inherit-parameters data-fillout-dynamic-resize><\/div><script src=\"https:\/\/server.fillout.com\/embed\/v1\/\"><\/script>\n\n\n<\/div>\n<\/div><\/div><\/div>\n<\/section><section class=\"bde-section-3089-140 bde-section\">\n  \n  \n\t\n\n\n\n<div class=\"section-container\"><div class=\"bde-columns-3089-154 bde-columns\"><div class=\"bde-column-3089-155 bde-column\">\n  \n  \n\t\n\n\n\n<h4 class=\"bde-heading-3089-142 bde-heading\">\nCoordonn\u00e9es\n<\/h4><div class=\"bde-rich-text-3089-145 bde-rich-text breakdance-rich-text-styles\">\n<p>Soci\u00e9t\u00e9 : Peter Auto<br \/>103 rue Lamarck, 75018 Paris, France<br \/>T\u00e9l\u00e9phone : 01 42 59 73 40<br \/>Email : <a href=\"mailto:info@artsetelegance.com\">info@artsetelegance.com<\/a><\/p>\n<\/div>\n<\/div><div class=\"bde-column-3089-156 bde-column\">\n  \n  \n\t\n\n\n\n<h4 class=\"bde-heading-3089-151 bde-heading\">\nRelation presse\n<\/h4><div class=\"bde-rich-text-3089-152 bde-rich-text breakdance-rich-text-styles\">\n<p><strong>R\u00e9f\u00e9rente :<\/strong> Charlotte Ranson<br \/>103 rue Lamarck, 75018 Paris, France<br \/>T\u00e9l\u00e9phone : 01 42 59 73 40<br \/>Email : <a href=\"media@peterauto.fr\">media@peterauto.fr<\/a><\/p>\n<\/div><div class=\"bde-button-3089-153 bde-button\">\n        \n    \n    \n    \n    \n            \n                    \n            \n            \n\n    \n    \n    \n    \n    \n    <a class=\"breakdance-link button-atom button-atom--secondary bde-button__button\" href=\"\/fr\/accreditations\/\" target=\"_self\" data-type=\"url\"  >\n\n    \n        <span class=\"button-atom__text\">Accr\u00e9ditations<\/span>\n\n        \n        \n                <\/a>\n\n    \n\n\n<\/div>\n<\/div><\/div><\/div>\n<\/section>","protected":false},"excerpt":{"rendered":"<p>Pour tous renseignements, remplissez les champs et nous vous r\u00e9pondrons sous peu. Contact Coordonn\u00e9es Soci\u00e9t\u00e9 : Peter Auto103 rue Lamarck, 75018 Paris, FranceT\u00e9l\u00e9phone : 01 42 59 73 40Email : info@artsetelegance.com Relation presse R\u00e9f\u00e9rente : Charlotte Ranson103 rue Lamarck, 75018 Paris, FranceT\u00e9l\u00e9phone : 01 42 59 73 40Email : media@peterauto.fr Accr\u00e9ditations<\/p>\n","protected":false},"author":1,"featured_media":0,"parent":0,"menu_order":0,"comment_status":"closed","ping_status":"closed","template":"","meta":{"_breakdance_hide_in_design_set":false,"_breakdance_tags":"","footnotes":""},"class_list":["post-3089","page","type-page","status-publish","hentry"],"_links":{"self":[{"href":"https:\/\/www.chantillyartsetelegance.com\/fr\/wp-json\/wp\/v2\/pages\/3089","targetHints":{"allow":["GET"]}}],"collection":[{"href":"https:\/\/www.chantillyartsetelegance.com\/fr\/wp-json\/wp\/v2\/pages"}],"about":[{"href":"https:\/\/www.chantillyartsetelegance.com\/fr\/wp-json\/wp\/v2\/types\/page"}],"author":[{"embeddable":true,"href":"https:\/\/www.chantillyartsetelegance.com\/fr\/wp-json\/wp\/v2\/users\/1"}],"replies":[{"embeddable":true,"href":"https:\/\/www.chantillyartsetelegance.com\/fr\/wp-json\/wp\/v2\/comments?post=3089"}],"version-history":[{"count":5,"href":"https:\/\/www.chantillyartsetelegance.com\/fr\/wp-json\/wp\/v2\/pages\/3089\/revisions"}],"predecessor-version":[{"id":5329,"href":"https:\/\/www.chantillyartsetelegance.com\/fr\/wp-json\/wp\/v2\/pages\/3089\/revisions\/5329"}],"wp:attachment":[{"href":"https:\/\/www.chantillyartsetelegance.com\/fr\/wp-json\/wp\/v2\/media?parent=3089"}],"curies":[{"name":"wp","href":"https:\/\/api.w.org\/{rel}","templated":true}]}}