{"id":17,"date":"2022-07-06T12:16:51","date_gmt":"2022-07-06T12:16:51","guid":{"rendered":"https:\/\/www.chantillyartsetelegance.com\/?page_id=17"},"modified":"2025-12-09T11:08:03","modified_gmt":"2025-12-09T10:08:03","slug":"mentions-legales","status":"publish","type":"page","link":"https:\/\/www.chantillyartsetelegance.com\/fr\/mentions-legales\/","title":{"rendered":"Mentions l\u00e9gales"},"content":{"rendered":"<section class=\"bde-section-17-100 bde-section\">\n  \n  \n\t\n\n\n\n<div class=\"section-container\"><h4 class=\"bde-heading-17-102 bde-heading\">Mentions l\u00e9gales<\/h4><div class=\"bde-text-17-115 bde-text\">\nLe pr\u00e9sent site, accessible \u00e0 l\u2019URL www.chantillyartsetelegance.com (le \u00ab Site \u00bb), est \u00e9dit\u00e9 par :<br>Peter Auto , soci\u00e9t\u00e9 au capital de 80000 euros, inscrite au R.C.S. de PARIS sous le num\u00e9ro 389 751 298, dont le si\u00e8ge social est situ\u00e9 au 103 rue Lamarck 75018 Paris, repr\u00e9sent\u00e9(e) par Patrick Peter d\u00fbment habilit\u00e9(e). Le num\u00e9ro individuel TVA de l\u2019\u00e9diteur est : FR95389751298.\n<\/div><h5 class=\"bde-heading-17-103 bde-heading\">\nH\u00e9bergement\n<\/h5><div class=\"bde-text-17-123 bde-text\">\nLe Site est h\u00e9berg\u00e9 par la soci\u00e9t\u00e9 Kinsta, situ\u00e9 8605 Santa Monica Blvd #92581 West Hollywood, CA, 90069-4109 United States, (contact t\u00e9l\u00e9phonique ou email : +18886102915).\n<\/div><h5 class=\"bde-heading-17-104 bde-heading\">\nDirecteur de publication\n<\/h5><div class=\"bde-text-17-122 bde-text\">\nLe Directeur de la publication du Site est Marc Ouayoun.\n<\/div><h5 class=\"bde-heading-17-105 bde-heading\">\nNous contacter\n<\/h5><div class=\"bde-text-17-121 bde-text\">\nPar t\u00e9l\u00e9phone : +33142597340<br>Par email : info@peter.fr<br>Par courrier : 103 rue Lamarck 75018 Paris\n<\/div><h5 class=\"bde-heading-17-106 bde-heading\">\nDonn\u00e9es personnelles\n<\/h5><div class=\"bde-text-17-120 bde-text\">\nLe traitement de vos donn\u00e9es \u00e0 caract\u00e8re personnel est r\u00e9gi par notre Charte du respect de la vie priv\u00e9e, disponible depuis la section \u00ab Charte de Protection des Donn\u00e9es Personnelles \u00bb, conform\u00e9ment au R\u00e8glement G\u00e9n\u00e9ral sur la Protection des Donn\u00e9es 2016\/679 du 27 avril 2016 (\u00abRGPD\u00bb).\n<\/div><h3 class=\"bde-heading-17-107 bde-heading\">\nInformations nominatives\n<\/h3><div class=\"bde-text-17-119 bde-text\">\nToute personne dispose d\u2019un droit d\u2019acc\u00e8s, de modification, de rectification et de suppression des donn\u00e9es qui la concerne (article 34 de la loi \u00ab Informatique et Libert\u00e9s \u00bb du 6 janvier 1978). Pour exercer ce droit, adressez-vous \u00e0 : Peter Auto \u2013 103 rue Lamarck \u2014 75018 Paris.<br><br>Conform\u00e9ment \u00e0 la loi du 78-17 du 06\/01\/1978 relative \u00e0 l\u2019informatique, aux fichiers et aux libert\u00e9s, le pr\u00e9sent site a fait l\u2019objet d\u2019une d\u00e9claration \u00e0 la CNIL. La Soci\u00e9t\u00e9 Peter Auto pourra \u00e0 toutes fins de preuve conserver et archiver de mani\u00e8re confidentielle les donn\u00e9es du client.<br>\n<\/div><h3 class=\"bde-heading-17-108 bde-heading\">\nPropri\u00e9t\u00e9 intellectuelle\n<\/h3><div class=\"bde-text-17-118 bde-text\">\nLe site est la propri\u00e9t\u00e9 exclusive de la soci\u00e9t\u00e9 Peter Auto, seule habilit\u00e9e \u00e0 utiliser et exploiter les droits de propri\u00e9t\u00e9 intellectuelle et droits de la personnalit\u00e9 attach\u00e9s \u00e0 ce site, notamment les marques, dessins et mod\u00e8les, droits d\u2019auteur et droit \u00e0 l\u2019image, \u00e0 titre originaire ou par l\u2019effet d\u2019une cession ou d\u2019une licence d\u2019exploitation.<br><br>L\u2019usage de tout ou partie du site, notamment par t\u00e9l\u00e9chargement, reproduction, transmission ou repr\u00e9sentation \u00e0 d\u2019autres fins que pour usage personnel et priv\u00e9 dans un but non commercial est strictement interdit.<br>\n<\/div><h3 class=\"bde-heading-17-109 bde-heading\">\nCr\u00e9dits photos\n<\/h3><div class=\"bde-text-17-117 bde-text\">\nToutes les images pr\u00e9sentes sur ce site web sont soumises \u00e0 un copyright.<br>St\u00e9phanie B\u00e9zard, Mathieu Bonnevie, Laurent Nivalle, G\u00f6tz Goppert, Nicolas Br\u00e9maud.<br>Liens hypertextes<br><br>\n<\/div><h3 class=\"bde-heading-17-110 bde-heading\">\nCookies\n<\/h3><div class=\"bde-text-17-116 bde-text\">\nEn application des dispositions de la directive 2002\/58\/CE, Peter Auto utilise des cookies \u00e0 des fins d\u2019identifications personnelles. Ces cookies resteront stock\u00e9s dans l\u2019ordinateur de l\u2019internaute pendant cinq (5) ans, \u00e0 moins que l\u2019internaute ne les supprime. Tout internaute \u00e0 la possibilit\u00e9 de refuser ces cookies en cliquant sur le bouton \u00ab supprimer les cookies \u00bb dans les options Internet\/onglet : confidentialit\u00e9, sachant que l\u2019utilisation du site pourra s\u2019en trouver limit\u00e9e. Un cookie ne nous permet pas de vous identifier. De mani\u00e8re g\u00e9n\u00e9rale, il enregistre des informations relatives \u00e0 la navigation de votre ordinateur sur notre site (les pages que vous avez consult\u00e9es, la date et l\u2019heure de la consultation, etc.) que nous pourrons lire lors de vos visites ult\u00e9rieures.<br><br>Cette politique de cookies a \u00e9t\u00e9 mise \u00e0 jour pour la derni\u00e8re fois le 19\/10\/2023 et s\u2019applique aux citoyens et aux r\u00e9sidents permanents l\u00e9gaux de l\u2019Espace \u00c9conomique Europ\u00e9en et de la Suisse.\n<\/div><h3 class=\"bde-heading-17-111 bde-heading\">\nResponsabilit\u00e9 de Peter Auto\n<\/h3><div class=\"bde-text-17-114 bde-text\">\nDans les conditions autoris\u00e9es par la loi, la soci\u00e9t\u00e9 Peter Auto n\u2019encourt aucune responsabilit\u00e9 : Pour toute impr\u00e9cision, inexactitude, omission ou pour tous dommages r\u00e9sultant d\u2019une intrusion d\u2019un tiers ayant entra\u00een\u00e9 une modification des informations mises \u00e0 disposition sur le site. En cas de dommages provoqu\u00e9s \u00e0 raison de l\u2019acc\u00e8s d\u2019un tiers non autoris\u00e9 sur le site ou rendant impossible son acc\u00e8s.<br><br>Le visiteur est inform\u00e9 que l\u2019acc\u00e8s au site pourra \u00eatre interrompu \u00e0 tout moment par la soci\u00e9t\u00e9 Peter Auto pour des raisons de maintenance, de s\u00e9curit\u00e9 ou toute autre contrainte technique.<br>\n<\/div><h3 class=\"bde-heading-17-112 bde-heading\">\nDroit applicable\n<\/h3><div class=\"bde-text-17-113 bde-text\">\nLes pr\u00e9sentes conditions sont r\u00e9gies par le droit fran\u00e7ais. Les juridictions fran\u00e7aises sont seules comp\u00e9tentes pour conna\u00eetre de tout litige se rapportant directement ou indirectement \u00e0 l\u2019acc\u00e8s au pr\u00e9sent site ou \u00e0 son utilisation.<br><br>La version originale de ces conditions est r\u00e9dig\u00e9e en fran\u00e7ais. En cas de conflit ou d\u2019incoh\u00e9rence entre la version fran\u00e7aise et celle-ci, la version fran\u00e7aise pr\u00e9vaudra.<br>\n<\/div><\/div>\n<\/section>","protected":false},"excerpt":{"rendered":"<p>Mentions l\u00e9gales Le pr\u00e9sent site, accessible \u00e0 l\u2019URL www.chantillyartsetelegance.com (le \u00ab Site \u00bb), est \u00e9dit\u00e9 par :Peter Auto , soci\u00e9t\u00e9 au capital de 80000 euros, inscrite au R.C.S. de PARIS sous le num\u00e9ro 389 751 298, dont le si\u00e8ge social est situ\u00e9 au 103 rue Lamarck 75018 Paris, repr\u00e9sent\u00e9(e) par Patrick Peter d\u00fbment habilit\u00e9(e). Le [&hellip;]<\/p>\n","protected":false},"author":1,"featured_media":0,"parent":0,"menu_order":0,"comment_status":"closed","ping_status":"open","template":"","meta":{"content-type":"","_breakdance_hide_in_design_set":false,"_breakdance_tags":"","footnotes":""},"class_list":["post-17","page","type-page","status-publish","hentry"],"_links":{"self":[{"href":"https:\/\/www.chantillyartsetelegance.com\/fr\/wp-json\/wp\/v2\/pages\/17","targetHints":{"allow":["GET"]}}],"collection":[{"href":"https:\/\/www.chantillyartsetelegance.com\/fr\/wp-json\/wp\/v2\/pages"}],"about":[{"href":"https:\/\/www.chantillyartsetelegance.com\/fr\/wp-json\/wp\/v2\/types\/page"}],"author":[{"embeddable":true,"href":"https:\/\/www.chantillyartsetelegance.com\/fr\/wp-json\/wp\/v2\/users\/1"}],"replies":[{"embeddable":true,"href":"https:\/\/www.chantillyartsetelegance.com\/fr\/wp-json\/wp\/v2\/comments?post=17"}],"version-history":[{"count":5,"href":"https:\/\/www.chantillyartsetelegance.com\/fr\/wp-json\/wp\/v2\/pages\/17\/revisions"}],"predecessor-version":[{"id":5343,"href":"https:\/\/www.chantillyartsetelegance.com\/fr\/wp-json\/wp\/v2\/pages\/17\/revisions\/5343"}],"wp:attachment":[{"href":"https:\/\/www.chantillyartsetelegance.com\/fr\/wp-json\/wp\/v2\/media?parent=17"}],"curies":[{"name":"wp","href":"https:\/\/api.w.org\/{rel}","templated":true}]}}