{"id":11,"date":"2022-07-06T12:15:33","date_gmt":"2022-07-06T12:15:33","guid":{"rendered":"https:\/\/www.chantillyartsetelegance.com\/?page_id=11"},"modified":"2026-01-05T10:40:12","modified_gmt":"2026-01-05T09:40:12","slug":"accueil","status":"publish","type":"page","link":"https:\/\/www.chantillyartsetelegance.com\/fr\/","title":{"rendered":"Accueil"},"content":{"rendered":"<section class=\"bde-section-11-100 bde-section\">\n              \n  \n  \n\t    \n      <div class=\"section-background-video\">\n              <video\n          autoplay\n          muted\n                      playsinline\n                                loop\n                              poster=\"https:\/\/www.chantillyartsetelegance.com\/wp-content\/uploads\/2025\/12\/2024-caerm-benshuttleworth-54188.jpg\"\n                >\n        <source src=\"https:\/\/www.chantillyartsetelegance.com\/wp-content\/uploads\/2025\/12\/clip_02-spectateurs-1444-v3.mov\" type=\"video\/quicktime\" \/>\n      <\/video>\n      <\/div>\n\n\n  <div class=\"section-background-overlay\"><\/div>\n\n\n        <div class=\"section-shape-divider-wrapper section-shape-divider-wrapper--1\">\n          <span class=\"section-shape-divider\">\n                      <svg\n                xmlns=\"http:\/\/www.w3.org\/2000\/svg\"\n                viewBox=\"0 0 1440 320\"\n                preserveAspectRatio=\"none\"\n            >\n              <path d=\"M1440 262.4H791.987a34.745 34.745 0 0 0-24.56 10.174l-15.69 15.688c-17.527 17.528-45.947 17.528-63.475 0l-15.688-15.688a34.745 34.745 0 0 0-24.561-10.174H0V320h1440v-57.6Z\" fill=\"currentColor\"\/>\n            <\/svg>\n                    <\/span>\n      <\/div>\n  <div class=\"section-container\"><div class=\"bde-div-11-239 bde-div\">\n  \n  \n\t\n\n\n\n<div class=\"bde-image-11-226 bde-image\">\n<figure class=\"breakdance-image breakdance-image--3937\">\n\t<div class=\"breakdance-image-container\">\n\t\t<div class=\"breakdance-image-clip\"><a class=\"breakdance-image-link breakdance-image-link--url\" href=\"\/fr\/billetterie\/\" target=\"_self\" rel=\"noopener\" data-sub-html=\"\" data-lg-size=\"-\"><img loading=\"lazy\" decoding=\"async\" class=\"breakdance-image-object\" src=\"https:\/\/www.chantillyartsetelegance.com\/wp-content\/uploads\/2024\/06\/caerm-logo-white.png\" width=\"712\" height=\"334\" srcset=\"https:\/\/www.chantillyartsetelegance.com\/wp-content\/uploads\/2024\/06\/caerm-logo-white.png 712w, https:\/\/www.chantillyartsetelegance.com\/wp-content\/uploads\/2024\/06\/caerm-logo-white-300x141.png 300w\" sizes=\"auto, (max-width: 712px) 100vw, 712px\"><\/a><\/div>\n\t<\/div><\/figure>\n\n<\/div><div class=\"bde-button-11-247 bde-button\">\n        \n    \n    \n    \n    \n            \n                    \n            \n            \n\n    \n    \n    \n    \n    \n    <a class=\"breakdance-link button-atom button-atom--primary bde-button__button\" href=\"\/billetterie\/\" target=\"_self\" data-type=\"url\"  >\n\n    \n        <span class=\"button-atom__text\">Billetterie<\/span>\n\n        \n        \n                <\/a>\n\n    \n\n\n<\/div>\n<\/div><\/div>\n<\/section><section class=\"bde-section-11-112 bde-section\">\n  \n  \n\t\n\n\n\n<div class=\"section-container\"><h3 id=\"Exposants\" class=\"bde-heading-11-236 bde-heading\">\nProchaine \u00e9dition\n<\/h3><h1 class=\"bde-heading-11-234 bde-heading\">\n13 Septembre 2026\n<\/h1><div class=\"bde-columns-11-241 bde-columns\"><div class=\"bde-column-11-242 bde-column\">\n  \n  \n\t\n\n\n\n<div class=\"bde-simple-counter-11-151 bde-simple-counter\">\n<div class=\"bde-simple-counter__wrapper\">\n  <p class=\"bde-simple-counter__number bde-h6\">\n    <span class=\"bde-simple-counter__prefix\"><\/span>\n    <span class=\"bde-simple-counter__digit js-digit\"><\/span>\n    <span class=\"bde-simple-counter__suffix\"><\/span>\n  <\/p>\n    \t<div class=\"bde-simple-counter__title\" >Ch\u00e2teau<\/div>\n  <\/div>\n\n<\/div>\n<\/div><div class=\"bde-column-11-243 bde-column\">\n  \n  \n\t\n\n\n\n<div class=\"bde-simple-counter-11-153 bde-simple-counter\">\n<div class=\"bde-simple-counter__wrapper\">\n  <p class=\"bde-simple-counter__number bde-h6\">\n    <span class=\"bde-simple-counter__prefix\"><\/span>\n    <span class=\"bde-simple-counter__digit js-digit\"><\/span>\n    <span class=\"bde-simple-counter__suffix\">+<\/span>\n  <\/p>\n    \t<div class=\"bde-simple-counter__title\" >voitures d'exception<\/div>\n  <\/div>\n\n<\/div>\n<\/div><div class=\"bde-column-11-244 bde-column\">\n  \n  \n\t\n\n\n\n<div class=\"bde-simple-counter-11-154 bde-simple-counter\">\n<div class=\"bde-simple-counter__wrapper\">\n  <p class=\"bde-simple-counter__number bde-h6\">\n    <span class=\"bde-simple-counter__prefix\"><\/span>\n    <span class=\"bde-simple-counter__digit js-digit\"><\/span>\n    <span class=\"bde-simple-counter__suffix\">+<\/span>\n  <\/p>\n    \t<div class=\"bde-simple-counter__title\" >Visiteurs<\/div>\n  <\/div>\n\n<\/div>\n<\/div><\/div><div class=\"bde-columns-11-211 bde-columns\"><div class=\"bde-column-11-212 bde-column\">\n  \n  \n\t\n\n\n\n<div class=\"bde-div-11-145 bde-div\">\n  \n  \n\t\n\n\n\n<h3 class=\"bde-dual-heading-11-147 bde-dual-heading\">\n\n\n            <span data-style=\"primary\" class=\"dual-heading--primary  \">Chantilly Arts & Elegance Richard Mille<\/span>\n\n            <span data-style=\"secondary\" class=\"dual-heading--secondary  \"> fait son retour...<\/span>\n\n\n\n<\/h3>\n<\/div>\n<\/div><div class=\"bde-column-11-213 bde-column\">\n  \n  \n\t\n\n\n\n<div class=\"bde-div-11-214 bde-div\">\n  \n  \n\t\n\n\n\n<h4 class=\"bde-heading-11-209 bde-heading\">\n2026\n<\/h4><div class=\"bde-text-11-148 bde-text\">\nLe retour tr\u00e8s attendu de la prochaine \u00e9dition de Chantilly Arts & Elegance Richard Mille vous est d\u00e9sormais d\u00e9voil\u00e9 ! Rendez-vous le 13 septembre 2026 pour une \u00e9dition renouvel\u00e9e \u2014 toujours au Ch\u00e2teau de Chantilly et avec de nouvelles classes \u2014 pour vous faire vivre un dimanche \u00e0 la campagne inoubliable. La billetterie est ouverte, ainsi que notre package Garden Party.\n<\/div><div class=\"bde-button-11-227 bde-button\">\n        \n    \n    \n    \n    \n            \n                    \n            \n            \n\n    \n    \n    \n    \n    \n    <a class=\"breakdance-link button-atom button-atom--primary bde-button__button\" href=\"\/fr\/billetterie\/\" target=\"_self\" data-type=\"url\"  >\n\n    \n        <span class=\"button-atom__text\">Billetterie 2026<\/span>\n\n        \n        \n                <\/a>\n\n    \n\n\n<\/div>\n<\/div>\n<\/div><\/div><div class=\"bde-fancy-divider-11-149 bde-fancy-divider\">\n\n\n<div class=\"bde-fancy-divider__wrapper\">\n  <div class=\"bde-fancy-divider__separator   \">\n  \t  <\/div>\n<\/div>\n\n<\/div><div class=\"bde-video-11-141 bde-video\">\n<div class=\"ee-video-container\">\n                                                                        \n                <lite-youtube\n                        videoid=\"MMZAqkcTxto\"\n                                                style=\"background-image: url(https:\/\/i.ytimg.com\/vi\/MMZAqkcTxto\/maxresdefault.jpg); \"\n                        class=\"ee-video\"\n                        title=\"\"\n                        params=\"&playsinline=0&rel=0&enablejsapi=1\"\n                >\n                <\/lite-youtube>\n                    \n        \n            \n    <\/div>\n\n<\/div><h1 class=\"bde-heading-11-143 bde-heading\">\n\u290a Film 2024\n<\/h1><\/div>\n<\/section>","protected":false},"excerpt":{"rendered":"<p>Billetterie Prochaine \u00e9dition 13 Septembre 2026 Ch\u00e2teau + voitures d&rsquo;exception + Visiteurs Chantilly Arts &#038; Elegance Richard Mille fait son retour&#8230; 2026 Le retour tr\u00e8s attendu de la prochaine \u00e9dition de Chantilly Arts &#038; Elegance Richard Mille vous est d\u00e9sormais d\u00e9voil\u00e9 ! Rendez-vous le 13 septembre 2026 pour une \u00e9dition renouvel\u00e9e \u2014 toujours au Ch\u00e2teau [&hellip;]<\/p>\n","protected":false},"author":1,"featured_media":0,"parent":0,"menu_order":0,"comment_status":"closed","ping_status":"closed","template":"","meta":{"_breakdance_hide_in_design_set":false,"_breakdance_tags":"","footnotes":""},"class_list":["post-11","page","type-page","status-publish","hentry"],"_links":{"self":[{"href":"https:\/\/www.chantillyartsetelegance.com\/fr\/wp-json\/wp\/v2\/pages\/11","targetHints":{"allow":["GET"]}}],"collection":[{"href":"https:\/\/www.chantillyartsetelegance.com\/fr\/wp-json\/wp\/v2\/pages"}],"about":[{"href":"https:\/\/www.chantillyartsetelegance.com\/fr\/wp-json\/wp\/v2\/types\/page"}],"author":[{"embeddable":true,"href":"https:\/\/www.chantillyartsetelegance.com\/fr\/wp-json\/wp\/v2\/users\/1"}],"replies":[{"embeddable":true,"href":"https:\/\/www.chantillyartsetelegance.com\/fr\/wp-json\/wp\/v2\/comments?post=11"}],"version-history":[{"count":6,"href":"https:\/\/www.chantillyartsetelegance.com\/fr\/wp-json\/wp\/v2\/pages\/11\/revisions"}],"predecessor-version":[{"id":5592,"href":"https:\/\/www.chantillyartsetelegance.com\/fr\/wp-json\/wp\/v2\/pages\/11\/revisions\/5592"}],"wp:attachment":[{"href":"https:\/\/www.chantillyartsetelegance.com\/fr\/wp-json\/wp\/v2\/media?parent=11"}],"curies":[{"name":"wp","href":"https:\/\/api.w.org\/{rel}","templated":true}]}}