{"id":109,"date":"2022-07-07T15:19:17","date_gmt":"2022-07-07T15:19:17","guid":{"rendered":"https:\/\/www.chantillyartsetelegance.com\/?page_id=109"},"modified":"2025-08-28T07:55:33","modified_gmt":"2025-08-28T07:55:33","slug":"editions-precedentes","status":"publish","type":"page","link":"https:\/\/www.chantillyartsetelegance.com\/fr\/editions-precedentes\/","title":{"rendered":"\u00c9ditions pr\u00e9c\u00e9dentes"},"content":{"rendered":"<section class=\"bde-section-109-100 bde-section\">\n  \n  \n\t\n\n\n\n<div class=\"section-container\"><div class=\"bde-grid-109-155 bde-grid\">\n  \n  \n\t\n\n\n\n<div class=\"bde-div-109-156 bde-div\">\n  \n  \n\t\n\n\n\n<div class=\"bde-image-109-146 bde-image\">\n<figure class=\"breakdance-image breakdance-image--4953\">\n\t<div class=\"breakdance-image-container\">\n\t\t<div class=\"breakdance-image-clip\"><img loading=\"lazy\" decoding=\"async\" class=\"breakdance-image-object\" src=\"https:\/\/www.chantillyartsetelegance.com\/wp-content\/uploads\/2025\/08\/affiche-chantilly-2024.jpg\" width=\"1290\" height=\"1920\" srcset=\"https:\/\/www.chantillyartsetelegance.com\/wp-content\/uploads\/2025\/08\/affiche-chantilly-2024.jpg 1290w, https:\/\/www.chantillyartsetelegance.com\/wp-content\/uploads\/2025\/08\/affiche-chantilly-2024-202x300.jpg 202w, https:\/\/www.chantillyartsetelegance.com\/wp-content\/uploads\/2025\/08\/affiche-chantilly-2024-688x1024.jpg 688w, https:\/\/www.chantillyartsetelegance.com\/wp-content\/uploads\/2025\/08\/affiche-chantilly-2024-768x1143.jpg 768w, https:\/\/www.chantillyartsetelegance.com\/wp-content\/uploads\/2025\/08\/affiche-chantilly-2024-1032x1536.jpg 1032w, https:\/\/www.chantillyartsetelegance.com\/wp-content\/uploads\/2025\/08\/affiche-chantilly-2024-8x12.jpg 8w\" sizes=\"auto, (max-width: 1290px) 100vw, 1290px\"><\/div>\n\t<\/div><\/figure>\n\n<\/div><div class=\"bde-div-109-169 bde-div\">\n  \n  \n\t\n\n\n\n<h4 class=\"bde-heading-109-109 bde-heading\">\n2024\n<\/h4><a class=\"bde-text-link-109-168 bde-text-link breakdance-link\" href=\"https:\/\/www.youtube.com\/watch?v=MMZAqkcTxto\" target=\"_blank\" data-type=\"url\">\n  Film\n\n<\/a>\n<\/div><div class=\"bde-div-109-107 bde-div\">\n  \n  \n\t\n\n\n\n<div class=\"bde-rich-text-109-140 bde-rich-text breakdance-rich-text-styles\">\n<p>Si pour Chantilly Arts &amp; Elegance Richard Mille l\u2019\u00e9l\u00e9gance est rest\u00e9e ce qu\u2019elle \u00e9tait, le Concours a fait peau neuve en offrant aux constructeurs des marques premium une nouvelle sc\u00e9nographie priv\u00e9e pour accueillir leurs invit\u00e9s sur trois jours. L'\u00e9dition 2024 a rencontr\u00e9 un succ\u00e8s exceptionnel, avec une affluence record et une participation accrue des grandes marques automobiles. L'\u00e9v\u00e9nement a s\u00e9duit tant par la qualit\u00e9 des voitures expos\u00e9es que par l'exp\u00e9rience exclusive offerte aux invit\u00e9s, consolidant ainsi sa position parmi les rendez-vous incontournables de l'\u00e9l\u00e9gance et de l'automobile de prestige.<\/p><p>\u00a0<\/p><p><strong>Concours d\u2019Elegance<\/strong><br \/>Lancia Pu+Ra (2023)<\/p><p><strong>Concours d\u2019Elegance prix du public<\/strong><br \/>Bugatti Tourbillon (2024)<\/p><p><strong>Best of Show Concours d\u2019Etat Avant-guerre<\/strong><br \/>Bugatti T35C (1928)<\/p><p><strong>Prix sp\u00e9cial Restauration Avant-guerre<\/strong><br \/>Tatra T80 (1931)<\/p><p><strong>Best of Show Concours d\u2019Etat Apr\u00e8s-guerre<\/strong><br \/>Talbot-Lago T26 GS Coup\u00e9 (1949)<\/p><p><strong>Prix sp\u00e9cial Palmar\u00e8s Apr\u00e8s-guerre<\/strong><br \/>Dino 196S (1959)<\/p><p><strong>Prix sp\u00e9cial \"\u0152uvres\"<\/strong><br \/>Marcello Gandini, Lamborghini Countach<\/p><p><strong>Grand Prix des Clubs FFVE<\/strong><br \/>Vincennes en anciennes \u2013 Talbot 120 Baby Sport de 1934<\/p>\n<\/div>\n<\/div>\n<\/div><div class=\"bde-div-109-162 bde-div\">\n  \n  \n\t\n\n\n\n<div class=\"bde-image-109-163 bde-image\">\n<figure class=\"breakdance-image breakdance-image--3858\">\n\t<div class=\"breakdance-image-container\">\n\t\t<div class=\"breakdance-image-clip\"><img loading=\"lazy\" decoding=\"async\" class=\"breakdance-image-object\" src=\"https:\/\/www.chantillyartsetelegance.com\/wp-content\/uploads\/2024\/03\/affiche-chantilly-2022.png\" width=\"1290\" height=\"1920\" srcset=\"https:\/\/www.chantillyartsetelegance.com\/wp-content\/uploads\/2024\/03\/affiche-chantilly-2022.png 1290w, https:\/\/www.chantillyartsetelegance.com\/wp-content\/uploads\/2024\/03\/affiche-chantilly-2022-202x300.png 202w, https:\/\/www.chantillyartsetelegance.com\/wp-content\/uploads\/2024\/03\/affiche-chantilly-2022-688x1024.png 688w, https:\/\/www.chantillyartsetelegance.com\/wp-content\/uploads\/2024\/03\/affiche-chantilly-2022-768x1143.png 768w, https:\/\/www.chantillyartsetelegance.com\/wp-content\/uploads\/2024\/03\/affiche-chantilly-2022-1032x1536.png 1032w\" sizes=\"auto, (max-width: 1290px) 100vw, 1290px\"><\/div>\n\t<\/div><\/figure>\n\n<\/div><h4 class=\"bde-heading-109-164 bde-heading\">\n2022\n<\/h4><div class=\"bde-div-109-165 bde-div\">\n  \n  \n\t\n\n\n\n<div class=\"bde-rich-text-109-166 bde-rich-text breakdance-rich-text-styles\">\n<p>La 6\u00e8me \u00e9dition de Chantilly Arts et Elegance Richard Mille s\u2019est d\u00e9roul\u00e9e le 25 septembre 2022 sous les meilleurs auspices. M\u00eame la m\u00e9t\u00e9o a \u00e9vit\u00e9 d\u2019\u00eatre capricieuse ! Catapult\u00e9 parmi les concours d\u2019\u00e9l\u00e9gance de r\u00e9f\u00e9rence du monde entier depuis sa cr\u00e9ation en 2014, cet \u00e9v\u00e8nement poursuit sa progression, tant sur le plan de la fr\u00e9quentation du public, que sur celui de la richesse des automobiles inscrites dans les trois concours. Parmi les 9 concept cars en lice pour le Concours d\u2019\u00c9l\u00e9gance, figuraient deux r\u00e9v\u00e9lations internationales et trois r\u00e9v\u00e9lations europ\u00e9ennes. Un mini Salon de l\u2019Automobile en quelque sorte !<br \/>Compl\u00e9ments d\u2019objet directs, 40 clubs ont r\u00e9uni 700 voitures qui, pour comme \u00e0 l\u2019habitude, compl\u00e9taient ce tableau champ\u00eatre qui aurait sans nul doute inspir\u00e9 les Impressionnistes. Un d\u00e9cor dans lequel le public \u00e9tait invit\u00e9 \u00e0 se fondre pour le traditionnel d\u00e9jeuner sur l\u2019herbe.<\/p><p><strong>Best of Show Concours d\u2019\u00c9tat :<\/strong><br \/>Avant-guerre : Hispano-Suiza H6C Dubonnet Xenia (1938)<br \/>Apr\u00e8s-guerre : Talbot Lago T26 GS Barchetta Motto (1950)<\/p><p><strong>Best of Show Concours d\u2019\u00c9l\u00e9gance :<\/strong><br \/>Aston Martin DBR22<\/p><p><strong>Prix de l\u2019innovation :<\/strong><br \/>DS E-Tense<\/p><p><strong>Grand Prix des Clubs FFVE :<\/strong><br \/>Rolls Royce Enthusiasts Club<\/p><p><strong>Prix Sp\u00e9cial FFVE de l\u2019authenticit\u00e9 :<\/strong><br \/>Citro\u00ebn SM Mylord Cabriolet Chapron (1972)<\/p><p>Prix du public :<br \/>Renault R5 Turbo 3E<\/p>\n<\/div>\n<\/div>\n<\/div><div class=\"bde-div-109-157 bde-div\">\n  \n  \n\t\n\n\n\n<div class=\"bde-image-109-147 bde-image\">\n<figure class=\"breakdance-image breakdance-image--519\">\n\t<div class=\"breakdance-image-container\">\n\t\t<div class=\"breakdance-image-clip\"><img loading=\"lazy\" decoding=\"async\" class=\"breakdance-image-object\" src=\"https:\/\/www.chantillyartsetelegance.com\/wp-content\/uploads\/2022\/08\/chantilly-affiche2019.jpg\" width=\"1280\" height=\"1920\" srcset=\"https:\/\/www.chantillyartsetelegance.com\/wp-content\/uploads\/2022\/08\/chantilly-affiche2019.jpg 1280w, https:\/\/www.chantillyartsetelegance.com\/wp-content\/uploads\/2022\/08\/chantilly-affiche2019-200x300.jpg 200w, https:\/\/www.chantillyartsetelegance.com\/wp-content\/uploads\/2022\/08\/chantilly-affiche2019-683x1024.jpg 683w, https:\/\/www.chantillyartsetelegance.com\/wp-content\/uploads\/2022\/08\/chantilly-affiche2019-768x1152.jpg 768w, https:\/\/www.chantillyartsetelegance.com\/wp-content\/uploads\/2022\/08\/chantilly-affiche2019-1024x1536.jpg 1024w\" sizes=\"auto, (max-width: 1280px) 100vw, 1280px\"><\/div>\n\t<\/div><\/figure>\n\n<\/div><h4 class=\"bde-heading-109-104 bde-heading\">\n2019\n<\/h4><div class=\"bde-rich-text-109-138 bde-rich-text breakdance-rich-text-styles\">\n<p>En ce dernier jour de juin, Chantilly Arts &amp; Elegance Richard Mille n\u2019aura pas failli \u00e0 sa r\u00e9putation et les 18000 spectateurs ont pu profiter d\u2019un dimanche \u00e0 la campagne entre les d\u00e9fil\u00e9s de voitures d\u2019exception et les nombreuses animations pour petits et grands. Ce f\u00fbt \u00e9galement l\u2019occasion de c\u00e9l\u00e9brer plusieurs anniversaires : les centenaires de Bentley et Ballot, les 110 ans de Bugatti, les 50 ans de l\u2019iconique Porsche 917, les 20 ans de la Zonda de Pagani et les 50 ans du titre de Jackie Stewart en Formule 1 sur Matra. Neuf concept-cars sont en lice pour le Concours d\u2019El\u00e9gance.<\/p><p><strong>Best of Show Concours d\u2019Etat<\/strong><br \/>Avant-guerre : Bentley 8 Litre Foursome Coup\u00e9 (1931)<br \/>Propri\u00e9taire : Chip Connor<br \/>Apr\u00e8s-guerre : Talbot Lago T26 Grand Sport Coup\u00e9 (1948)<br \/>Propri\u00e9taire : Robert Kudela<\/p><p><strong>Best of Show Concours d\u2019Elegance<\/strong><br \/>McLaren Speedtail<\/p><p>Grand Prix des Clubs<br \/>Amicale Facel Vega<\/p>\n<\/div>\n<\/div><div class=\"bde-div-109-158 bde-div\">\n  \n  \n\t\n\n\n\n<div class=\"bde-image-109-148 bde-image\">\n<figure class=\"breakdance-image breakdance-image--521\">\n\t<div class=\"breakdance-image-container\">\n\t\t<div class=\"breakdance-image-clip\"><img loading=\"lazy\" decoding=\"async\" class=\"breakdance-image-object\" src=\"https:\/\/www.chantillyartsetelegance.com\/wp-content\/uploads\/2022\/08\/chantilly-affiche2017.jpg\" width=\"1280\" height=\"1920\" srcset=\"https:\/\/www.chantillyartsetelegance.com\/wp-content\/uploads\/2022\/08\/chantilly-affiche2017.jpg 1280w, https:\/\/www.chantillyartsetelegance.com\/wp-content\/uploads\/2022\/08\/chantilly-affiche2017-200x300.jpg 200w, https:\/\/www.chantillyartsetelegance.com\/wp-content\/uploads\/2022\/08\/chantilly-affiche2017-683x1024.jpg 683w, https:\/\/www.chantillyartsetelegance.com\/wp-content\/uploads\/2022\/08\/chantilly-affiche2017-768x1152.jpg 768w, https:\/\/www.chantillyartsetelegance.com\/wp-content\/uploads\/2022\/08\/chantilly-affiche2017-1024x1536.jpg 1024w\" sizes=\"auto, (max-width: 1280px) 100vw, 1280px\"><\/div>\n\t<\/div><\/figure>\n\n<\/div><h4 class=\"bde-heading-109-126 bde-heading\">\n2017\n<\/h4><div class=\"bde-div-109-127 bde-div\">\n  \n  \n\t\n\n\n\n<div class=\"bde-rich-text-109-141 bde-rich-text breakdance-rich-text-styles\">\n<p>La 4\u00e8me \u00e9dition a tenu toutes ses promesses. En lice pour le Concours d\u2019El\u00e9gance figuraient cinq concept-cars : DS 7 Crossback Pr\u00e9sidentiel, Aston Martin Vanquish Zagato Volante, McLaren 720 S, Renault Trezor Concept et Citro\u00ebn CXperience Concept. Dans le cadre du Concours d\u2019Etat, Peter Auto avait d\u00e9cid\u00e9 de c\u00e9l\u00e9brer \u00e0 sa mani\u00e8re les 70 ans de Ferrari et choisi les 24 Heures du Mans comme th\u00e8me majeur. Ainsi vingt-huit machines du Cavallino Rampante ayant toutes particip\u00e9 \u00e0 la plus c\u00e9l\u00e8bre course d\u2019endurance \u00e9taient r\u00e9unies pour l\u2019occasion et r\u00e9parties dans cinq classes ; tr\u00e8s certainement l\u2019une des plus belles c\u00e9l\u00e9brations de cet anniversaire.<\/p><p>Une grande nouveaut\u00e9 qui fera peut-\u00eatre \u00e9cole : Chantilly Arts &amp; Elegance Richard Mille attribuera d\u00e9sormais 2 Best of Show car il est tr\u00e8s difficile de comparer une voiture d\u2019avant-guerre avec une construite apr\u00e8s-guerre.<\/p><p><strong>Best of Show Concours d\u2019Etat<\/strong><br \/>Avant-guerre : Bugatti 57 S Atlantic (1936)<br \/>Propri\u00e9taire : Peter Mullin<br \/>Apr\u00e8s-Guerre : Ferrari TR 58 (1958)<br \/>Propri\u00e9taires : Sir Michael Kadoorie \/ Robson Walton<\/p><p><strong>Best of Show Concours d\u2019Elegance<\/strong><br \/>Renault Trezor &amp; Balmain<br \/>Citro\u00ebn CXPERIENCE &amp; Yang Li<\/p><p>Grand Prix des Clubs<br \/>Fiat Fan Club<\/p>\n<\/div>\n<\/div>\n<\/div><div class=\"bde-div-109-159 bde-div\">\n  \n  \n\t\n\n\n\n<div class=\"bde-image-109-149 bde-image\">\n<figure class=\"breakdance-image breakdance-image--522\">\n\t<div class=\"breakdance-image-container\">\n\t\t<div class=\"breakdance-image-clip\"><img loading=\"lazy\" decoding=\"async\" class=\"breakdance-image-object\" src=\"https:\/\/www.chantillyartsetelegance.com\/wp-content\/uploads\/2022\/08\/chantilly-affiche2016.jpg\" width=\"1280\" height=\"1920\" srcset=\"https:\/\/www.chantillyartsetelegance.com\/wp-content\/uploads\/2022\/08\/chantilly-affiche2016.jpg 1280w, https:\/\/www.chantillyartsetelegance.com\/wp-content\/uploads\/2022\/08\/chantilly-affiche2016-200x300.jpg 200w, https:\/\/www.chantillyartsetelegance.com\/wp-content\/uploads\/2022\/08\/chantilly-affiche2016-683x1024.jpg 683w, https:\/\/www.chantillyartsetelegance.com\/wp-content\/uploads\/2022\/08\/chantilly-affiche2016-768x1152.jpg 768w, https:\/\/www.chantillyartsetelegance.com\/wp-content\/uploads\/2022\/08\/chantilly-affiche2016-1024x1536.jpg 1024w\" sizes=\"auto, (max-width: 1280px) 100vw, 1280px\"><\/div>\n\t<\/div><\/figure>\n\n<\/div><h4 class=\"bde-heading-109-131 bde-heading\">\n2016\n<\/h4><div class=\"bde-div-109-132 bde-div\">\n  \n  \n\t\n\n\n\n<div class=\"bde-rich-text-109-142 bde-rich-text breakdance-rich-text-styles\">\n<p>L\u2019\u00e9dition 2016 a accueilli 13 500 visiteurs dans le Domaine du Ch\u00e2teau. Soit une fr\u00e9quentation stable par rapport \u00e0 2015, qui aurait certainement \u00e9t\u00e9 plus importante si les conditions m\u00e9t\u00e9orologiques \u2013 ciel couvert et pluies \u00e9parses dans la matin\u00e9e \u2013 avaient \u00e9t\u00e9 aussi cl\u00e9mentes que les ann\u00e9es pr\u00e9c\u00e9dentes. En lice pour le Concours d\u2019El\u00e9gance figuraient huit concept-cars dont la DS E-Tense a tir\u00e9 le meilleur parti. Le Concours d\u2019Etat r\u00e9unissait de nouveau une centaine d\u2019automobiles d\u2019exception, venues du monde entier pour l\u2019occasion.<\/p><p><strong>Best of Show Concours d\u2019Etat<\/strong><br \/>Alfa Romeo 8C 2900B Berlinetta (1938)<br \/>Propri\u00e9taire : Jon Shirley<\/p><p><strong>Best of Show Concours d\u2019Elegance<\/strong><br \/>DS E-Tense &amp; Eymeric Fran\u00e7ois<\/p><p><strong>Grand Prix des Clubs<\/strong><br \/>Amicale Tricyclecariste de France<\/p>\n<\/div>\n<\/div>\n<\/div><div class=\"bde-div-109-160 bde-div\">\n  \n  \n\t\n\n\n\n<div class=\"bde-image-109-150 bde-image\">\n<figure class=\"breakdance-image breakdance-image--520\">\n\t<div class=\"breakdance-image-container\">\n\t\t<div class=\"breakdance-image-clip\"><img loading=\"lazy\" decoding=\"async\" class=\"breakdance-image-object\" src=\"https:\/\/www.chantillyartsetelegance.com\/wp-content\/uploads\/2022\/08\/chantilly-affiche2014.jpg\" width=\"1280\" height=\"1920\" srcset=\"https:\/\/www.chantillyartsetelegance.com\/wp-content\/uploads\/2022\/08\/chantilly-affiche2014.jpg 1280w, https:\/\/www.chantillyartsetelegance.com\/wp-content\/uploads\/2022\/08\/chantilly-affiche2014-200x300.jpg 200w, https:\/\/www.chantillyartsetelegance.com\/wp-content\/uploads\/2022\/08\/chantilly-affiche2014-683x1024.jpg 683w, https:\/\/www.chantillyartsetelegance.com\/wp-content\/uploads\/2022\/08\/chantilly-affiche2014-768x1152.jpg 768w, https:\/\/www.chantillyartsetelegance.com\/wp-content\/uploads\/2022\/08\/chantilly-affiche2014-1024x1536.jpg 1024w\" sizes=\"auto, (max-width: 1280px) 100vw, 1280px\"><\/div>\n\t<\/div><\/figure>\n\n<\/div><h4 class=\"bde-heading-109-115 bde-heading\">\n2015\n<\/h4><div class=\"bde-div-109-116 bde-div\">\n  \n  \n\t\n\n\n\n<div class=\"bde-rich-text-109-143 bde-rich-text breakdance-rich-text-styles\">\n<p>La renaissance de la grande tradition fran\u00e7aise des Concours d\u2019El\u00e9gance datant des ann\u00e9es 20, a maintenant sa place dans les \u00e9v\u00e9nements \u00e0 ne pas manquer ; pour preuve Chantilly Arts &amp; Elegance Richard Mille a accueilli 13 500 visiteurs, soit 35% de hausse. Des amateurs d\u2019automobile, mais \u00e9galement des familles, ont \u00e9t\u00e9 s\u00e9duits par le programme c\u00e9l\u00e9brant l\u2019art de vivre et le savoir-faire \u00e0 la Fran\u00e7aise avec les nombreux ateliers et animations dans tout le Domaine de Chantilly, \u00e9crin majestueux et idyllique.<\/p><p>C\u00e9l\u00e9brant notre patrimoine aussi bien historique, qu\u2019artistique et culinaire, le Minist\u00e8re de la Culture donne, en 2015, son parrainage au Concours.<\/p><p><strong>Best of Show Concours d\u2019Etat<\/strong><br \/>Mercedes-Benz 500K Roadster (1936)<br \/>Propri\u00e9taire : Evert Lowman<\/p><p><strong>Best of Show Concours d\u2019Elegance<\/strong><br \/>BMW 3.0 CSL Hommage R &amp; Balmain<\/p><p>Grand Prix des Clubs<br \/>Les Amis de Delage<\/p>\n<\/div>\n<\/div>\n<\/div><div class=\"bde-div-109-161 bde-div\">\n  \n  \n\t\n\n\n\n<div class=\"bde-image-109-151 bde-image\">\n<figure class=\"breakdance-image breakdance-image--3722\">\n\t<div class=\"breakdance-image-container\">\n\t\t<div class=\"breakdance-image-clip\"><img loading=\"lazy\" decoding=\"async\" class=\"breakdance-image-object\" src=\"https:\/\/www.chantillyartsetelegance.com\/wp-content\/uploads\/2024\/03\/Affiche_Chantilly_2014.jpg\" width=\"1279\" height=\"1920\" srcset=\"https:\/\/www.chantillyartsetelegance.com\/wp-content\/uploads\/2024\/03\/Affiche_Chantilly_2014.jpg 1279w, https:\/\/www.chantillyartsetelegance.com\/wp-content\/uploads\/2024\/03\/Affiche_Chantilly_2014-200x300.jpg 200w, https:\/\/www.chantillyartsetelegance.com\/wp-content\/uploads\/2024\/03\/Affiche_Chantilly_2014-682x1024.jpg 682w, https:\/\/www.chantillyartsetelegance.com\/wp-content\/uploads\/2024\/03\/Affiche_Chantilly_2014-768x1153.jpg 768w, https:\/\/www.chantillyartsetelegance.com\/wp-content\/uploads\/2024\/03\/Affiche_Chantilly_2014-1023x1536.jpg 1023w\" sizes=\"auto, (max-width: 1279px) 100vw, 1279px\"><\/div>\n\t<\/div><\/figure>\n\n<\/div><h4 class=\"bde-heading-109-120 bde-heading\">\n2014\n<\/h4><div class=\"bde-rich-text-109-144 bde-rich-text breakdance-rich-text-styles\">\n<p>La premi\u00e8re \u00e9dition de Chantilly Arts &amp; Elegance Richard Mille a tenu toutes ses promesses. Les grands collectionneurs du monde entier \u00e9taient pr\u00e9sents ; r\u00e9sultat de deux ann\u00e9es de pr\u00e9paration et de la r\u00e9putation internationale de Peter Auto.<\/p><p>Cette grande tradition nationale datant des ann\u00e9es 20 a donc ressuscit\u00e9 le 7 septembre 2014 dans les Jardins Le N\u00f4tre. Revu et corrig\u00e9 by Peter Auto, ce concours en proposait 3 en 1 : Les Plus Belles Voitures du Monde pour le Concours d\u2019Etat, un Concours d\u2019El\u00e9gance r\u00e9serv\u00e9 aux concept-cars des constructeurs associ\u00e9s \u00e0 une maison de couture et un Grand Prix des Clubs. Le domaine de Chantilly devenait l\u2019\u00e9crin d\u2019un Dimanche El\u00e9gant \u00e0 la Campagne\u2013 proposant \u00e9galement de nombreuses animations pour toute le famille.<\/p><p>Une premi\u00e8re \u00e9dition qui s\u2019est inscrite d\u2019entr\u00e9e au sein du cercle restreint des plus beaux \u00e9v\u00e8nements du genre, remportant imm\u00e9diatement le prix du Best Event of the Year dans la cat\u00e9gorie Concours \u00e0 la c\u00e9r\u00e9monie des Historic Motoring Awards du magazine britannique Octane.<\/p><p><strong>Best of Show Concours d\u2019Etat<\/strong><br \/>Delahaye 135M Cabriolet, Figoni &amp; Falaschi (1938)<br \/>Propri\u00e9taire : Peter Mullin<\/p><p><strong>Best of Show Concours d\u2019Elegance<\/strong><br \/>Alfa Romeo Disco Volante by Touring &amp; Paco Rabanne<\/p><p>Grand Prix des Clubs<br \/>Club Delahaye<\/p>\n<\/div>\n<\/div>\n<\/div><\/div>\n<\/section>","protected":false},"excerpt":{"rendered":"<p>2024 Film Si pour Chantilly Arts &amp; Elegance Richard Mille l\u2019\u00e9l\u00e9gance est rest\u00e9e ce qu\u2019elle \u00e9tait, le Concours a fait peau neuve en offrant aux constructeurs des marques premium une nouvelle sc\u00e9nographie priv\u00e9e pour accueillir leurs invit\u00e9s sur trois jours. L&rsquo;\u00e9dition 2024 a rencontr\u00e9 un succ\u00e8s exceptionnel, avec une affluence record et une participation accrue [&hellip;]<\/p>\n","protected":false},"author":1,"featured_media":0,"parent":0,"menu_order":0,"comment_status":"closed","ping_status":"closed","template":"","meta":{"content-type":"","_breakdance_hide_in_design_set":false,"_breakdance_tags":"","footnotes":""},"class_list":["post-109","page","type-page","status-publish","hentry"],"_links":{"self":[{"href":"https:\/\/www.chantillyartsetelegance.com\/fr\/wp-json\/wp\/v2\/pages\/109","targetHints":{"allow":["GET"]}}],"collection":[{"href":"https:\/\/www.chantillyartsetelegance.com\/fr\/wp-json\/wp\/v2\/pages"}],"about":[{"href":"https:\/\/www.chantillyartsetelegance.com\/fr\/wp-json\/wp\/v2\/types\/page"}],"author":[{"embeddable":true,"href":"https:\/\/www.chantillyartsetelegance.com\/fr\/wp-json\/wp\/v2\/users\/1"}],"replies":[{"embeddable":true,"href":"https:\/\/www.chantillyartsetelegance.com\/fr\/wp-json\/wp\/v2\/comments?post=109"}],"version-history":[{"count":5,"href":"https:\/\/www.chantillyartsetelegance.com\/fr\/wp-json\/wp\/v2\/pages\/109\/revisions"}],"predecessor-version":[{"id":4955,"href":"https:\/\/www.chantillyartsetelegance.com\/fr\/wp-json\/wp\/v2\/pages\/109\/revisions\/4955"}],"wp:attachment":[{"href":"https:\/\/www.chantillyartsetelegance.com\/fr\/wp-json\/wp\/v2\/media?parent=109"}],"curies":[{"name":"wp","href":"https:\/\/api.w.org\/{rel}","templated":true}]}}