{"id":63,"date":"2022-07-07T15:08:22","date_gmt":"2022-07-07T15:08:22","guid":{"rendered":"https:\/\/www.chantillyartsetelegance.com\/?page_id=63"},"modified":"2026-01-19T10:01:53","modified_gmt":"2026-01-19T09:01:53","slug":"concours","status":"publish","type":"page","link":"https:\/\/www.chantillyartsetelegance.com\/en\/concours\/","title":{"rendered":"Concours"},"content":{"rendered":"<section class=\"bde-section-63-158 bde-section\">\n  \n  \n\t\n\n\n\n<div class=\"section-container\"><div class=\"bde-div-63-225 bde-div\">\n  \n  \n\t\n\n\n\n<h4 class=\"bde-heading-63-226 bde-heading\">Concours<\/h4><h3 class=\"bde-dual-heading-63-227 bde-dual-heading\">\n\n\n            <span data-style=\"primary\" class=\"dual-heading--primary\">Always <\/span>\n\n            <span data-style=\"secondary\" class=\"dual-heading--secondary\"> eclectic...<\/span>\n\n\n\n<\/h3><div class=\"bde-text-63-171 bde-text\">\nLe dimanche, Chantilly Arts & Elegance Richard Mille reprend le visage de ce qui a fait son succ\u00e8s, un distrayant et \u00e9l\u00e9gant dimanche familial \u00e0 la campagne. L\u2019invitation \u00e0 une promenade dans un mus\u00e9e \u00e0 ciel ouvert, aussi rare qu\u2019\u00e9ph\u00e9m\u00e8re, d\u00e9clin\u00e9 d\u00e9sormais en deux concours arbitr\u00e9s par un jury dont la qualit\u00e9 est assur\u00e9e par son \u00e9clectisme, tant par sa culture que par ses origines.\n<\/div><h4 class=\"bde-heading-63-173 bde-heading\">\nTo each their own contest!\n<\/h4><div class=\"bde-text-63-172 bde-text\">\nJug\u00e9s par des experts, les classes exposent \"Les plus Belles Automobiles du Monde\".Quant aux clubs, ils mettent en sc\u00e8ne une s\u00e9lection des plus int\u00e9ressantes voitures du constructeur et une garden party qui, depuis 2014 rencontre un grand succ\u00e8s. Et l\u00e0, c\u2019est le public, \u00e9galement invit\u00e9 \u00e0 ce pique-nique, qui vote pour les d\u00e9partager.\n<\/div>\n<\/div><div class=\"bde-columns-63-236 bde-columns\"><div class=\"bde-column-63-237 bde-column\">\n  \n  \n\t\n\n\n\n<div class=\"bde-image-63-235 bde-image\">\n<figure class=\"breakdance-image breakdance-image--4370\">\n\t<div class=\"breakdance-image-container\">\n\t\t<div class=\"breakdance-image-clip\"><img loading=\"lazy\" decoding=\"async\" class=\"breakdance-image-object\" src=\"https:\/\/www.chantillyartsetelegance.com\/wp-content\/uploads\/2024\/09\/caerm-2024-benshuttleworth-232.jpg\" width=\"1920\" height=\"1281\" srcset=\"https:\/\/www.chantillyartsetelegance.com\/wp-content\/uploads\/2024\/09\/caerm-2024-benshuttleworth-232.jpg 1920w, https:\/\/www.chantillyartsetelegance.com\/wp-content\/uploads\/2024\/09\/caerm-2024-benshuttleworth-232-300x200.jpg 300w, https:\/\/www.chantillyartsetelegance.com\/wp-content\/uploads\/2024\/09\/caerm-2024-benshuttleworth-232-1024x683.jpg 1024w, https:\/\/www.chantillyartsetelegance.com\/wp-content\/uploads\/2024\/09\/caerm-2024-benshuttleworth-232-768x512.jpg 768w, https:\/\/www.chantillyartsetelegance.com\/wp-content\/uploads\/2024\/09\/caerm-2024-benshuttleworth-232-1536x1025.jpg 1536w\" sizes=\"auto, (max-width: 1920px) 100vw, 1920px\"><\/div>\n\t<\/div><\/figure>\n\n<\/div>\n<\/div><div class=\"bde-column-63-238 bde-column\">\n  \n  \n\t\n\n\n\n<div class=\"bde-div-63-166 bde-div\">\n  \n  \n\t\n\n\n\n<h1 class=\"bde-heading-63-203 bde-heading\">\nIndex\n<\/h1><a class=\"bde-text-link-63-163 bde-text-link breakdance-link\" href=\"#concourselegance\" target=\"_self\" data-type=\"url\">\n  Concours d'\u00e9l\u00e9gance\n\n<\/a><a class=\"bde-text-link-63-165 bde-text-link breakdance-link\" href=\"#concoursetat\" target=\"_self\" data-type=\"url\">\n  Concours d'Etat\n\n<\/a><a class=\"bde-text-link-63-170 bde-text-link breakdance-link\" href=\"#gpclubs\" target=\"_self\" data-type=\"url\">\n  Grand Prix des Clubs\n\n<\/a><a class=\"bde-text-link-63-202 bde-text-link breakdance-link\" href=\"\/en\/.\/results\/\" target=\"_self\" data-type=\"url\">\n  Results\n\n<\/a><a class=\"bde-text-link-63-242 bde-text-link breakdance-link\" href=\"\/en\/concours\/jury\/\" target=\"_self\" data-type=\"url\">\n  Jury\n\n<\/a>\n<\/div>\n<\/div><\/div><\/div>\n<\/section><section class=\"bde-section-63-114 bde-section\">\n  \n  \n\t\n\n\n\n<div class=\"section-container\"><div class=\"bde-columns-63-115 bde-columns\"><div class=\"bde-column-63-116 bde-column\">\n  \n  \n\t\n\n\n\n<h4 id=\"concourselegance\" class=\"bde-heading-63-152 bde-heading\">\nConcours d'\u00e9l\u00e9gance\n<\/h4><h3 class=\"bde-dual-heading-63-118 bde-dual-heading\">\n\n\n            <span data-style=\"primary\" class=\"dual-heading--primary\">The marriage of the car of the<\/span>\n\n            <span data-style=\"secondary\" class=\"dual-heading--secondary\"> future<\/span>\n\n            <span data-style=\"primary\" class=\"dual-heading--primary\">and<\/span>\n\n            <span data-style=\"secondary\" class=\"dual-heading--secondary\"> fashion<\/span>\n\n\n\n<\/h3><div class=\"bde-text-63-119 bde-text\">\nFrance was the cradle of the Concours d\u2019El\u00e9gance in the 1920s and the creator of these very popular meetings in which exceptional cars of the era, often personalised by famous coachbuilders, were on display in the company of elegant women dressed in the latest clothes by the great names in French fashion.\n<\/div><div class=\"bde-text-63-120 bde-text\">\nOne of the driving ambitions behind Chantilly Arts &amp; Elegance Richard Mille was to revive this glorious epoch by inviting car manufacturers and designers to unveil to the public their concept cars, interpretations of the future models of their make, by associating them with models in the most beautiful clothes from fashion houses in a unique parade very popular with the public.<br><br>Thus, premium makes like Alpine, Aston Martin, BMW, Bugatti, Citro\u00ebn, DS Automobiles, Ford, Honda, Lexus, Maserati, McLaren, Mercedes-Benz, Peugeot, Porsche, Renault, Rolls-Royce, VW etc. and Italian coachbuilders Italdesign, Touring et Zagato unveiled in the last four Chantilly Concours d\u2019Elegance, sometimes as a premi\u00e8re, their latest interpretations of the motor car of the future associated with dress creators Haider Ackermann, Giorgio Armani, Balmain, Hugo Boss, Ann Demeulemeester, Eymeric Fran\u00e7ois, Jean-Paul Gautier, Yang Li, Thierry Mugler, Paco Rabanne, Alexandre Vauthier etc.\n<\/div><div class=\"bde-div-63-240 bde-div\">\n  \n  \n\t\n\n\n\n<div class=\"bde-button-63-122 bde-button\">\n    \n                                    \n    \n    \n    \n    \n            \n                    \n            \n            \n\n    \n    \n    \n    \n    \n    <a class=\"breakdance-link button-atom button-atom--primary bde-button__button\" href=\"\/en\/entries\/form\/\" target=\"_self\" data-type=\"url\"  >\n\n    \n        <span class=\"button-atom__text\">Form<\/span>\n\n        \n        \n                <\/a>\n\n    \n\n\n<\/div>\n<\/div>\n<\/div><div class=\"bde-column-63-123 bde-column\">\n  \n  \n\t\n\n\n\n<div class=\"bde-image-63-124 bde-image\">\n<figure class=\"breakdance-image breakdance-image--4365\">\n\t<div class=\"breakdance-image-container\">\n\t\t<div class=\"breakdance-image-clip\"><img loading=\"lazy\" decoding=\"async\" class=\"breakdance-image-object\" src=\"https:\/\/www.chantillyartsetelegance.com\/wp-content\/uploads\/2024\/09\/caerm-2024-benshuttleworth-164.jpg\" width=\"1920\" height=\"1281\" srcset=\"https:\/\/www.chantillyartsetelegance.com\/wp-content\/uploads\/2024\/09\/caerm-2024-benshuttleworth-164.jpg 1920w, https:\/\/www.chantillyartsetelegance.com\/wp-content\/uploads\/2024\/09\/caerm-2024-benshuttleworth-164-300x200.jpg 300w, https:\/\/www.chantillyartsetelegance.com\/wp-content\/uploads\/2024\/09\/caerm-2024-benshuttleworth-164-1024x683.jpg 1024w, https:\/\/www.chantillyartsetelegance.com\/wp-content\/uploads\/2024\/09\/caerm-2024-benshuttleworth-164-768x512.jpg 768w, https:\/\/www.chantillyartsetelegance.com\/wp-content\/uploads\/2024\/09\/caerm-2024-benshuttleworth-164-1536x1025.jpg 1536w\" sizes=\"auto, (max-width: 1920px) 100vw, 1920px\"><\/div>\n\t<\/div><\/figure>\n\n<\/div>\n<\/div><\/div><div class=\"bde-columns-63-207 bde-columns\"><div class=\"bde-column-63-208 bde-column\">\n  \n  \n\t\n\n\n\n<div class=\"bde-video-63-125 bde-video\">\n<div class=\"ee-video-container\">\n                                                                        \n                <lite-youtube\n                        videoid=\"H9HL9X9NN2M\"\n                                                style=\"background-image: url(https:\/\/i.ytimg.com\/vi\/H9HL9X9NN2M\/maxresdefault.jpg); \"\n                        class=\"ee-video\"\n                        title=\"\"\n                        params=\"&playsinline=0&rel=0&enablejsapi=1\"\n                >\n                <\/lite-youtube>\n                    \n        \n            \n    <\/div>\n\n<\/div>\n<\/div><div class=\"bde-column-63-209 bde-column\">\n  \n  \n\t\n\n\n\n<h4 class=\"bde-heading-63-211 bde-heading\">\n2024 Results\n<\/h4><div class=\"bde-text-63-243 bde-text\">\nConcours d\u2019Elegance<br>Lancia Pu+Ra (2023)<br><br>Concours d\u2019Elegance public prize<br>Bugatti Tourbillon (2024)\n<\/div><div class=\"bde-button-63-213 bde-button\">\n    \n                        \n                        \n    \n    \n    \n    \n            \n                    \n            \n            \n\n    \n    \n    \n    \n    \n    <a class=\"breakdance-link button-atom button-atom--secondary bde-button__button\" href=\"\/en\/.\/results\/\" target=\"_self\" data-type=\"url\"  >\n\n    \n        <span class=\"button-atom__text\">Previous years results<\/span>\n\n        \n        \n                <\/a>\n\n    \n\n\n<\/div>\n<\/div><\/div><div class=\"bde-fancy-divider-63-126 bde-fancy-divider\">\n\n\n<div class=\"bde-fancy-divider__wrapper\">\n  <div class=\"bde-fancy-divider__separator\">\n  \t  <\/div>\n<\/div>\n\n<\/div><\/div>\n<\/section><section class=\"bde-section-63-127 bde-section\">\n  \n  \n\t\n\n\n\n<div class=\"section-container\"><div class=\"bde-columns-63-128 bde-columns\"><div class=\"bde-column-63-129 bde-column\">\n  \n  \n\t\n\n\n\n<div class=\"bde-image-63-131 bde-image\">\n<figure class=\"breakdance-image breakdance-image--4367\">\n\t<div class=\"breakdance-image-container\">\n\t\t<div class=\"breakdance-image-clip\"><img loading=\"lazy\" decoding=\"async\" class=\"breakdance-image-object\" src=\"https:\/\/www.chantillyartsetelegance.com\/wp-content\/uploads\/2024\/09\/caerm-2024-benshuttleworth-184-edit.jpg\" width=\"1920\" height=\"1281\" srcset=\"https:\/\/www.chantillyartsetelegance.com\/wp-content\/uploads\/2024\/09\/caerm-2024-benshuttleworth-184-edit.jpg 1920w, https:\/\/www.chantillyartsetelegance.com\/wp-content\/uploads\/2024\/09\/caerm-2024-benshuttleworth-184-edit-300x200.jpg 300w, https:\/\/www.chantillyartsetelegance.com\/wp-content\/uploads\/2024\/09\/caerm-2024-benshuttleworth-184-edit-1024x683.jpg 1024w, https:\/\/www.chantillyartsetelegance.com\/wp-content\/uploads\/2024\/09\/caerm-2024-benshuttleworth-184-edit-768x512.jpg 768w, https:\/\/www.chantillyartsetelegance.com\/wp-content\/uploads\/2024\/09\/caerm-2024-benshuttleworth-184-edit-1536x1025.jpg 1536w\" sizes=\"auto, (max-width: 1920px) 100vw, 1920px\"><\/div>\n\t<\/div><\/figure>\n\n<\/div>\n<\/div><div class=\"bde-column-63-132 bde-column\">\n  \n  \n\t\n\n\n\n<h4 id=\"concoursetat\" class=\"bde-heading-63-153 bde-heading\">\nconcours d'\u00e9tat\n<\/h4><h3 class=\"bde-dual-heading-63-133 bde-dual-heading\">\n\n\n            <span data-style=\"primary\" class=\"dual-heading--primary\">The Most<\/span>\n\n            <span data-style=\"secondary\" class=\"dual-heading--secondary\">Beautiful<\/span>\n\n            <span data-style=\"primary\" class=\"dual-heading--primary\"> Cars in the World<\/span>\n\n\n\n<\/h3><div class=\"bde-text-63-134 bde-text\">\nA l\u2019occasion de ses sept premi\u00e8res \u00e9ditions, le Concours d\u2019Etat de Chantilly Arts & Elegance Richard Mille a r\u00e9uni les plus grands collectionneurs du monde entier. Cent voitures d\u2019exception, incarnations des plus belles cr\u00e9ations de l\u2019histoire de l\u2019automobile sont venues \u00e0 chaque fois de toute l\u2019Europe mais aussi des Etats-Unis, d\u2019Am\u00e9rique du Sud et d\u2019Asie.\n<\/div><div class=\"bde-text-63-135 bde-text\">\nPresented on the Estate\u2019s Le N\u00f4tre lawns to form a remarkable and unique ephemeral museum, they display their charms for one purpose only: to be awarded the Best of Show. Indeed, \u201ccr\u00e8me de la cr\u00e8me\u201d, Chantilly obliges, Chantilly Arts &amp; Elegance Richard Mille has been awarding two Best of Show prizes since 2017, as it is difficult to compare a pre-war car with a post-war one.<br><br>In each of the 17 classes comprising some four or six cars, rareness, history, state of conservation and upkeep are the main criteria considered by the hand-picked jury when examining them to select the class winner, an obligatory step to go onto the two final \u201cQueens of the Day\u201d consecration.\n<\/div><div class=\"bde-div-63-198 bde-div\">\n  \n  \n\t\n\n\n\n<div class=\"bde-button-63-239 bde-button\">\n    \n                        \n                        \n    \n    \n    \n    \n            \n                    \n            \n            \n\n    \n    \n    \n    \n    \n    <a class=\"breakdance-link button-atom button-atom--secondary bde-button__button\" href=\"#\" target=\"_blank\" data-type=\"url\"  >\n\n    \n        <span class=\"button-atom__text\">Regulations (unavailable)<\/span>\n\n        \n        \n                <\/a>\n\n    \n\n\n<\/div><div class=\"bde-button-63-138 bde-button\">\n    \n                        \n                        \n    \n    \n    \n    \n            \n                    \n            \n            \n\n    \n    \n    \n    \n    \n    <a class=\"breakdance-link button-atom button-atom--secondary bde-button__button\" href=\"\/en\/concours\/concours-detat-classes\/\" target=\"_self\" data-type=\"url\"  >\n\n    \n        <span class=\"button-atom__text\">Class list<\/span>\n\n        \n        \n                <\/a>\n\n    \n\n\n<\/div><div class=\"bde-button-63-246 bde-button\">\n    \n                        \n                        \n    \n    \n    \n    \n            \n                    \n            \n            \n\n    \n    \n    \n    \n    \n    <a class=\"breakdance-link button-atom button-atom--custom bde-button__button\" href=\"\/en\/concours\/concours-detat-registration\/\" target=\"_self\" data-type=\"url\"  >\n\n    \n        <span class=\"button-atom__text\">Formulaire d'inscription<\/span>\n\n                            \n        \n                <\/a>\n\n    \n\n\n<\/div>\n<\/div>\n<\/div><\/div><div class=\"bde-columns-63-214 bde-columns\"><div class=\"bde-column-63-215 bde-column\">\n  \n  \n\t\n\n\n\n<div class=\"bde-video-63-139 bde-video\">\n<div class=\"ee-video-container\">\n                                                                        \n                <lite-youtube\n                        videoid=\"Kowc7XonF9A\"\n                                                style=\"background-image: url(https:\/\/i.ytimg.com\/vi\/Kowc7XonF9A\/maxresdefault.jpg); \"\n                        class=\"ee-video\"\n                        title=\"\"\n                        params=\"&playsinline=0&rel=0&enablejsapi=1\"\n                >\n                <\/lite-youtube>\n                    \n        \n            \n    <\/div>\n\n<\/div>\n<\/div><div class=\"bde-column-63-217 bde-column\">\n  \n  \n\t\n\n\n\n<h4 class=\"bde-heading-63-218 bde-heading\">\n2024 Results\n<\/h4><div class=\"bde-text-63-244 bde-text\">\nBest of Show Concours d\u2019Etat Pre-war<br>Bugatti T35C (1928)<br><br>Special pre-war restoration award<br>Tatra T80 (1931)<br><br>Best of Show Concours d\u2019Etat Post-war<br>Talbot-Lago T26 GS Coup\u00e9 (1949)<br><br>Palmares Post-war special prize<br>Dino 196S (1959)<br><br>Special \u201cWorks\u201d prize<br>Marcello Gandini, Lamborghini Countach\n<\/div><div class=\"bde-button-63-220 bde-button\">\n    \n                        \n                        \n    \n    \n    \n    \n            \n                    \n            \n            \n\n    \n    \n    \n    \n    \n    <a class=\"breakdance-link button-atom button-atom--secondary bde-button__button\" href=\"\/en\/.\/results\/\" target=\"_self\" data-type=\"url\"  >\n\n    \n        <span class=\"button-atom__text\">Previous years results<\/span>\n\n        \n        \n                <\/a>\n\n    \n\n\n<\/div>\n<\/div><\/div><div class=\"bde-fancy-divider-63-140 bde-fancy-divider\">\n\n\n<div class=\"bde-fancy-divider__wrapper\">\n  <div class=\"bde-fancy-divider__separator\">\n  \t  <\/div>\n<\/div>\n\n<\/div><\/div>\n<\/section><section class=\"bde-section-63-174 bde-section\">\n  \n  \n\t\n\n\n\n<div class=\"section-container\"><div class=\"bde-columns-63-175 bde-columns\"><div class=\"bde-column-63-191 bde-column\">\n  \n  \n\t\n\n\n\n<div class=\"bde-image-63-192 bde-image\">\n<figure class=\"breakdance-image breakdance-image--2327\">\n\t<div class=\"breakdance-image-container\">\n\t\t<div class=\"breakdance-image-clip\"><img loading=\"lazy\" decoding=\"async\" class=\"breakdance-image-object\" src=\"https:\/\/www.chantillyartsetelegance.com\/wp-content\/uploads\/2022\/11\/1026850-2022-caerm-galerie-mbonnevie.jpg\" width=\"1280\" height=\"1920\" srcset=\"https:\/\/www.chantillyartsetelegance.com\/wp-content\/uploads\/2022\/11\/1026850-2022-caerm-galerie-mbonnevie.jpg 1280w, https:\/\/www.chantillyartsetelegance.com\/wp-content\/uploads\/2022\/11\/1026850-2022-caerm-galerie-mbonnevie-200x300.jpg 200w, https:\/\/www.chantillyartsetelegance.com\/wp-content\/uploads\/2022\/11\/1026850-2022-caerm-galerie-mbonnevie-683x1024.jpg 683w, https:\/\/www.chantillyartsetelegance.com\/wp-content\/uploads\/2022\/11\/1026850-2022-caerm-galerie-mbonnevie-768x1152.jpg 768w, https:\/\/www.chantillyartsetelegance.com\/wp-content\/uploads\/2022\/11\/1026850-2022-caerm-galerie-mbonnevie-1024x1536.jpg 1024w\" sizes=\"auto, (max-width: 1280px) 100vw, 1280px\"><\/div>\n\t<\/div><\/figure>\n\n<\/div>\n<\/div><div class=\"bde-column-63-178 bde-column\">\n  \n  \n\t\n\n\n\n<h2 id=\"gpclubs\" class=\"bde-heading-63-188 bde-heading\">\nGrand Prix des Clubs\n<\/h2><div class=\"bde-text-63-189 bde-text\">\nEvery year, around forty of these clubs take part in the huge Garden-Party, a veritable countryside picture that would have inspired some of the most illustrious Impressionist painters.\n<\/div><div class=\"bde-text-63-190 bde-text\">\nFrom sophisticated picnic baskets to exquisitely decorated tables, the elegance of the exhibits must be in harmony if they hope to win the Grand Prix des Clubs, based on the quality of the presentation, the diversity and originality of the models on display, and the attention paid to the D\u00e9jeuner sur l'Herbe.\n<\/div><div class=\"bde-div-63-197 bde-div\">\n  \n  \n\t\n\n\n\n<div class=\"bde-button-63-184 bde-button\">\n    \n                        \n                        \n    \n    \n    \n    \n            \n                    \n            \n            \n\n    \n    \n    \n    \n    \n    <a class=\"breakdance-link button-atom button-atom--secondary bde-button__button\" href=\"https:\/\/www.chantillyartsetelegance.com\/en\/entries\/form\/\" target=\"_self\" data-type=\"url\"  >\n\n    \n        <span class=\"button-atom__text\">Form<\/span>\n\n        \n        \n                <\/a>\n\n    \n\n\n<\/div><div class=\"bde-button-63-185 bde-button\">\n    \n                        \n                        \n    \n    \n    \n    \n            \n                    \n            \n            \n\n    \n    \n    \n    \n    \n    <a class=\"breakdance-link button-atom button-atom--secondary bde-button__button\" href=\"\/en\/clubs-individuals\/\" target=\"_blank\" data-type=\"url\"  >\n\n    \n        <span class=\"button-atom__text\">Discover \u201cClubs &amp; Individuals<\/span>\n\n        \n        \n                <\/a>\n\n    \n\n\n<\/div>\n<\/div><div class=\"bde-gallery-63-193 bde-gallery\">\n\n\n  \n\n\n\n\n\n\n\n\n\n\n<div class=\"ee-gallery ee-gallery--default ee-gallery--grid ee-gallery-- ee-gallery--lightbox ee-gallery-- ee-gallery--caption- ee-gallery--caption-none ee-gallery--ratio\">\n                  \n      <a class=\"ee-gallery-item ee-gallery-item--image ee-gallery-item--single\" href=\"https:\/\/www.chantillyartsetelegance.com\/wp-content\/uploads\/2022\/11\/114019-2022-caerm-galerie-mbonnevie.jpg\"  data-sub-html=\"<span><\/span>\" data-category=\"1\"                  data-lg-size=\"1280-1920\"\n\n      >\n        <figure class=\"ee-gallery-item-figure\">\n                        <img loading=\"lazy\" decoding=\"async\" class=\"breakdance-image-object\" src=\"https:\/\/www.chantillyartsetelegance.com\/wp-content\/uploads\/2022\/11\/114019-2022-caerm-galerie-mbonnevie-683x1024.jpg\" width=\"683\" height=\"1024\" srcset=\"https:\/\/www.chantillyartsetelegance.com\/wp-content\/uploads\/2022\/11\/114019-2022-caerm-galerie-mbonnevie.jpg 1280w, https:\/\/www.chantillyartsetelegance.com\/wp-content\/uploads\/2022\/11\/114019-2022-caerm-galerie-mbonnevie-200x300.jpg 200w, https:\/\/www.chantillyartsetelegance.com\/wp-content\/uploads\/2022\/11\/114019-2022-caerm-galerie-mbonnevie-683x1024.jpg 683w, https:\/\/www.chantillyartsetelegance.com\/wp-content\/uploads\/2022\/11\/114019-2022-caerm-galerie-mbonnevie-768x1152.jpg 768w, https:\/\/www.chantillyartsetelegance.com\/wp-content\/uploads\/2022\/11\/114019-2022-caerm-galerie-mbonnevie-1024x1536.jpg 1024w\" sizes=\"auto, (max-width: 1280px) 100vw, 1280px\">\n          \n                  <\/figure>\n      <\/a>\n\n                \n      <a class=\"ee-gallery-item ee-gallery-item--image ee-gallery-item--single\" href=\"https:\/\/www.chantillyartsetelegance.com\/wp-content\/uploads\/2022\/11\/103535-2022-caerm-galerie-mbonnevie.jpg\"  data-sub-html=\"<span><\/span>\" data-category=\"1\"                  data-lg-size=\"1280-1920\"\n\n      >\n        <figure class=\"ee-gallery-item-figure\">\n                        <img loading=\"lazy\" decoding=\"async\" class=\"breakdance-image-object\" src=\"https:\/\/www.chantillyartsetelegance.com\/wp-content\/uploads\/2022\/11\/103535-2022-caerm-galerie-mbonnevie-683x1024.jpg\" width=\"683\" height=\"1024\" srcset=\"https:\/\/www.chantillyartsetelegance.com\/wp-content\/uploads\/2022\/11\/103535-2022-caerm-galerie-mbonnevie.jpg 1280w, https:\/\/www.chantillyartsetelegance.com\/wp-content\/uploads\/2022\/11\/103535-2022-caerm-galerie-mbonnevie-200x300.jpg 200w, https:\/\/www.chantillyartsetelegance.com\/wp-content\/uploads\/2022\/11\/103535-2022-caerm-galerie-mbonnevie-683x1024.jpg 683w, https:\/\/www.chantillyartsetelegance.com\/wp-content\/uploads\/2022\/11\/103535-2022-caerm-galerie-mbonnevie-768x1152.jpg 768w, https:\/\/www.chantillyartsetelegance.com\/wp-content\/uploads\/2022\/11\/103535-2022-caerm-galerie-mbonnevie-1024x1536.jpg 1024w\" sizes=\"auto, (max-width: 1280px) 100vw, 1280px\">\n          \n                  <\/figure>\n      <\/a>\n\n      \n  <\/div>\n\n\n\n<\/div><div class=\"bde-div-63-224 bde-div\">\n  \n  \n\t\n\n\n\n<h4 class=\"bde-heading-63-221 bde-heading\">\n2024 Results\n<\/h4><div class=\"bde-text-63-245 bde-text\">\nGrand Prix des Clubs FFVE<br>Vincennes en anciennes \u2013 Talbot 120 Baby Sport de 1934<br>\n<\/div><div class=\"bde-button-63-223 bde-button\">\n    \n                        \n                        \n    \n    \n    \n    \n            \n                    \n            \n            \n\n    \n    \n    \n    \n    \n    <a class=\"breakdance-link button-atom button-atom--secondary bde-button__button\" href=\"\/en\/.\/results\/\" target=\"_self\" data-type=\"url\"  >\n\n    \n        <span class=\"button-atom__text\">Previous years results<\/span>\n\n        \n        \n                <\/a>\n\n    \n\n\n<\/div>\n<\/div>\n<\/div><\/div><div class=\"bde-fancy-divider-63-187 bde-fancy-divider\">\n\n\n<div class=\"bde-fancy-divider__wrapper\">\n  <div class=\"bde-fancy-divider__separator\">\n  \t  <\/div>\n<\/div>\n\n<\/div><\/div>\n<\/section>","protected":false},"excerpt":{"rendered":"<p>Concours Toujours \u00e9clectique&#8230; Le dimanche, Chantilly Arts &#038; Elegance Richard Mille reprend le visage de ce qui a fait son succ\u00e8s, un distrayant et \u00e9l\u00e9gant dimanche familial \u00e0 la campagne. L\u2019invitation \u00e0 une promenade dans un mus\u00e9e \u00e0 ciel ouvert, aussi rare qu\u2019\u00e9ph\u00e9m\u00e8re, d\u00e9clin\u00e9 d\u00e9sormais en deux concours arbitr\u00e9s par un jury dont la qualit\u00e9 [&hellip;]<\/p>\n","protected":false},"author":1,"featured_media":0,"parent":0,"menu_order":0,"comment_status":"closed","ping_status":"closed","template":"","meta":{"content-type":"","_breakdance_hide_in_design_set":false,"_breakdance_tags":"","footnotes":""},"class_list":["post-63","page","type-page","status-publish","hentry"],"_links":{"self":[{"href":"https:\/\/www.chantillyartsetelegance.com\/en\/wp-json\/wp\/v2\/pages\/63","targetHints":{"allow":["GET"]}}],"collection":[{"href":"https:\/\/www.chantillyartsetelegance.com\/en\/wp-json\/wp\/v2\/pages"}],"about":[{"href":"https:\/\/www.chantillyartsetelegance.com\/en\/wp-json\/wp\/v2\/types\/page"}],"author":[{"embeddable":true,"href":"https:\/\/www.chantillyartsetelegance.com\/en\/wp-json\/wp\/v2\/users\/1"}],"replies":[{"embeddable":true,"href":"https:\/\/www.chantillyartsetelegance.com\/en\/wp-json\/wp\/v2\/comments?post=63"}],"version-history":[{"count":6,"href":"https:\/\/www.chantillyartsetelegance.com\/en\/wp-json\/wp\/v2\/pages\/63\/revisions"}],"predecessor-version":[{"id":5796,"href":"https:\/\/www.chantillyartsetelegance.com\/en\/wp-json\/wp\/v2\/pages\/63\/revisions\/5796"}],"wp:attachment":[{"href":"https:\/\/www.chantillyartsetelegance.com\/en\/wp-json\/wp\/v2\/media?parent=63"}],"curies":[{"name":"wp","href":"https:\/\/api.w.org\/{rel}","templated":true}]}}