{"id":5653,"date":"2026-01-19T09:53:13","date_gmt":"2026-01-19T08:53:13","guid":{"rendered":"https:\/\/www.chantillyartsetelegance.com\/?page_id=5653"},"modified":"2026-01-19T09:56:03","modified_gmt":"2026-01-19T08:56:03","slug":"concours-detat-registration","status":"publish","type":"page","link":"https:\/\/www.chantillyartsetelegance.com\/en\/concours\/formulaire-concours-detat\/","title":{"rendered":"Formulaire Concours d&rsquo;Etat"},"content":{"rendered":"<section class=\"bde-section-5653-100 bde-section\">\n  \n  \n\t\n\n\n\n<div class=\"section-container\"><div class=\"bde-div-5653-102 bde-div\">\n  \n  \n\t\n\n\n\n<h4 class=\"bde-heading-5653-103 bde-heading\">\nConcours d'Etat registration\n<\/h4><div class=\"bde-text-5653-104 bde-text\">\nPresented on the Estate\u2019s Le N\u00f4tre lawns to form a remarkable and unique ephemeral museum, they display their charms for one purpose only: to be awarded the Best of Show. Indeed, \u201ccr\u00e8me de la cr\u00e8me\u201d, Chantilly obliges, Chantilly Arts &amp; Elegance Richard Mille has been awarding two Best of Show prizes since 2017, as it is difficult to compare a pre-war car with a post-war one.\n<\/div><div class=\"bde-code-block-5653-108 bde-code-block\">\n\n  <div style=\"width:100%;height:500px;\" data-fillout-id=\"ku1a96pprSus\" data-fillout-embed-type=\"standard\" data-fillout-inherit-parameters data-fillout-dynamic-resize><\/div><script src=\"https:\/\/server.fillout.com\/embed\/v1\/\"><\/script>\n\n\n<\/div>\n<\/div><\/div>\n<\/section>","protected":false},"excerpt":{"rendered":"<p>Inscription Concours d&rsquo;Etat Expos\u00e9es sur les pelouses Le N\u00f4tre du Domaine pour constituer un mus\u00e9e \u00e9ph\u00e9m\u00e8re remarquable et unique en son genre, elles d\u00e9ploient leurs charmes \u00e0 une seule fin : \u00eatre r\u00e9compens\u00e9es par le Best of Show. Cr\u00e8me de la cr\u00e8me, Chantilly oblige, ce sont 2 Best of Show que d\u00e9cerne Chantilly Arts &#038; [&hellip;]<\/p>\n","protected":false},"author":1,"featured_media":0,"parent":63,"menu_order":0,"comment_status":"closed","ping_status":"closed","template":"","meta":{"_breakdance_hide_in_design_set":false,"_breakdance_tags":"","footnotes":""},"class_list":["post-5653","page","type-page","status-publish","hentry"],"_links":{"self":[{"href":"https:\/\/www.chantillyartsetelegance.com\/en\/wp-json\/wp\/v2\/pages\/5653","targetHints":{"allow":["GET"]}}],"collection":[{"href":"https:\/\/www.chantillyartsetelegance.com\/en\/wp-json\/wp\/v2\/pages"}],"about":[{"href":"https:\/\/www.chantillyartsetelegance.com\/en\/wp-json\/wp\/v2\/types\/page"}],"author":[{"embeddable":true,"href":"https:\/\/www.chantillyartsetelegance.com\/en\/wp-json\/wp\/v2\/users\/1"}],"replies":[{"embeddable":true,"href":"https:\/\/www.chantillyartsetelegance.com\/en\/wp-json\/wp\/v2\/comments?post=5653"}],"version-history":[{"count":5,"href":"https:\/\/www.chantillyartsetelegance.com\/en\/wp-json\/wp\/v2\/pages\/5653\/revisions"}],"predecessor-version":[{"id":5660,"href":"https:\/\/www.chantillyartsetelegance.com\/en\/wp-json\/wp\/v2\/pages\/5653\/revisions\/5660"}],"up":[{"embeddable":true,"href":"https:\/\/www.chantillyartsetelegance.com\/en\/wp-json\/wp\/v2\/pages\/63"}],"wp:attachment":[{"href":"https:\/\/www.chantillyartsetelegance.com\/en\/wp-json\/wp\/v2\/media?parent=5653"}],"curies":[{"name":"wp","href":"https:\/\/api.w.org\/{rel}","templated":true}]}}