{"id":4195,"date":"2024-08-21T12:54:03","date_gmt":"2024-08-21T12:54:03","guid":{"rendered":"https:\/\/www.chantillyartsetelegance.com\/?page_id=4195"},"modified":"2026-01-23T19:34:21","modified_gmt":"2026-01-23T18:34:21","slug":"concours-detat-classes","status":"publish","type":"page","link":"https:\/\/www.chantillyartsetelegance.com\/en\/concours\/classes-concours-etat\/","title":{"rendered":"Classes du Concours d&rsquo;Etat"},"content":{"rendered":"<section class=\"bde-section-4195-100 bde-section\">\n  \n  \n\t\n\n\n\n<div class=\"section-container\"><h2 class=\"bde-heading-4195-829 bde-heading\">\n2026\n<\/h2><div class=\"bde-div-4195-101 bde-div\">\n  \n  \n\t\n\n\n\n<h4 class=\"bde-heading-4195-512 bde-heading\">\nConcours d'Etat classes\n<\/h4><div class=\"bde-text-4195-104 bde-text\">\nPresented on the Estate\u2019s Le N\u00f4tre lawns to form a remarkable and unique ephemeral museum, they display their charms for one purpose only: to be awarded the Best of Show. Indeed, \u201ccr\u00e8me de la cr\u00e8me\u201d, Chantilly obliges, Chantilly Arts &amp; Elegance Richard Mille has been awarding two Best of Show prizes since 2017, as it is difficult to compare a pre-war car with a post-war one.\n<\/div><div class=\"bde-div-4195-844 bde-div\">\n  \n  \n\t\n\n\n\n<div class=\"bde-button-4195-845 bde-button\">\n        \n    \n    \n    \n    \n            \n                    \n            \n            \n\n    \n    \n    \n    \n    \n    <a class=\"breakdance-link button-atom button-atom--custom bde-button__button\" href=\"\/en\/concours\/concours-detat-registration\/\" target=\"_self\" data-type=\"url\"  >\n\n    \n        <span class=\"button-atom__text\">Formulaire d'inscription<\/span>\n\n                            \n        \n                <\/a>\n\n    \n\n\n<\/div><div class=\"bde-button-4195-823 bde-button\">\n        \n    \n    \n    \n    \n            \n                    \n            \n            \n\n    \n    \n    \n    \n    \n    <a class=\"breakdance-link button-atom button-atom--secondary bde-button__button\" href=\"https:\/\/files.peterauto.fr\/share\/3Ss4va0ECsODZeDDih7x\" target=\"_blank\" data-type=\"url\"  >\n\n    \n        <span class=\"button-atom__text\">Download PDF<\/span>\n\n        \n        \n                <\/a>\n\n    \n\n\n<\/div>\n<\/div>\n<\/div><\/div>\n<\/section><section class=\"bde-section-4195-106 bde-section\">\n  \n  \n\t\n\n\n\n<div class=\"section-container\"><div class=\"bde-accordion-4195-466 bde-accordion bde-accordion--pills\"><div id=\"bugatti\" class=\"bde-accordion__content-wrapper-4195-473 bde-accordion__content-wrapper\">\n<h3 class=\"bde-accordion__title-tag\">\n  <button type=\"button\" class=\"bde-accordion__button\" id=\"accordion-button-473\" aria-controls=\"accordion-panel-473\" aria-expanded=\"false\">\n     <span class=\"bde-accordion__title\" >The Legendary Pre-War Coachbuilt<\/span>\n     <span class=\"bde-accordion__icon bde-accordion__icon--default\"><\/span>\n     <span class=\"bde-accordion__icon bde-accordion__icon--active\"><\/span>\n  <\/button>\n<\/h3>\n\n<div role=\"region\" class=\"bde-accordion__panel\" id=\"accordion-panel-473\" aria-labelledby=\"accordion-button-473\">\n    <div class=\"bde-accordion__panel-content\">\n        <div class=\"bde-div-4195-830 bde-div\">\n  \n  \n\t\n\n\n\n<h4 class=\"bde-heading-4195-532 bde-heading\">\nVoitures\n<\/h4><h1 class=\"bde-heading-4195-731 bde-heading\">\nBugatti T35 A - 1925\n<\/h1><h1 class=\"bde-heading-4195-732 bde-heading\">\nBugatti T35 - 1925\n<\/h1><h1 class=\"bde-heading-4195-733 bde-heading\">\nBugatti T35 B - 1927\n<\/h1><h1 class=\"bde-heading-4195-734 bde-heading\">\nBugatti T35 B - 1929\n<\/h1><h1 class=\"bde-heading-4195-735 bde-heading\">\nBugatti T35 C - 1928\n<\/h1>\n<\/div><div class=\"bde-image-4195-536 bde-image\">\n<figure class=\"breakdance-image breakdance-image--4257\">\n\t<div class=\"breakdance-image-container\">\n\t\t<div class=\"breakdance-image-clip\"><img loading=\"lazy\" decoding=\"async\" class=\"breakdance-image-object\" src=\"https:\/\/www.chantillyartsetelegance.com\/wp-content\/uploads\/2024\/09\/folieavantguerre.png\" width=\"1020\" height=\"561\" srcset=\"https:\/\/www.chantillyartsetelegance.com\/wp-content\/uploads\/2024\/09\/folieavantguerre.png 1020w, https:\/\/www.chantillyartsetelegance.com\/wp-content\/uploads\/2024\/09\/folieavantguerre-300x165.png 300w, https:\/\/www.chantillyartsetelegance.com\/wp-content\/uploads\/2024\/09\/folieavantguerre-768x422.png 768w\" sizes=\"auto, (max-width: 1020px) 100vw, 1020px\"><\/div>\n\t<\/div><\/figure>\n\n<\/div><div class=\"bde-div-4195-831 bde-div\">\n  \n  \n\t\n\n\n\n<h4 class=\"bde-heading-4195-513 bde-heading\">\nJury\n<\/h4><h1 class=\"bde-heading-4195-113 bde-heading\">\nFrancesco Guasti\n<\/h1><h5 class=\"bde-heading-4195-119 bde-heading\">\nRodolph Rapetti\n<\/h5><h5 class=\"bde-heading-4195-125 bde-heading\">\nSt\u00e9phane Darracq\n<\/h5><a class=\"bde-text-link-4195-493 bde-text-link breakdance-link\" href=\"\/en\/concours\/jury\/#bugatti\" target=\"_self\" data-type=\"url\">\n  En savoir plus sur le Jury...\n\n<\/a>\n<\/div>\n    <\/div>\n<\/div>\n\n\n\n<\/div><div id=\"lanciarallye\" class=\"bde-accordion__content-wrapper-4195-477 bde-accordion__content-wrapper\">\n<h3 class=\"bde-accordion__title-tag\">\n  <button type=\"button\" class=\"bde-accordion__button\" id=\"accordion-button-477\" aria-controls=\"accordion-panel-477\" aria-expanded=\"false\">\n     <span class=\"bde-accordion__title\" >Cars in original condition<\/span>\n     <span class=\"bde-accordion__icon bde-accordion__icon--default\"><\/span>\n     <span class=\"bde-accordion__icon bde-accordion__icon--active\"><\/span>\n  <\/button>\n<\/h3>\n\n<div role=\"region\" class=\"bde-accordion__panel\" id=\"accordion-panel-477\" aria-labelledby=\"accordion-button-477\">\n    <div class=\"bde-accordion__panel-content\">\n        <div class=\"bde-image-4195-832 bde-image\">\n<figure class=\"breakdance-image breakdance-image--4267\">\n\t<div class=\"breakdance-image-container\">\n\t\t<div class=\"breakdance-image-clip\"><img loading=\"lazy\" decoding=\"async\" class=\"breakdance-image-object\" src=\"https:\/\/www.chantillyartsetelegance.com\/wp-content\/uploads\/2024\/09\/porschecylindres.png\" width=\"1116\" height=\"478\" srcset=\"https:\/\/www.chantillyartsetelegance.com\/wp-content\/uploads\/2024\/09\/porschecylindres.png 1116w, https:\/\/www.chantillyartsetelegance.com\/wp-content\/uploads\/2024\/09\/porschecylindres-300x128.png 300w, https:\/\/www.chantillyartsetelegance.com\/wp-content\/uploads\/2024\/09\/porschecylindres-1024x439.png 1024w, https:\/\/www.chantillyartsetelegance.com\/wp-content\/uploads\/2024\/09\/porschecylindres-768x329.png 768w\" sizes=\"auto, (max-width: 1116px) 100vw, 1116px\"><\/div>\n\t<\/div><\/figure>\n\n<\/div>\n    <\/div>\n<\/div>\n\n\n\n<\/div><div id=\"lanciaspeciales\" class=\"bde-accordion__content-wrapper-4195-492 bde-accordion__content-wrapper\">\n<h3 class=\"bde-accordion__title-tag\">\n  <button type=\"button\" class=\"bde-accordion__button\" id=\"accordion-button-492\" aria-controls=\"accordion-panel-492\" aria-expanded=\"false\">\n     <span class=\"bde-accordion__title\" >Bugatti : The Racing Cars<\/span>\n     <span class=\"bde-accordion__icon bde-accordion__icon--default\"><\/span>\n     <span class=\"bde-accordion__icon bde-accordion__icon--active\"><\/span>\n  <\/button>\n<\/h3>\n\n<div role=\"region\" class=\"bde-accordion__panel\" id=\"accordion-panel-492\" aria-labelledby=\"accordion-button-492\">\n    <div class=\"bde-accordion__panel-content\">\n        <div class=\"bde-image-4195-833 bde-image\">\n<figure class=\"breakdance-image breakdance-image--4256\">\n\t<div class=\"breakdance-image-container\">\n\t\t<div class=\"breakdance-image-clip\"><img loading=\"lazy\" decoding=\"async\" class=\"breakdance-image-object\" src=\"https:\/\/www.chantillyartsetelegance.com\/wp-content\/uploads\/2024\/09\/bugatti35.png\" width=\"882\" height=\"549\" srcset=\"https:\/\/www.chantillyartsetelegance.com\/wp-content\/uploads\/2024\/09\/bugatti35.png 882w, https:\/\/www.chantillyartsetelegance.com\/wp-content\/uploads\/2024\/09\/bugatti35-300x187.png 300w, https:\/\/www.chantillyartsetelegance.com\/wp-content\/uploads\/2024\/09\/bugatti35-768x478.png 768w\" sizes=\"auto, (max-width: 882px) 100vw, 882px\"><\/div>\n\t<\/div><\/figure>\n\n<\/div>\n    <\/div>\n<\/div>\n\n\n\n<\/div><div id=\"mercedessl\" class=\"bde-accordion__content-wrapper-4195-491 bde-accordion__content-wrapper\">\n<h3 class=\"bde-accordion__title-tag\">\n  <button type=\"button\" class=\"bde-accordion__button\" id=\"accordion-button-491\" aria-controls=\"accordion-panel-491\" aria-expanded=\"false\">\n     <span class=\"bde-accordion__title\" >Delahaye in all its forms<\/span>\n     <span class=\"bde-accordion__icon bde-accordion__icon--default\"><\/span>\n     <span class=\"bde-accordion__icon bde-accordion__icon--active\"><\/span>\n  <\/button>\n<\/h3>\n\n<div role=\"region\" class=\"bde-accordion__panel\" id=\"accordion-panel-491\" aria-labelledby=\"accordion-button-491\">\n    <div class=\"bde-accordion__panel-content\">\n        \n    <\/div>\n<\/div>\n\n\n\n<\/div><div id=\"countach\" class=\"bde-accordion__content-wrapper-4195-490 bde-accordion__content-wrapper\">\n<h3 class=\"bde-accordion__title-tag\">\n  <button type=\"button\" class=\"bde-accordion__button\" id=\"accordion-button-490\" aria-controls=\"accordion-panel-490\" aria-expanded=\"false\">\n     <span class=\"bde-accordion__title\" >Endurance\u2019s Barchettas<\/span>\n     <span class=\"bde-accordion__icon bde-accordion__icon--default\"><\/span>\n     <span class=\"bde-accordion__icon bde-accordion__icon--active\"><\/span>\n  <\/button>\n<\/h3>\n\n<div role=\"region\" class=\"bde-accordion__panel\" id=\"accordion-panel-490\" aria-labelledby=\"accordion-button-490\">\n    <div class=\"bde-accordion__panel-content\">\n        <div class=\"bde-image-4195-835 bde-image\">\n<figure class=\"breakdance-image breakdance-image--4265\">\n\t<div class=\"breakdance-image-container\">\n\t\t<div class=\"breakdance-image-clip\"><img loading=\"lazy\" decoding=\"async\" class=\"breakdance-image-object\" src=\"https:\/\/www.chantillyartsetelegance.com\/wp-content\/uploads\/2024\/09\/carlochiti.png\" width=\"1057\" height=\"565\" srcset=\"https:\/\/www.chantillyartsetelegance.com\/wp-content\/uploads\/2024\/09\/carlochiti.png 1057w, https:\/\/www.chantillyartsetelegance.com\/wp-content\/uploads\/2024\/09\/carlochiti-300x160.png 300w, https:\/\/www.chantillyartsetelegance.com\/wp-content\/uploads\/2024\/09\/carlochiti-1024x547.png 1024w, https:\/\/www.chantillyartsetelegance.com\/wp-content\/uploads\/2024\/09\/carlochiti-768x411.png 768w\" sizes=\"auto, (max-width: 1057px) 100vw, 1057px\"><\/div>\n\t<\/div><\/figure>\n\n<\/div>\n    <\/div>\n<\/div>\n\n\n\n<\/div><div id=\"folieavantguerre\" class=\"bde-accordion__content-wrapper-4195-489 bde-accordion__content-wrapper\">\n<h3 class=\"bde-accordion__title-tag\">\n  <button type=\"button\" class=\"bde-accordion__button\" id=\"accordion-button-489\" aria-controls=\"accordion-panel-489\" aria-expanded=\"false\">\n     <span class=\"bde-accordion__title\" >Ford &amp; Shelby : American Myths<\/span>\n     <span class=\"bde-accordion__icon bde-accordion__icon--default\"><\/span>\n     <span class=\"bde-accordion__icon bde-accordion__icon--active\"><\/span>\n  <\/button>\n<\/h3>\n\n<div role=\"region\" class=\"bde-accordion__panel\" id=\"accordion-panel-489\" aria-labelledby=\"accordion-button-489\">\n    <div class=\"bde-accordion__panel-content\">\n        \n    <\/div>\n<\/div>\n\n\n\n<\/div><div id=\"folieapresguerre\" class=\"bde-accordion__content-wrapper-4195-488 bde-accordion__content-wrapper\">\n<h3 class=\"bde-accordion__title-tag\">\n  <button type=\"button\" class=\"bde-accordion__button\" id=\"accordion-button-488\" aria-controls=\"accordion-panel-488\" aria-expanded=\"false\">\n     <span class=\"bde-accordion__title\" >Automotive Art by Pininfarina<\/span>\n     <span class=\"bde-accordion__icon bde-accordion__icon--default\"><\/span>\n     <span class=\"bde-accordion__icon bde-accordion__icon--active\"><\/span>\n  <\/button>\n<\/h3>\n\n<div role=\"region\" class=\"bde-accordion__panel\" id=\"accordion-panel-488\" aria-labelledby=\"accordion-button-488\">\n    <div class=\"bde-accordion__panel-content\">\n        \n    <\/div>\n<\/div>\n\n\n\n<\/div><div id=\"maserati\" class=\"bde-accordion__content-wrapper-4195-487 bde-accordion__content-wrapper\">\n<h3 class=\"bde-accordion__title-tag\">\n  <button type=\"button\" class=\"bde-accordion__button\" id=\"accordion-button-487\" aria-controls=\"accordion-panel-487\" aria-expanded=\"false\">\n     <span class=\"bde-accordion__title\" >Tribute to Ercole Spada<\/span>\n     <span class=\"bde-accordion__icon bde-accordion__icon--default\"><\/span>\n     <span class=\"bde-accordion__icon bde-accordion__icon--active\"><\/span>\n  <\/button>\n<\/h3>\n\n<div role=\"region\" class=\"bde-accordion__panel\" id=\"accordion-panel-487\" aria-labelledby=\"accordion-button-487\">\n    <div class=\"bde-accordion__panel-content\">\n        \n    <\/div>\n<\/div>\n\n\n\n<\/div><div id=\"carlochiti\" class=\"bde-accordion__content-wrapper-4195-486 bde-accordion__content-wrapper\">\n<h3 class=\"bde-accordion__title-tag\">\n  <button type=\"button\" class=\"bde-accordion__button\" id=\"accordion-button-486\" aria-controls=\"accordion-panel-486\" aria-expanded=\"false\">\n     <span class=\"bde-accordion__title\" >Racing or competition cars between 1906 and 1914 in the spirit of the first ACF Grand Prix in 1906<\/span>\n     <span class=\"bde-accordion__icon bde-accordion__icon--default\"><\/span>\n     <span class=\"bde-accordion__icon bde-accordion__icon--active\"><\/span>\n  <\/button>\n<\/h3>\n\n<div role=\"region\" class=\"bde-accordion__panel\" id=\"accordion-panel-486\" aria-labelledby=\"accordion-button-486\">\n    <div class=\"bde-accordion__panel-content\">\n        <div class=\"bde-image-4195-838 bde-image\">\n<figure class=\"breakdance-image breakdance-image--5555\">\n\t<div class=\"breakdance-image-container\">\n\t\t<div class=\"breakdance-image-clip\"><img loading=\"lazy\" decoding=\"async\" class=\"breakdance-image-object\" src=\"https:\/\/www.chantillyartsetelegance.com\/wp-content\/uploads\/2025\/12\/avantguerre-chantilly.jpg\" width=\"500\" height=\"331\" srcset=\"https:\/\/www.chantillyartsetelegance.com\/wp-content\/uploads\/2025\/12\/avantguerre-chantilly.jpg 500w, https:\/\/www.chantillyartsetelegance.com\/wp-content\/uploads\/2025\/12\/avantguerre-chantilly-300x199.jpg 300w, https:\/\/www.chantillyartsetelegance.com\/wp-content\/uploads\/2025\/12\/avantguerre-chantilly-18x12.jpg 18w\" sizes=\"auto, (max-width: 500px) 100vw, 500px\"><\/div>\n\t<\/div><\/figure>\n\n<\/div>\n    <\/div>\n<\/div>\n\n\n\n<\/div><div id=\"ferrari\" class=\"bde-accordion__content-wrapper-4195-482 bde-accordion__content-wrapper\">\n<h3 class=\"bde-accordion__title-tag\">\n  <button type=\"button\" class=\"bde-accordion__button\" id=\"accordion-button-482\" aria-controls=\"accordion-panel-482\" aria-expanded=\"false\">\n     <span class=\"bde-accordion__title\" >Tour de France Automobile\u2019s originals<\/span>\n     <span class=\"bde-accordion__icon bde-accordion__icon--default\"><\/span>\n     <span class=\"bde-accordion__icon bde-accordion__icon--active\"><\/span>\n  <\/button>\n<\/h3>\n\n<div role=\"region\" class=\"bde-accordion__panel\" id=\"accordion-panel-482\" aria-labelledby=\"accordion-button-482\">\n    <div class=\"bde-accordion__panel-content\">\n        <div class=\"bde-image-4195-843 bde-image\">\n<figure class=\"breakdance-image breakdance-image--4268\">\n\t<div class=\"breakdance-image-container\">\n\t\t<div class=\"breakdance-image-clip\"><img loading=\"lazy\" decoding=\"async\" class=\"breakdance-image-object\" src=\"https:\/\/www.chantillyartsetelegance.com\/wp-content\/uploads\/2024\/09\/charlespozzi.png\" width=\"1099\" height=\"575\" srcset=\"https:\/\/www.chantillyartsetelegance.com\/wp-content\/uploads\/2024\/09\/charlespozzi.png 1099w, https:\/\/www.chantillyartsetelegance.com\/wp-content\/uploads\/2024\/09\/charlespozzi-300x157.png 300w, https:\/\/www.chantillyartsetelegance.com\/wp-content\/uploads\/2024\/09\/charlespozzi-1024x536.png 1024w, https:\/\/www.chantillyartsetelegance.com\/wp-content\/uploads\/2024\/09\/charlespozzi-768x402.png 768w\" sizes=\"auto, (max-width: 1099px) 100vw, 1099px\"><\/div>\n\t<\/div><\/figure>\n\n<\/div>\n    <\/div>\n<\/div>\n\n\n\n<\/div><div id=\"porsche\" class=\"bde-accordion__content-wrapper-4195-483 bde-accordion__content-wrapper\">\n<h3 class=\"bde-accordion__title-tag\">\n  <button type=\"button\" class=\"bde-accordion__button\" id=\"accordion-button-483\" aria-controls=\"accordion-panel-483\" aria-expanded=\"false\">\n     <span class=\"bde-accordion__title\" >Front engine Ferrari V12<\/span>\n     <span class=\"bde-accordion__icon bde-accordion__icon--default\"><\/span>\n     <span class=\"bde-accordion__icon bde-accordion__icon--active\"><\/span>\n  <\/button>\n<\/h3>\n\n<div role=\"region\" class=\"bde-accordion__panel\" id=\"accordion-panel-483\" aria-labelledby=\"accordion-button-483\">\n    <div class=\"bde-accordion__panel-content\">\n        \n    <\/div>\n<\/div>\n\n\n\n<\/div><div id=\"avantguerre\" class=\"bde-accordion__content-wrapper-4195-485 bde-accordion__content-wrapper\">\n<h3 class=\"bde-accordion__title-tag\">\n  <button type=\"button\" class=\"bde-accordion__button\" id=\"accordion-button-485\" aria-controls=\"accordion-panel-485\" aria-expanded=\"false\">\n     <span class=\"bde-accordion__title\" >60th Anniversary of the Lamborghini Miura<\/span>\n     <span class=\"bde-accordion__icon bde-accordion__icon--default\"><\/span>\n     <span class=\"bde-accordion__icon bde-accordion__icon--active\"><\/span>\n  <\/button>\n<\/h3>\n\n<div role=\"region\" class=\"bde-accordion__panel\" id=\"accordion-panel-485\" aria-labelledby=\"accordion-button-485\">\n    <div class=\"bde-accordion__panel-content\">\n        \n    <\/div>\n<\/div>\n\n\n\n<\/div><div id=\"apresguerre\" class=\"bde-accordion__content-wrapper-4195-484 bde-accordion__content-wrapper\">\n<h3 class=\"bde-accordion__title-tag\">\n  <button type=\"button\" class=\"bde-accordion__button\" id=\"accordion-button-484\" aria-controls=\"accordion-panel-484\" aria-expanded=\"false\">\n     <span class=\"bde-accordion__title\" >The Maserati MC12 in competition<\/span>\n     <span class=\"bde-accordion__icon bde-accordion__icon--default\"><\/span>\n     <span class=\"bde-accordion__icon bde-accordion__icon--active\"><\/span>\n  <\/button>\n<\/h3>\n\n<div role=\"region\" class=\"bde-accordion__panel\" id=\"accordion-panel-484\" aria-labelledby=\"accordion-button-484\">\n    <div class=\"bde-accordion__panel-content\">\n        \n    <\/div>\n<\/div>\n\n\n\n<\/div><div id=\"charlespozzi\" class=\"bde-accordion__content-wrapper-4195-481 bde-accordion__content-wrapper\">\n<h3 class=\"bde-accordion__title-tag\">\n  <button type=\"button\" class=\"bde-accordion__button\" id=\"accordion-button-481\" aria-controls=\"accordion-panel-481\" aria-expanded=\"false\">\n     <span class=\"bde-accordion__title\" >GT 1 : The Golden Age of Grand Touring<\/span>\n     <span class=\"bde-accordion__icon bde-accordion__icon--default\"><\/span>\n     <span class=\"bde-accordion__icon bde-accordion__icon--active\"><\/span>\n  <\/button>\n<\/h3>\n\n<div role=\"region\" class=\"bde-accordion__panel\" id=\"accordion-panel-481\" aria-labelledby=\"accordion-button-481\">\n    <div class=\"bde-accordion__panel-content\">\n        \n    <\/div>\n<\/div>\n\n\n\n<\/div><div id=\"formule1\" class=\"bde-accordion__content-wrapper-4195-480 bde-accordion__content-wrapper\">\n<h3 class=\"bde-accordion__title-tag\">\n  <button type=\"button\" class=\"bde-accordion__button\" id=\"accordion-button-480\" aria-controls=\"accordion-panel-480\" aria-expanded=\"false\">\n     <span class=\"bde-accordion__title\" >German Craftsmanship \u2013 Tuned Cars of the 1980s and 1990s<\/span>\n     <span class=\"bde-accordion__icon bde-accordion__icon--default\"><\/span>\n     <span class=\"bde-accordion__icon bde-accordion__icon--active\"><\/span>\n  <\/button>\n<\/h3>\n\n<div role=\"region\" class=\"bde-accordion__panel\" id=\"accordion-panel-480\" aria-labelledby=\"accordion-button-480\">\n    <div class=\"bde-accordion__panel-content\">\n        \n    <\/div>\n<\/div>\n\n\n\n<\/div><div id=\"bmwboxer\" class=\"bde-accordion__content-wrapper-4195-479 bde-accordion__content-wrapper\">\n<h3 class=\"bde-accordion__title-tag\">\n  <button type=\"button\" class=\"bde-accordion__button\" id=\"accordion-button-479\" aria-controls=\"accordion-panel-479\" aria-expanded=\"false\">\n     <span class=\"bde-accordion__title\" >R5 Turbo \u2013 French audacity<\/span>\n     <span class=\"bde-accordion__icon bde-accordion__icon--default\"><\/span>\n     <span class=\"bde-accordion__icon bde-accordion__icon--active\"><\/span>\n  <\/button>\n<\/h3>\n\n<div role=\"region\" class=\"bde-accordion__panel\" id=\"accordion-panel-479\" aria-labelledby=\"accordion-button-479\">\n    <div class=\"bde-accordion__panel-content\">\n        \n    <\/div>\n<\/div>\n\n\n\n<\/div><div id=\"concept\" class=\"bde-accordion__content-wrapper-4195-478 bde-accordion__content-wrapper\">\n<h3 class=\"bde-accordion__title-tag\">\n  <button type=\"button\" class=\"bde-accordion__button\" id=\"accordion-button-478\" aria-controls=\"accordion-panel-478\" aria-expanded=\"false\">\n     <span class=\"bde-accordion__title\" >Concept Cars<\/span>\n     <span class=\"bde-accordion__icon bde-accordion__icon--default\"><\/span>\n     <span class=\"bde-accordion__icon bde-accordion__icon--active\"><\/span>\n  <\/button>\n<\/h3>\n\n<div role=\"region\" class=\"bde-accordion__panel\" id=\"accordion-panel-478\" aria-labelledby=\"accordion-button-478\">\n    <div class=\"bde-accordion__panel-content\">\n        \n    <\/div>\n<\/div>\n\n\n\n<\/div>\r\n\r\n<\/div><\/div>\n<\/section>","protected":false},"excerpt":{"rendered":"<p>2026 Classes du Concours d&rsquo;Etat Expos\u00e9es sur les pelouses Le N\u00f4tre du Domaine pour constituer un mus\u00e9e \u00e9ph\u00e9m\u00e8re remarquable et unique en son genre, elles d\u00e9ploient leurs charmes \u00e0 une seule fin : \u00eatre r\u00e9compens\u00e9es par le Best of Show. Cr\u00e8me de la cr\u00e8me, Chantilly oblige, ce sont 2 Best of Show que d\u00e9cerne Chantilly [&hellip;]<\/p>\n","protected":false},"author":1,"featured_media":0,"parent":63,"menu_order":0,"comment_status":"closed","ping_status":"closed","template":"","meta":{"_breakdance_hide_in_design_set":false,"_breakdance_tags":"","footnotes":""},"class_list":["post-4195","page","type-page","status-publish","hentry"],"_links":{"self":[{"href":"https:\/\/www.chantillyartsetelegance.com\/en\/wp-json\/wp\/v2\/pages\/4195","targetHints":{"allow":["GET"]}}],"collection":[{"href":"https:\/\/www.chantillyartsetelegance.com\/en\/wp-json\/wp\/v2\/pages"}],"about":[{"href":"https:\/\/www.chantillyartsetelegance.com\/en\/wp-json\/wp\/v2\/types\/page"}],"author":[{"embeddable":true,"href":"https:\/\/www.chantillyartsetelegance.com\/en\/wp-json\/wp\/v2\/users\/1"}],"replies":[{"embeddable":true,"href":"https:\/\/www.chantillyartsetelegance.com\/en\/wp-json\/wp\/v2\/comments?post=4195"}],"version-history":[{"count":5,"href":"https:\/\/www.chantillyartsetelegance.com\/en\/wp-json\/wp\/v2\/pages\/4195\/revisions"}],"predecessor-version":[{"id":5697,"href":"https:\/\/www.chantillyartsetelegance.com\/en\/wp-json\/wp\/v2\/pages\/4195\/revisions\/5697"}],"up":[{"embeddable":true,"href":"https:\/\/www.chantillyartsetelegance.com\/en\/wp-json\/wp\/v2\/pages\/63"}],"wp:attachment":[{"href":"https:\/\/www.chantillyartsetelegance.com\/en\/wp-json\/wp\/v2\/media?parent=4195"}],"curies":[{"name":"wp","href":"https:\/\/api.w.org\/{rel}","templated":true}]}}