{"id":3804,"date":"2024-03-12T10:54:37","date_gmt":"2024-03-12T10:54:37","guid":{"rendered":"https:\/\/www.chantillyartsetelegance.com\/?page_id=3804"},"modified":"2025-12-09T17:59:04","modified_gmt":"2025-12-09T16:59:04","slug":"results","status":"publish","type":"page","link":"https:\/\/www.chantillyartsetelegance.com\/en\/concours\/resultats\/","title":{"rendered":"Results"},"content":{"rendered":"<section class=\"bde-section-3804-100 bde-section\">\n  \n  \n\t\n\n\n\n<div class=\"section-container\"><h4 class=\"bde-heading-3804-101 bde-heading\">Results<\/h4><div class=\"bde-rich-text-3804-124 bde-rich-text breakdance-rich-text-styles\">\n<p><strong>Concours d\u2019Elegance<\/strong><br \/>Lancia Pu+Ra (2023)<\/p><p><strong>Concours d\u2019Elegance public prize<\/strong><br \/>Bugatti Tourbillon (2024)<\/p><p><strong>Best of Show Concours d\u2019Etat Pre-war<\/strong><br \/>Bugatti T35C (1928)<\/p><p><strong>Prix sp\u00e9cial Restauration Pre-war<\/strong> <strong>Avant-guerre<\/strong><br \/>Tatra T80 (1931)<br \/><br \/><strong>Best of Show Concours d\u2019Etat Post-war<\/strong><br \/>Talbot-Lago T26 GS Coup\u00e9 (1949)<br \/><br \/><strong>Palmares Post-war special prize<\/strong><br \/>Dino 196S (1959)<br \/><br \/><strong>Special \u201cWorks\u201d prize<\/strong><br \/>Marcello Gandini, Lamborghini Countach<br \/><br \/><strong>Grand Prix des Clubs FFVE<\/strong><br \/>Vincennes en anciennes \u2013 Talbot 120 Baby Sport de 1934<\/p>\n<\/div><div class=\"bde-gallery-3804-123 bde-gallery\">\n\n\n  \n\n\n\n\n\n\n\n  \n\n  <div class=\"ee-gallery-swiper breakdance-swiper-wrapper\" data-swiper-id=\"123\">\n    <div class=\"swiper\">\n\n<div class=\"ee-gallery ee-gallery--gallery-slider ee-gallery--slider ee-gallery-- ee-gallery--lightbox ee-gallery-- ee-gallery--caption- ee-gallery--caption-none ee-gallery--ratio swiper-wrapper\">\n                  \n      <a class=\"ee-gallery-item ee-gallery-item--image ee-gallery-item--single swiper-slide\" href=\"https:\/\/www.chantillyartsetelegance.com\/wp-content\/uploads\/2024\/09\/caerm-2024-benshuttleworth-232.jpg\"  data-sub-html=\"<span><\/span>\" data-category=\"1\"                  data-lg-size=\"1920-1281\"\n\n      >\n        <figure class=\"ee-gallery-item-figure\">\n                        <img loading=\"lazy\" decoding=\"async\" class=\"breakdance-image-object\" src=\"https:\/\/www.chantillyartsetelegance.com\/wp-content\/uploads\/2024\/09\/caerm-2024-benshuttleworth-232-1024x683.jpg\" width=\"1024\" height=\"683\" srcset=\"https:\/\/www.chantillyartsetelegance.com\/wp-content\/uploads\/2024\/09\/caerm-2024-benshuttleworth-232.jpg 1920w, https:\/\/www.chantillyartsetelegance.com\/wp-content\/uploads\/2024\/09\/caerm-2024-benshuttleworth-232-300x200.jpg 300w, https:\/\/www.chantillyartsetelegance.com\/wp-content\/uploads\/2024\/09\/caerm-2024-benshuttleworth-232-1024x683.jpg 1024w, https:\/\/www.chantillyartsetelegance.com\/wp-content\/uploads\/2024\/09\/caerm-2024-benshuttleworth-232-768x512.jpg 768w, https:\/\/www.chantillyartsetelegance.com\/wp-content\/uploads\/2024\/09\/caerm-2024-benshuttleworth-232-1536x1025.jpg 1536w\" sizes=\"auto, (max-width: 1920px) 100vw, 1920px\">\n          \n                  <\/figure>\n      <\/a>\n\n                \n      <a class=\"ee-gallery-item ee-gallery-item--image ee-gallery-item--single swiper-slide\" href=\"https:\/\/www.chantillyartsetelegance.com\/wp-content\/uploads\/2024\/09\/caerm-2024-benshuttleworth-168.jpg\"  data-sub-html=\"<span><\/span>\" data-category=\"1\"                  data-lg-size=\"1920-1281\"\n\n      >\n        <figure class=\"ee-gallery-item-figure\">\n                        <img loading=\"lazy\" decoding=\"async\" class=\"breakdance-image-object\" src=\"https:\/\/www.chantillyartsetelegance.com\/wp-content\/uploads\/2024\/09\/caerm-2024-benshuttleworth-168-1024x683.jpg\" width=\"1024\" height=\"683\" srcset=\"https:\/\/www.chantillyartsetelegance.com\/wp-content\/uploads\/2024\/09\/caerm-2024-benshuttleworth-168.jpg 1920w, https:\/\/www.chantillyartsetelegance.com\/wp-content\/uploads\/2024\/09\/caerm-2024-benshuttleworth-168-300x200.jpg 300w, https:\/\/www.chantillyartsetelegance.com\/wp-content\/uploads\/2024\/09\/caerm-2024-benshuttleworth-168-1024x683.jpg 1024w, https:\/\/www.chantillyartsetelegance.com\/wp-content\/uploads\/2024\/09\/caerm-2024-benshuttleworth-168-768x512.jpg 768w, https:\/\/www.chantillyartsetelegance.com\/wp-content\/uploads\/2024\/09\/caerm-2024-benshuttleworth-168-1536x1025.jpg 1536w\" sizes=\"auto, (max-width: 1920px) 100vw, 1920px\">\n          \n                  <\/figure>\n      <\/a>\n\n                \n      <a class=\"ee-gallery-item ee-gallery-item--image ee-gallery-item--single swiper-slide\" href=\"https:\/\/www.chantillyartsetelegance.com\/wp-content\/uploads\/2024\/09\/caerm-2024-benshuttleworth-228.jpg\"  data-sub-html=\"<span><\/span>\" data-category=\"1\"                  data-lg-size=\"1920-1281\"\n\n      >\n        <figure class=\"ee-gallery-item-figure\">\n                        <img loading=\"lazy\" decoding=\"async\" class=\"breakdance-image-object\" src=\"https:\/\/www.chantillyartsetelegance.com\/wp-content\/uploads\/2024\/09\/caerm-2024-benshuttleworth-228-1024x683.jpg\" width=\"1024\" height=\"683\" srcset=\"https:\/\/www.chantillyartsetelegance.com\/wp-content\/uploads\/2024\/09\/caerm-2024-benshuttleworth-228.jpg 1920w, https:\/\/www.chantillyartsetelegance.com\/wp-content\/uploads\/2024\/09\/caerm-2024-benshuttleworth-228-300x200.jpg 300w, https:\/\/www.chantillyartsetelegance.com\/wp-content\/uploads\/2024\/09\/caerm-2024-benshuttleworth-228-1024x683.jpg 1024w, https:\/\/www.chantillyartsetelegance.com\/wp-content\/uploads\/2024\/09\/caerm-2024-benshuttleworth-228-768x512.jpg 768w, https:\/\/www.chantillyartsetelegance.com\/wp-content\/uploads\/2024\/09\/caerm-2024-benshuttleworth-228-1536x1025.jpg 1536w\" sizes=\"auto, (max-width: 1920px) 100vw, 1920px\">\n          \n                  <\/figure>\n      <\/a>\n\n                \n      <a class=\"ee-gallery-item ee-gallery-item--image ee-gallery-item--single swiper-slide\" href=\"https:\/\/www.chantillyartsetelegance.com\/wp-content\/uploads\/2024\/09\/caerm-2024-benshuttleworth-184-edit.jpg\"  data-sub-html=\"<span><\/span>\" data-category=\"1\"                  data-lg-size=\"1920-1281\"\n\n      >\n        <figure class=\"ee-gallery-item-figure\">\n                        <img loading=\"lazy\" decoding=\"async\" class=\"breakdance-image-object\" src=\"https:\/\/www.chantillyartsetelegance.com\/wp-content\/uploads\/2024\/09\/caerm-2024-benshuttleworth-184-edit-1024x683.jpg\" width=\"1024\" height=\"683\" srcset=\"https:\/\/www.chantillyartsetelegance.com\/wp-content\/uploads\/2024\/09\/caerm-2024-benshuttleworth-184-edit.jpg 1920w, https:\/\/www.chantillyartsetelegance.com\/wp-content\/uploads\/2024\/09\/caerm-2024-benshuttleworth-184-edit-300x200.jpg 300w, https:\/\/www.chantillyartsetelegance.com\/wp-content\/uploads\/2024\/09\/caerm-2024-benshuttleworth-184-edit-1024x683.jpg 1024w, https:\/\/www.chantillyartsetelegance.com\/wp-content\/uploads\/2024\/09\/caerm-2024-benshuttleworth-184-edit-768x512.jpg 768w, https:\/\/www.chantillyartsetelegance.com\/wp-content\/uploads\/2024\/09\/caerm-2024-benshuttleworth-184-edit-1536x1025.jpg 1536w\" sizes=\"auto, (max-width: 1920px) 100vw, 1920px\">\n          \n                  <\/figure>\n      <\/a>\n\n                \n      <a class=\"ee-gallery-item ee-gallery-item--image ee-gallery-item--single swiper-slide\" href=\"https:\/\/www.chantillyartsetelegance.com\/wp-content\/uploads\/2024\/09\/caerm-2024-benshuttleworth-164.jpg\"  data-sub-html=\"<span><\/span>\" data-category=\"1\"                  data-lg-size=\"1920-1281\"\n\n      >\n        <figure class=\"ee-gallery-item-figure\">\n                        <img loading=\"lazy\" decoding=\"async\" class=\"breakdance-image-object\" src=\"https:\/\/www.chantillyartsetelegance.com\/wp-content\/uploads\/2024\/09\/caerm-2024-benshuttleworth-164-1024x683.jpg\" width=\"1024\" height=\"683\" srcset=\"https:\/\/www.chantillyartsetelegance.com\/wp-content\/uploads\/2024\/09\/caerm-2024-benshuttleworth-164.jpg 1920w, https:\/\/www.chantillyartsetelegance.com\/wp-content\/uploads\/2024\/09\/caerm-2024-benshuttleworth-164-300x200.jpg 300w, https:\/\/www.chantillyartsetelegance.com\/wp-content\/uploads\/2024\/09\/caerm-2024-benshuttleworth-164-1024x683.jpg 1024w, https:\/\/www.chantillyartsetelegance.com\/wp-content\/uploads\/2024\/09\/caerm-2024-benshuttleworth-164-768x512.jpg 768w, https:\/\/www.chantillyartsetelegance.com\/wp-content\/uploads\/2024\/09\/caerm-2024-benshuttleworth-164-1536x1025.jpg 1536w\" sizes=\"auto, (max-width: 1920px) 100vw, 1920px\">\n          \n                  <\/figure>\n      <\/a>\n\n                \n      <a class=\"ee-gallery-item ee-gallery-item--image ee-gallery-item--single swiper-slide\" href=\"https:\/\/www.chantillyartsetelegance.com\/wp-content\/uploads\/2024\/09\/caerm-2024-benshuttleworth-204.jpg\"  data-sub-html=\"<span><\/span>\" data-category=\"1\"                  data-lg-size=\"1920-1440\"\n\n      >\n        <figure class=\"ee-gallery-item-figure\">\n                        <img loading=\"lazy\" decoding=\"async\" class=\"breakdance-image-object\" src=\"https:\/\/www.chantillyartsetelegance.com\/wp-content\/uploads\/2024\/09\/caerm-2024-benshuttleworth-204-1024x768.jpg\" width=\"1024\" height=\"768\" srcset=\"https:\/\/www.chantillyartsetelegance.com\/wp-content\/uploads\/2024\/09\/caerm-2024-benshuttleworth-204.jpg 1920w, https:\/\/www.chantillyartsetelegance.com\/wp-content\/uploads\/2024\/09\/caerm-2024-benshuttleworth-204-300x225.jpg 300w, https:\/\/www.chantillyartsetelegance.com\/wp-content\/uploads\/2024\/09\/caerm-2024-benshuttleworth-204-1024x768.jpg 1024w, https:\/\/www.chantillyartsetelegance.com\/wp-content\/uploads\/2024\/09\/caerm-2024-benshuttleworth-204-768x576.jpg 768w, https:\/\/www.chantillyartsetelegance.com\/wp-content\/uploads\/2024\/09\/caerm-2024-benshuttleworth-204-1536x1152.jpg 1536w\" sizes=\"auto, (max-width: 1920px) 100vw, 1920px\">\n          \n                  <\/figure>\n      <\/a>\n\n      \n  <\/div>\n\n    <\/div>\n                <div class=\"swiper-button-prev\">\n            \n        <\/div>\n        <div class=\"swiper-button-next\">\n            \n        <\/div>\n    \n            <div class=\"swiper-pagination\"><\/div>\n    \n  <\/div>\n\n\n<\/div><div class=\"bde-div-3804-119 bde-div\">\n  \n  \n\t\n\n\n\n<div class=\"bde-div-3804-105 bde-div\">\n  \n  \n\t\n\n\n\n<h4 class=\"bde-heading-3804-106 bde-heading\">\nConcours d\u2019\u00c9tat\n<\/h4><div class=\"bde-rich-text-3804-121 bde-rich-text breakdance-rich-text-styles\">\n<p><strong>2022 Avant-guerre<\/strong><br \/>Hispano-Suiza H6C Dubonnet Xenia 1938<\/p><p><strong>2022 Apr\u00e8s-guerre<\/strong><br \/>Talbot Lago T26 GS Barchetta Motto 1950<\/p><p><strong>2019 Avant-guerre<\/strong><br \/>Bentley 8 Litre Foursome Coup\u00e9 1931<br \/>Chip Connor<\/p><p><strong>2019 Apr\u00e8s-guerre<\/strong><br \/>Talbot Lago T26 Grand Sport Coup\u00e9 1948<br \/>Robert Kudela<\/p><p><strong>2017 Avant-guerre<\/strong><br \/>Bugatti 57 S Atlantic 1936<br \/>Peter Mullin<\/p><p><strong>2017 Apr\u00e8s-guerre<\/strong><br \/>Ferrari TR 58 1958<br \/>Sir Michael Kadoorie \u2013 Robson Walton<\/p><p><strong>2016<\/strong><br \/>Alfa Romeo 8C 2900B Lungo Berlinetta 1938<br \/>Jon Shirley<\/p><p><strong>2015<\/strong><br \/>Mercedes-Benz 500K Roadster 1936<br \/>Evert Louwman<br \/><br \/><strong>2014<\/strong><br \/>Delahaye 135 M Cabriolet, Figoni &amp; Falaschi de 1938<br \/>Peter Mullin<\/p>\n<\/div>\n<\/div><div class=\"bde-div-3804-104 bde-div\">\n  \n  \n\t\n\n\n\n<h4 class=\"bde-heading-3804-103 bde-heading\">\nConcours d\u2019\u00c9l\u00e9gance\n<\/h4><div class=\"bde-rich-text-3804-120 bde-rich-text breakdance-rich-text-styles\">\n<p><strong>2022<\/strong><br \/>Aston Martin DBR22<br \/>&amp; Ozgur<\/p><p><strong>2019<\/strong><br \/>McLaren Speedtail<br \/>&amp; Anne Demeulemeester<\/p><p><strong>2018<\/strong><br \/>Citro\u00ebn CXperience<br \/>&amp; Yang Li<\/p><p><strong>2017<\/strong><br \/>Renault Trezor<br \/>&amp; Balmain<\/p><p><strong>2016<\/strong><br \/>DS E-Tense<br \/>&amp; Eymeric Fran\u00e7ois<\/p><p><strong>2015<\/strong><br \/>BMW 3.0 CSL Hommage R<br \/>&amp; Balmain<\/p><p><strong>2014<\/strong><br \/>Alfa Romeo Disco Volante<br \/>by Touring &amp; Paco Rabanne<\/p>\n<\/div>\n<\/div><div class=\"bde-div-3804-108 bde-div\">\n  \n  \n\t\n\n\n\n<h4 class=\"bde-heading-3804-109 bde-heading\">\nGrand Prix des Clubs\n<\/h4><div class=\"bde-rich-text-3804-122 bde-rich-text breakdance-rich-text-styles\">\n<p><strong>2022<\/strong><br \/>Rolls Royce Enthusiasts Club<\/p><p><strong>2019<\/strong><br \/>Amicale Facel Vega<\/p><p><strong>2017<\/strong><br \/>Fiat Fan Club<\/p><p><strong>2016<\/strong><br \/>Amicale Tricyclecariste de France<\/p><p><strong>2015<\/strong><br \/>Club Delage<\/p><p><strong>2014<\/strong><br \/>Club Delahaye<\/p>\n<\/div>\n<\/div>\n<\/div><\/div>\n<\/section>","protected":false},"excerpt":{"rendered":"<p>R\u00e9sultats Concours d\u2019EleganceLancia Pu+Ra (2023)Concours d\u2019Elegance prix du publicBugatti Tourbillon (2024)Best of Show Concours d\u2019Etat Avant-guerreBugatti T35C (1928)Prix sp\u00e9cial Restauration Avant-guerreTatra T80 (1931)Best of Show Concours d\u2019Etat Apr\u00e8s-guerreTalbot-Lago T26 GS Coup\u00e9 (1949)Prix sp\u00e9cial Palmar\u00e8s Apr\u00e8s-guerreDino 196S (1959)Prix sp\u00e9cial \u00ab\u00a0\u0152uvres\u00a0\u00bbMarcello Gandini, Lamborghini CountachGrand Prix des Clubs FFVEVincennes en anciennes \u2013 Talbot 120 Baby Sport de 1934 [&hellip;]<\/p>\n","protected":false},"author":1,"featured_media":0,"parent":63,"menu_order":0,"comment_status":"closed","ping_status":"closed","template":"","meta":{"_breakdance_hide_in_design_set":false,"_breakdance_tags":"","footnotes":""},"class_list":["post-3804","page","type-page","status-publish","hentry"],"_links":{"self":[{"href":"https:\/\/www.chantillyartsetelegance.com\/en\/wp-json\/wp\/v2\/pages\/3804","targetHints":{"allow":["GET"]}}],"collection":[{"href":"https:\/\/www.chantillyartsetelegance.com\/en\/wp-json\/wp\/v2\/pages"}],"about":[{"href":"https:\/\/www.chantillyartsetelegance.com\/en\/wp-json\/wp\/v2\/types\/page"}],"author":[{"embeddable":true,"href":"https:\/\/www.chantillyartsetelegance.com\/en\/wp-json\/wp\/v2\/users\/1"}],"replies":[{"embeddable":true,"href":"https:\/\/www.chantillyartsetelegance.com\/en\/wp-json\/wp\/v2\/comments?post=3804"}],"version-history":[{"count":6,"href":"https:\/\/www.chantillyartsetelegance.com\/en\/wp-json\/wp\/v2\/pages\/3804\/revisions"}],"predecessor-version":[{"id":5422,"href":"https:\/\/www.chantillyartsetelegance.com\/en\/wp-json\/wp\/v2\/pages\/3804\/revisions\/5422"}],"up":[{"embeddable":true,"href":"https:\/\/www.chantillyartsetelegance.com\/en\/wp-json\/wp\/v2\/pages\/63"}],"wp:attachment":[{"href":"https:\/\/www.chantillyartsetelegance.com\/en\/wp-json\/wp\/v2\/media?parent=3804"}],"curies":[{"name":"wp","href":"https:\/\/api.w.org\/{rel}","templated":true}]}}