{"id":3731,"date":"2024-03-01T13:05:26","date_gmt":"2024-03-01T13:05:26","guid":{"rendered":"https:\/\/www.chantillyartsetelegance.com\/?page_id=3731"},"modified":"2026-01-19T15:22:02","modified_gmt":"2026-01-19T14:22:02","slug":"rallies","status":"publish","type":"page","link":"https:\/\/www.chantillyartsetelegance.com\/en\/rallyes\/","title":{"rendered":"Rallies"},"content":{"rendered":"<section class=\"bde-section-3731-100 bde-section\">\n  \n  \n\t\n\n\n\n<div class=\"section-container\"><div class=\"bde-div-3731-124 bde-div\">\n  \n  \n\t\n\n\n\n<h4 class=\"bde-heading-3731-110 bde-heading\">Rallies<\/h4><div class=\"bde-text-3731-105 bde-text\">\nSince a car is designed to be driven, Chantilly Arts &amp; Elegance Richard Mille offers owners of these beauties the opportunity to take them out on the road for a rally. And here too, each one has its own!\n<\/div>\n<\/div><\/div>\n<\/section><section class=\"bde-section-3731-125 bde-section\">\n  \n  \n\t\n\n\n\n<div class=\"section-container\"><div class=\"bde-columns-3731-108 bde-columns\"><div class=\"bde-column-3731-109 bde-column\">\n  \n  \n\t\n\n\n\n<div class=\"bde-div-3731-149 bde-div\">\n  \n  \n\t\n\n\n\n<h3 class=\"bde-dual-heading-3731-152 bde-dual-heading\">\n\n\n            <span data-style=\"primary\" class=\"dual-heading--primary\">Rallye <\/span>\n\n            <span data-style=\"secondary\" class=\"dual-heading--secondary\"> Le N\u00f4tre<\/span>\n\n\n\n<\/h3><div class=\"bde-text-3731-113 bde-text\">\nOffered since the first edition to the owners of cars from the \"The Most Beautiful Cars in the World\" concours, this rally takes place on Saturday morning before the automobiles display their finest features on the lawns of the Domaine Le N\u00f4tre.<br><br>Les voitures classiques des constructeurs pr\u00e9sents y sont \u00e9galement invit\u00e9es.<br>Classic cars from participating manufacturers are also invited. This leisurely drive along a tourist route of about a hundred kilometers, which varies each year, begins after breakfast and concludes with a bucolic lunch at Polo d'Apremont.\n<\/div>\n<\/div><div class=\"bde-div-3731-150 bde-div\">\n  \n  \n\t\n\n\n\n<div class=\"bde-button-3731-121 bde-button\">\n        \n    \n    \n    \n    \n            \n                    \n            \n            \n\n    \n    \n    \n    \n    \n    <a class=\"breakdance-link button-atom button-atom--secondary bde-button__button\" href=\"\/en\/entries\/form\/\" target=\"_self\" data-type=\"url\"  >\n\n    \n        <span class=\"button-atom__text\">Form<\/span>\n\n        \n        \n                <\/a>\n\n    \n\n\n<\/div>\n<\/div>\n<\/div><div class=\"bde-column-3731-117 bde-column\">\n  \n  \n\t\n\n\n\n<div class=\"bde-image-3731-118 bde-image\">\n<figure class=\"breakdance-image breakdance-image--2395\">\n\t<div class=\"breakdance-image-container\">\n\t\t<div class=\"breakdance-image-clip\"><a class=\"breakdance-image-link breakdance-image-link--lightbox\" href=\"https:\/\/www.chantillyartsetelegance.com\/wp-content\/uploads\/2022\/11\/142202-2022-caerm-galerie-mbonnevie.jpg\" target=\"_self\" rel=\"noopener\" data-sub-html=\"\" data-lg-size=\"-\"><img loading=\"lazy\" decoding=\"async\" class=\"breakdance-image-object\" src=\"https:\/\/www.chantillyartsetelegance.com\/wp-content\/uploads\/2022\/11\/142202-2022-caerm-galerie-mbonnevie.jpg\" width=\"1920\" height=\"1280\" srcset=\"https:\/\/www.chantillyartsetelegance.com\/wp-content\/uploads\/2022\/11\/142202-2022-caerm-galerie-mbonnevie.jpg 1920w, https:\/\/www.chantillyartsetelegance.com\/wp-content\/uploads\/2022\/11\/142202-2022-caerm-galerie-mbonnevie-300x200.jpg 300w, https:\/\/www.chantillyartsetelegance.com\/wp-content\/uploads\/2022\/11\/142202-2022-caerm-galerie-mbonnevie-1024x683.jpg 1024w, https:\/\/www.chantillyartsetelegance.com\/wp-content\/uploads\/2022\/11\/142202-2022-caerm-galerie-mbonnevie-768x512.jpg 768w, https:\/\/www.chantillyartsetelegance.com\/wp-content\/uploads\/2022\/11\/142202-2022-caerm-galerie-mbonnevie-1536x1024.jpg 1536w\" sizes=\"auto, (max-width: 1920px) 100vw, 1920px\"><\/a><\/div>\n\t<\/div><\/figure>\n\n<\/div>\n<\/div><\/div><div class=\"bde-columns-3731-133 bde-columns\"><div class=\"bde-column-3731-138 bde-column\">\n  \n  \n\t\n\n\n\n<div class=\"bde-image-3731-139 bde-image\">\n<figure class=\"breakdance-image breakdance-image--3745\">\n\t<div class=\"breakdance-image-container\">\n\t\t<div class=\"breakdance-image-clip\"><a class=\"breakdance-image-link breakdance-image-link--lightbox\" href=\"https:\/\/www.chantillyartsetelegance.com\/wp-content\/uploads\/2024\/03\/2019_PeterAuto_Chantilly_AlexisGoure_0547.jpg\" target=\"_self\" rel=\"noopener\" data-sub-html=\"\" data-lg-size=\"-\"><img loading=\"lazy\" decoding=\"async\" class=\"breakdance-image-object\" src=\"https:\/\/www.chantillyartsetelegance.com\/wp-content\/uploads\/2024\/03\/2019_PeterAuto_Chantilly_AlexisGoure_0547.jpg\" width=\"1920\" height=\"1280\" srcset=\"https:\/\/www.chantillyartsetelegance.com\/wp-content\/uploads\/2024\/03\/2019_PeterAuto_Chantilly_AlexisGoure_0547.jpg 1920w, https:\/\/www.chantillyartsetelegance.com\/wp-content\/uploads\/2024\/03\/2019_PeterAuto_Chantilly_AlexisGoure_0547-300x200.jpg 300w, https:\/\/www.chantillyartsetelegance.com\/wp-content\/uploads\/2024\/03\/2019_PeterAuto_Chantilly_AlexisGoure_0547-1024x683.jpg 1024w, https:\/\/www.chantillyartsetelegance.com\/wp-content\/uploads\/2024\/03\/2019_PeterAuto_Chantilly_AlexisGoure_0547-768x512.jpg 768w, https:\/\/www.chantillyartsetelegance.com\/wp-content\/uploads\/2024\/03\/2019_PeterAuto_Chantilly_AlexisGoure_0547-1536x1024.jpg 1536w\" sizes=\"auto, (max-width: 1920px) 100vw, 1920px\"><\/a><\/div>\n\t<\/div><\/figure>\n\n<\/div>\n<\/div><div class=\"bde-column-3731-134 bde-column\">\n  \n  \n\t\n\n\n\n<div class=\"bde-div-3731-143 bde-div\">\n  \n  \n\t\n\n\n\n<h3 class=\"bde-dual-heading-3731-135 bde-dual-heading\">\n\n\n            <span data-style=\"primary\" class=\"dual-heading--primary\">Rallye <\/span>\n\n            <span data-style=\"secondary\" class=\"dual-heading--secondary\">du Conn\u00e9table<\/span>\n\n\n\n<\/h3><div class=\"bde-text-3731-136 bde-text\">\nDedicated to clubs and collectors, this rally will take you along the most beautiful roads in the Oise region. Participants will meet for a bucolic and convivial lunch near the Ch\u00e2teau de Chantilly. The 120 km itinerary and roadbook will then guide you along scenic and bucolic roads. An experience combining art de vivre, driving pleasure, and conviviality.<br> <br>The finish line is then located within the grounds of the Ch\u00e2teau de Chantilly, the venue for the State Competition and Club Grand Prix on Sunday.\n<\/div>\n<\/div><div class=\"bde-div-3731-142 bde-div\">\n  \n  \n\t\n\n\n\n<div class=\"bde-button-3731-146 bde-button\">\n        \n    \n    \n    \n    \n            \n                    \n            \n            \n\n    \n    \n    \n    \n    \n    <a class=\"breakdance-link button-atom button-atom--secondary bde-button__button\" href=\"\/en\/entries\/form\/\" target=\"_self\" data-type=\"url\"  >\n\n    \n        <span class=\"button-atom__text\">Form<\/span>\n\n        \n        \n                <\/a>\n\n    \n\n\n<\/div>\n<\/div>\n<\/div><\/div><\/div>\n<\/section>","protected":false},"excerpt":{"rendered":"<p>Rallyes Parce qu\u2019une voiture est au d\u00e9part, faite pour rouler, Chantilly Arts &#038; Elegance Richard Mille propose aux propri\u00e9taires de ces belles de les mettre sur la route le temps d\u2019un rallye. Et l\u00e0 aussi, \u00e0 chacune le sien ! Le Rallye Le N\u00f4tre Propos\u00e9 depuis la premi\u00e8re \u00e9dition aux propri\u00e9taires des voitures du concours [&hellip;]<\/p>\n","protected":false},"author":1,"featured_media":0,"parent":0,"menu_order":0,"comment_status":"closed","ping_status":"closed","template":"","meta":{"_breakdance_hide_in_design_set":false,"_breakdance_tags":"","footnotes":""},"class_list":["post-3731","page","type-page","status-publish","hentry"],"_links":{"self":[{"href":"https:\/\/www.chantillyartsetelegance.com\/en\/wp-json\/wp\/v2\/pages\/3731","targetHints":{"allow":["GET"]}}],"collection":[{"href":"https:\/\/www.chantillyartsetelegance.com\/en\/wp-json\/wp\/v2\/pages"}],"about":[{"href":"https:\/\/www.chantillyartsetelegance.com\/en\/wp-json\/wp\/v2\/types\/page"}],"author":[{"embeddable":true,"href":"https:\/\/www.chantillyartsetelegance.com\/en\/wp-json\/wp\/v2\/users\/1"}],"replies":[{"embeddable":true,"href":"https:\/\/www.chantillyartsetelegance.com\/en\/wp-json\/wp\/v2\/comments?post=3731"}],"version-history":[{"count":5,"href":"https:\/\/www.chantillyartsetelegance.com\/en\/wp-json\/wp\/v2\/pages\/3731\/revisions"}],"predecessor-version":[{"id":5688,"href":"https:\/\/www.chantillyartsetelegance.com\/en\/wp-json\/wp\/v2\/pages\/3731\/revisions\/5688"}],"wp:attachment":[{"href":"https:\/\/www.chantillyartsetelegance.com\/en\/wp-json\/wp\/v2\/media?parent=3731"}],"curies":[{"name":"wp","href":"https:\/\/api.w.org\/{rel}","templated":true}]}}