{"id":3645,"date":"2024-02-06T15:48:12","date_gmt":"2024-02-06T15:48:12","guid":{"rendered":"https:\/\/www.chantillyartsetelegance.com\/?page_id=3645"},"modified":"2026-01-19T15:21:28","modified_gmt":"2026-01-19T14:21:28","slug":"clubs-individuals","status":"publish","type":"page","link":"https:\/\/www.chantillyartsetelegance.com\/en\/clubs-individuels\/","title":{"rendered":"Clubs and Individuals"},"content":{"rendered":"<section class=\"bde-section-3645-100 bde-section\">\n  \n  \n\t\n\n\n\n<div class=\"section-container\"><div class=\"bde-columns-3645-101 bde-columns\"><div class=\"bde-column-3645-102 bde-column\">\n  \n  \n\t\n\n\n\n<h4 class=\"bde-heading-3645-128 bde-heading\">Clubs and Individuals<\/h4><h3 class=\"bde-dual-heading-3645-104 bde-dual-heading\">\n\n\n            <span data-style=\"primary\" class=\"dual-heading--primary\">Countryside<\/span>\n\n            <span data-style=\"secondary\" class=\"dual-heading--secondary\">scenes...<\/span>\n\n\n\n<\/h3><div class=\"bde-text-3645-149 bde-text\">\nAs guardians of our automotive heritage, Clubs &amp; Individuals that make them up are the guests of choice for Peter Auto events. If they are brand clubs, they are grouped by country of origin and by era. Multi-brand clubs and individual owners (who do not belong to a Club or whose Club is not present) are also invited to join in this great weekend of passion and elegance.\n<\/div><div class=\"bde-text-3645-150 bde-text\">\nAll are invited to take advantage of privileged services (Club tickets, dedicated exhibition areas on the estate, receptions, picnic baskets, etc.).<br><br>The oldest cars are invited to exhibit inside the estate. A dedicated area for Youngtimers and another for Supercars will also be available on the lawns of the Marronniers, opposite the gates of the Ch\u00e2teau.\n<\/div><h4 id=\"gpclubs\" class=\"bde-heading-3645-103 bde-heading\">\nGrand Prix des Clubs\n<\/h4><div class=\"bde-text-3645-146 bde-text\">\nEvery year, around forty of these clubs take part in the huge Garden-Party, a veritable countryside picture that would have inspired some of the most illustrious Impressionist painters.\n<\/div><div class=\"bde-text-3645-106 bde-text\">\nFrom sophisticated picnic baskets to exquisitely decorated tables, the elegance of the exhibits must be in harmony if they hope to win the Grand Prix des Clubs, based on the quality of the presentation, the diversity and originality of the models on display, and the attention paid to the D\u00e9jeuner sur l'Herbe.\n<\/div>\n<\/div><div class=\"bde-column-3645-140 bde-column\">\n  \n  \n\t\n\n\n\n<div class=\"bde-video-3645-152 bde-video\">\n<div class=\"ee-video-container\">\n                                                                        \n                <lite-youtube\n                        videoid=\"Kowc7XonF9A\"\n                                                style=\"background-image: url(https:\/\/www.chantillyartsetelegance.com\/wp-content\/uploads\/2022\/11\/1026850-2022-caerm-galerie-mbonnevie.jpg); \"\n                        class=\"ee-video\"\n                        title=\"\"\n                        params=\"&playsinline=0&rel=0&enablejsapi=1\"\n                >\n                <\/lite-youtube>\n                    \n        \n            \n    <\/div>\n\n<\/div><div class=\"bde-gallery-3645-142 bde-gallery\">\n\n\n  \n\n\n\n\n\n\n\n\n\n\n<div class=\"ee-gallery ee-gallery--default ee-gallery--grid ee-gallery-- ee-gallery--lightbox ee-gallery-- ee-gallery--caption- ee-gallery--caption-none ee-gallery--ratio\">\n                  \n      <a class=\"ee-gallery-item ee-gallery-item--image ee-gallery-item--single\" href=\"https:\/\/www.chantillyartsetelegance.com\/wp-content\/uploads\/2022\/11\/114019-2022-caerm-galerie-mbonnevie.jpg\"  data-sub-html=\"<span><\/span>\" data-category=\"1\"                  data-lg-size=\"1280-1920\"\n\n      >\n        <figure class=\"ee-gallery-item-figure\">\n                        <img loading=\"lazy\" decoding=\"async\" class=\"breakdance-image-object\" src=\"https:\/\/www.chantillyartsetelegance.com\/wp-content\/uploads\/2022\/11\/114019-2022-caerm-galerie-mbonnevie-683x1024.jpg\" width=\"683\" height=\"1024\" srcset=\"https:\/\/www.chantillyartsetelegance.com\/wp-content\/uploads\/2022\/11\/114019-2022-caerm-galerie-mbonnevie.jpg 1280w, https:\/\/www.chantillyartsetelegance.com\/wp-content\/uploads\/2022\/11\/114019-2022-caerm-galerie-mbonnevie-200x300.jpg 200w, https:\/\/www.chantillyartsetelegance.com\/wp-content\/uploads\/2022\/11\/114019-2022-caerm-galerie-mbonnevie-683x1024.jpg 683w, https:\/\/www.chantillyartsetelegance.com\/wp-content\/uploads\/2022\/11\/114019-2022-caerm-galerie-mbonnevie-768x1152.jpg 768w, https:\/\/www.chantillyartsetelegance.com\/wp-content\/uploads\/2022\/11\/114019-2022-caerm-galerie-mbonnevie-1024x1536.jpg 1024w\" sizes=\"auto, (max-width: 1280px) 100vw, 1280px\">\n          \n                  <\/figure>\n      <\/a>\n\n                \n      <a class=\"ee-gallery-item ee-gallery-item--image ee-gallery-item--single\" href=\"https:\/\/www.chantillyartsetelegance.com\/wp-content\/uploads\/2022\/11\/103535-2022-caerm-galerie-mbonnevie.jpg\"  data-sub-html=\"<span><\/span>\" data-category=\"1\"                  data-lg-size=\"1280-1920\"\n\n      >\n        <figure class=\"ee-gallery-item-figure\">\n                        <img loading=\"lazy\" decoding=\"async\" class=\"breakdance-image-object\" src=\"https:\/\/www.chantillyartsetelegance.com\/wp-content\/uploads\/2022\/11\/103535-2022-caerm-galerie-mbonnevie-683x1024.jpg\" width=\"683\" height=\"1024\" srcset=\"https:\/\/www.chantillyartsetelegance.com\/wp-content\/uploads\/2022\/11\/103535-2022-caerm-galerie-mbonnevie.jpg 1280w, https:\/\/www.chantillyartsetelegance.com\/wp-content\/uploads\/2022\/11\/103535-2022-caerm-galerie-mbonnevie-200x300.jpg 200w, https:\/\/www.chantillyartsetelegance.com\/wp-content\/uploads\/2022\/11\/103535-2022-caerm-galerie-mbonnevie-683x1024.jpg 683w, https:\/\/www.chantillyartsetelegance.com\/wp-content\/uploads\/2022\/11\/103535-2022-caerm-galerie-mbonnevie-768x1152.jpg 768w, https:\/\/www.chantillyartsetelegance.com\/wp-content\/uploads\/2022\/11\/103535-2022-caerm-galerie-mbonnevie-1024x1536.jpg 1024w\" sizes=\"auto, (max-width: 1280px) 100vw, 1280px\">\n          \n                  <\/figure>\n      <\/a>\n\n      \n  <\/div>\n\n\n\n<\/div><div class=\"bde-div-3645-143 bde-div\" data-parallax=\"false\">\n  \n  \n\t\n\n\n\n<div class=\"bde-button-3645-144 bde-button\">\n        \n    \n    \n    \n    \n            \n                    \n            \n            \n\n    \n    \n    \n    \n    \n    <a class=\"breakdance-link button-atom button-atom--primary bde-button__button\" href=\"https:\/\/www.chantillyartsetelegance.com\/en\/entries\/form\/\" target=\"_self\" data-type=\"url\"  >\n\n    \n        <span class=\"button-atom__text\">Form<\/span>\n\n        \n        \n                <\/a>\n\n    \n\n\n<\/div><div class=\"bde-button-3645-145 bde-button\">\n        \n    \n    \n    \n    \n            \n                    \n            \n            \n\n    \n    \n    \n    \n    \n    <a class=\"breakdance-link button-atom button-atom--primary bde-button__button\" href=\"\/en\/clubs-individuals\/eligibility-list\/\" target=\"_self\" data-type=\"url\"  >\n\n    \n        <span class=\"button-atom__text\">Eligible vehicles<\/span>\n\n        \n        \n                <\/a>\n\n    \n\n\n<\/div>\n<\/div>\n<\/div><\/div><div class=\"bde-fancy-divider-3645-124 bde-fancy-divider\">\n\n\n<div class=\"bde-fancy-divider__wrapper\">\n  <div class=\"bde-fancy-divider__separator\">\n  \t  <\/div>\n<\/div>\n\n<\/div><div class=\"bde-columns-3645-113 bde-columns\"><div class=\"bde-column-3645-122 bde-column\">\n  \n  \n\t\n\n\n\n<div class=\"bde-image-3645-125 bde-image\">\n<figure class=\"breakdance-image breakdance-image--3650\">\n\t<div class=\"breakdance-image-container\">\n\t\t<div class=\"breakdance-image-clip\"><img loading=\"lazy\" decoding=\"async\" class=\"breakdance-image-object\" src=\"https:\/\/www.chantillyartsetelegance.com\/wp-content\/uploads\/2024\/02\/372-07715-2022-caerm-mbonnevie-web.jpg\" width=\"978\" height=\"1200\" srcset=\"https:\/\/www.chantillyartsetelegance.com\/wp-content\/uploads\/2024\/02\/372-07715-2022-caerm-mbonnevie-web.jpg 978w, https:\/\/www.chantillyartsetelegance.com\/wp-content\/uploads\/2024\/02\/372-07715-2022-caerm-mbonnevie-web-245x300.jpg 245w, https:\/\/www.chantillyartsetelegance.com\/wp-content\/uploads\/2024\/02\/372-07715-2022-caerm-mbonnevie-web-835x1024.jpg 835w, https:\/\/www.chantillyartsetelegance.com\/wp-content\/uploads\/2024\/02\/372-07715-2022-caerm-mbonnevie-web-768x942.jpg 768w\" sizes=\"auto, (max-width: 978px) 100vw, 978px\"><\/div>\n\t<\/div><\/figure>\n\n<\/div>\n<\/div><div class=\"bde-column-3645-114 bde-column\">\n  \n  \n\t\n\n\n\n<h2 id=\"GrandPrixdesClubs\" class=\"bde-heading-3645-115 bde-heading\">\nGarden Party\n<\/h2><div class=\"bde-rich-text-3645-158 bde-rich-text breakdance-rich-text-styles\">\n<p>Prepared by a renowned caterer, several souvenir baskets or shopping bags are available for pre-order only. To make this big event a success <a href=\"https:\/\/www.chantillyartsetelegance.com\/en\/product\/package-garden-party\/\">Garden Party<\/a>everyone is welcome to bring their own picnic, and food will also be available for purchase on site.<\/p>\n<\/div>\n<\/div><\/div><div class=\"bde-columns-3645-134 bde-columns\"><div class=\"bde-column-3645-137 bde-column\">\n  \n  \n\t\n\n\n\n<h3 class=\"bde-dual-heading-3645-155 bde-dual-heading\">\n\n\n            <span data-style=\"primary\" class=\"dual-heading--primary\">Rallye <\/span>\n\n            <span data-style=\"secondary\" class=\"dual-heading--secondary\">du Conn\u00e9table<\/span>\n\n\n\n<\/h3><div class=\"bde-rich-text-3645-157 bde-rich-text breakdance-rich-text-styles\">\n<p style=\"text-align: left;\">Dedicated to clubs and collectors, this rally will take you along the most beautiful roads in the Oise region. Participants will meet for a bucolic and convivial lunch near the Ch\u00e2teau de Chantilly. The 120 km itinerary and roadbook will then guide you along scenic and bucolic roads. An experience combining art de vivre, driving pleasure, and conviviality.<\/p><p style=\"text-align: left;\">The finish line is then located within the grounds of the Ch\u00e2teau de Chantilly, the site of the <a href=\"https:\/\/www.chantillyartsetelegance.com\/en\/concours\/\"><em>Concours d\u2019Etat<\/em><\/a> and <em>Grand Prix des Clubs<\/em> the sunday.<\/p>\n<\/div><div class=\"bde-button-3645-148 bde-button\">\n        \n    \n    \n    \n    \n            \n                    \n            \n            \n\n    \n    \n    \n    \n    \n    <a class=\"breakdance-link button-atom button-atom--primary bde-button__button\" href=\"https:\/\/www.chantillyartsetelegance.com\/en\/entries\/form\/\" target=\"_self\" data-type=\"url\"  >\n\n    \n        <span class=\"button-atom__text\">Form<\/span>\n\n        \n        \n                <\/a>\n\n    \n\n\n<\/div>\n<\/div><div class=\"bde-column-3645-135 bde-column\">\n  \n  \n\t\n\n\n\n<div class=\"bde-image-3645-136 bde-image\">\n<figure class=\"breakdance-image breakdance-image--2395\">\n\t<div class=\"breakdance-image-container\">\n\t\t<div class=\"breakdance-image-clip\"><img loading=\"lazy\" decoding=\"async\" class=\"breakdance-image-object\" src=\"https:\/\/www.chantillyartsetelegance.com\/wp-content\/uploads\/2022\/11\/142202-2022-caerm-galerie-mbonnevie.jpg\" width=\"1920\" height=\"1280\" srcset=\"https:\/\/www.chantillyartsetelegance.com\/wp-content\/uploads\/2022\/11\/142202-2022-caerm-galerie-mbonnevie.jpg 1920w, https:\/\/www.chantillyartsetelegance.com\/wp-content\/uploads\/2022\/11\/142202-2022-caerm-galerie-mbonnevie-300x200.jpg 300w, https:\/\/www.chantillyartsetelegance.com\/wp-content\/uploads\/2022\/11\/142202-2022-caerm-galerie-mbonnevie-1024x683.jpg 1024w, https:\/\/www.chantillyartsetelegance.com\/wp-content\/uploads\/2022\/11\/142202-2022-caerm-galerie-mbonnevie-768x512.jpg 768w, https:\/\/www.chantillyartsetelegance.com\/wp-content\/uploads\/2022\/11\/142202-2022-caerm-galerie-mbonnevie-1536x1024.jpg 1536w\" sizes=\"auto, (max-width: 1920px) 100vw, 1920px\"><\/div>\n\t<\/div><\/figure>\n\n<\/div>\n<\/div><\/div><div class=\"bde-gallery-3645-112 bde-gallery\">\n\n\n\n\n\n\n\n\n\n\n\n\n\n<div class=\"ee-gallery ee-gallery--isotope ee-gallery--masonry ee-gallery--single ee-gallery--lightbox ee-gallery-- ee-gallery--caption- ee-gallery--caption-none ee-gallery--ratio\">\n                  \n      <a class=\"ee-gallery-item ee-gallery-item--image ee-gallery-item--single\" href=\"https:\/\/www.chantillyartsetelegance.com\/wp-content\/uploads\/2022\/11\/103535-2022-caerm-galerie-mbonnevie.jpg\"  data-sub-html=\"<span><\/span>\" data-category=\"1\"                  data-lg-size=\"1280-1920\"\n\n      >\n        <figure class=\"ee-gallery-item-figure\">\n                        <img loading=\"lazy\" decoding=\"async\" class=\"breakdance-image-object\" src=\"https:\/\/www.chantillyartsetelegance.com\/wp-content\/uploads\/2022\/11\/103535-2022-caerm-galerie-mbonnevie-683x1024.jpg\" width=\"683\" height=\"1024\" srcset=\"https:\/\/www.chantillyartsetelegance.com\/wp-content\/uploads\/2022\/11\/103535-2022-caerm-galerie-mbonnevie.jpg 1280w, https:\/\/www.chantillyartsetelegance.com\/wp-content\/uploads\/2022\/11\/103535-2022-caerm-galerie-mbonnevie-200x300.jpg 200w, https:\/\/www.chantillyartsetelegance.com\/wp-content\/uploads\/2022\/11\/103535-2022-caerm-galerie-mbonnevie-683x1024.jpg 683w, https:\/\/www.chantillyartsetelegance.com\/wp-content\/uploads\/2022\/11\/103535-2022-caerm-galerie-mbonnevie-768x1152.jpg 768w, https:\/\/www.chantillyartsetelegance.com\/wp-content\/uploads\/2022\/11\/103535-2022-caerm-galerie-mbonnevie-1024x1536.jpg 1024w\" sizes=\"auto, (max-width: 1280px) 100vw, 1280px\">\n          \n                  <\/figure>\n      <\/a>\n\n                \n      <a class=\"ee-gallery-item ee-gallery-item--image ee-gallery-item--single\" href=\"https:\/\/www.chantillyartsetelegance.com\/wp-content\/uploads\/2022\/11\/1054931-2022-caerm-galerie-mbonnevie.jpg\"  data-sub-html=\"<span><\/span>\" data-category=\"1\"                  data-lg-size=\"1920-1280\"\n\n      >\n        <figure class=\"ee-gallery-item-figure\">\n                        <img loading=\"lazy\" decoding=\"async\" class=\"breakdance-image-object\" src=\"https:\/\/www.chantillyartsetelegance.com\/wp-content\/uploads\/2022\/11\/1054931-2022-caerm-galerie-mbonnevie-1024x683.jpg\" width=\"1024\" height=\"683\" srcset=\"https:\/\/www.chantillyartsetelegance.com\/wp-content\/uploads\/2022\/11\/1054931-2022-caerm-galerie-mbonnevie.jpg 1920w, https:\/\/www.chantillyartsetelegance.com\/wp-content\/uploads\/2022\/11\/1054931-2022-caerm-galerie-mbonnevie-300x200.jpg 300w, https:\/\/www.chantillyartsetelegance.com\/wp-content\/uploads\/2022\/11\/1054931-2022-caerm-galerie-mbonnevie-1024x683.jpg 1024w, https:\/\/www.chantillyartsetelegance.com\/wp-content\/uploads\/2022\/11\/1054931-2022-caerm-galerie-mbonnevie-768x512.jpg 768w, https:\/\/www.chantillyartsetelegance.com\/wp-content\/uploads\/2022\/11\/1054931-2022-caerm-galerie-mbonnevie-1536x1024.jpg 1536w\" sizes=\"auto, (max-width: 1920px) 100vw, 1920px\">\n          \n                  <\/figure>\n      <\/a>\n\n                \n      <a class=\"ee-gallery-item ee-gallery-item--image ee-gallery-item--single\" href=\"https:\/\/www.chantillyartsetelegance.com\/wp-content\/uploads\/2022\/11\/1045417-2022-caerm-galerie-mbonnevie.jpg\"  data-sub-html=\"<span><\/span>\" data-category=\"1\"                  data-lg-size=\"1920-1280\"\n\n      >\n        <figure class=\"ee-gallery-item-figure\">\n                        <img loading=\"lazy\" decoding=\"async\" class=\"breakdance-image-object\" src=\"https:\/\/www.chantillyartsetelegance.com\/wp-content\/uploads\/2022\/11\/1045417-2022-caerm-galerie-mbonnevie-1024x683.jpg\" width=\"1024\" height=\"683\" srcset=\"https:\/\/www.chantillyartsetelegance.com\/wp-content\/uploads\/2022\/11\/1045417-2022-caerm-galerie-mbonnevie.jpg 1920w, https:\/\/www.chantillyartsetelegance.com\/wp-content\/uploads\/2022\/11\/1045417-2022-caerm-galerie-mbonnevie-300x200.jpg 300w, https:\/\/www.chantillyartsetelegance.com\/wp-content\/uploads\/2022\/11\/1045417-2022-caerm-galerie-mbonnevie-1024x683.jpg 1024w, https:\/\/www.chantillyartsetelegance.com\/wp-content\/uploads\/2022\/11\/1045417-2022-caerm-galerie-mbonnevie-768x512.jpg 768w, https:\/\/www.chantillyartsetelegance.com\/wp-content\/uploads\/2022\/11\/1045417-2022-caerm-galerie-mbonnevie-1536x1024.jpg 1536w\" sizes=\"auto, (max-width: 1920px) 100vw, 1920px\">\n          \n                  <\/figure>\n      <\/a>\n\n                \n      <a class=\"ee-gallery-item ee-gallery-item--image ee-gallery-item--single\" href=\"https:\/\/www.chantillyartsetelegance.com\/wp-content\/uploads\/2022\/09\/485_2019_PeterAuto_Chantilly_AlexisGoure_3628_1920x1280.jpg\"  data-sub-html=\"<span><\/span>\" data-category=\"1\"                  data-lg-size=\"1920-1280\"\n\n      >\n        <figure class=\"ee-gallery-item-figure\">\n                        <img loading=\"lazy\" decoding=\"async\" class=\"breakdance-image-object\" src=\"https:\/\/www.chantillyartsetelegance.com\/wp-content\/uploads\/2022\/09\/485_2019_PeterAuto_Chantilly_AlexisGoure_3628_1920x1280-1024x683.jpg\" width=\"1024\" height=\"683\" srcset=\"https:\/\/www.chantillyartsetelegance.com\/wp-content\/uploads\/2022\/09\/485_2019_PeterAuto_Chantilly_AlexisGoure_3628_1920x1280.jpg 1920w, https:\/\/www.chantillyartsetelegance.com\/wp-content\/uploads\/2022\/09\/485_2019_PeterAuto_Chantilly_AlexisGoure_3628_1920x1280-300x200.jpg 300w, https:\/\/www.chantillyartsetelegance.com\/wp-content\/uploads\/2022\/09\/485_2019_PeterAuto_Chantilly_AlexisGoure_3628_1920x1280-1024x683.jpg 1024w, https:\/\/www.chantillyartsetelegance.com\/wp-content\/uploads\/2022\/09\/485_2019_PeterAuto_Chantilly_AlexisGoure_3628_1920x1280-768x512.jpg 768w, https:\/\/www.chantillyartsetelegance.com\/wp-content\/uploads\/2022\/09\/485_2019_PeterAuto_Chantilly_AlexisGoure_3628_1920x1280-1536x1024.jpg 1536w\" sizes=\"auto, (max-width: 1920px) 100vw, 1920px\">\n          \n                  <\/figure>\n      <\/a>\n\n                \n      <a class=\"ee-gallery-item ee-gallery-item--image ee-gallery-item--single\" href=\"https:\/\/www.chantillyartsetelegance.com\/wp-content\/uploads\/2022\/09\/home-1.jpg\"  data-sub-html=\"<span><\/span>\" data-category=\"1\"                  data-lg-size=\"1920-1280\"\n\n      >\n        <figure class=\"ee-gallery-item-figure\">\n                        <img loading=\"lazy\" decoding=\"async\" class=\"breakdance-image-object\" src=\"https:\/\/www.chantillyartsetelegance.com\/wp-content\/uploads\/2022\/09\/home-1-1024x683.jpg\" width=\"1024\" height=\"683\" srcset=\"https:\/\/www.chantillyartsetelegance.com\/wp-content\/uploads\/2022\/09\/home-1.jpg 1920w, https:\/\/www.chantillyartsetelegance.com\/wp-content\/uploads\/2022\/09\/home-1-300x200.jpg 300w, https:\/\/www.chantillyartsetelegance.com\/wp-content\/uploads\/2022\/09\/home-1-1024x683.jpg 1024w, https:\/\/www.chantillyartsetelegance.com\/wp-content\/uploads\/2022\/09\/home-1-768x512.jpg 768w, https:\/\/www.chantillyartsetelegance.com\/wp-content\/uploads\/2022\/09\/home-1-1536x1024.jpg 1536w\" sizes=\"auto, (max-width: 1920px) 100vw, 1920px\">\n          \n                  <\/figure>\n      <\/a>\n\n      \n      <div class=\"ee-gallery-gutter\"><\/div>\n  <\/div>\n\n\n\n<\/div><\/div>\n<\/section>","protected":false},"excerpt":{"rendered":"<p>Clubs et Individuels Tableau champ\u00eatre\u2026 Gardiens du patrimoine automobile, les Clubs &#038; Individuels qui les composent sont des h\u00f4tes de choix des \u00e9v\u00e9nements by Peter Auto. S\u2019ils sont clubs de marque, ils sont r\u00e9unis par pays d\u2019origine et par \u00e9poque. Les clubs multi-marques et propri\u00e9taires individuels (non rattach\u00e9s \u00e0 un Club ou dont le Club [&hellip;]<\/p>\n","protected":false},"author":1,"featured_media":0,"parent":0,"menu_order":0,"comment_status":"closed","ping_status":"closed","template":"","meta":{"_breakdance_hide_in_design_set":false,"_breakdance_tags":"","footnotes":""},"class_list":["post-3645","page","type-page","status-publish","hentry"],"_links":{"self":[{"href":"https:\/\/www.chantillyartsetelegance.com\/en\/wp-json\/wp\/v2\/pages\/3645","targetHints":{"allow":["GET"]}}],"collection":[{"href":"https:\/\/www.chantillyartsetelegance.com\/en\/wp-json\/wp\/v2\/pages"}],"about":[{"href":"https:\/\/www.chantillyartsetelegance.com\/en\/wp-json\/wp\/v2\/types\/page"}],"author":[{"embeddable":true,"href":"https:\/\/www.chantillyartsetelegance.com\/en\/wp-json\/wp\/v2\/users\/1"}],"replies":[{"embeddable":true,"href":"https:\/\/www.chantillyartsetelegance.com\/en\/wp-json\/wp\/v2\/comments?post=3645"}],"version-history":[{"count":5,"href":"https:\/\/www.chantillyartsetelegance.com\/en\/wp-json\/wp\/v2\/pages\/3645\/revisions"}],"predecessor-version":[{"id":5687,"href":"https:\/\/www.chantillyartsetelegance.com\/en\/wp-json\/wp\/v2\/pages\/3645\/revisions\/5687"}],"wp:attachment":[{"href":"https:\/\/www.chantillyartsetelegance.com\/en\/wp-json\/wp\/v2\/media?parent=3645"}],"curies":[{"name":"wp","href":"https:\/\/api.w.org\/{rel}","templated":true}]}}