{"id":139,"date":"2022-07-07T15:24:46","date_gmt":"2022-07-07T15:24:46","guid":{"rendered":"https:\/\/www.chantillyartsetelegance.com\/?page_id=139"},"modified":"2025-12-10T15:16:23","modified_gmt":"2025-12-10T14:16:23","slug":"ticketing","status":"publish","type":"page","link":"https:\/\/www.chantillyartsetelegance.com\/en\/billetterie\/","title":{"rendered":"Ticketing"},"content":{"rendered":"<section class=\"bde-section-139-283 bde-section\">\n  \n  \n\t\n\n\n\n<div class=\"section-container\"><h4 class=\"bde-heading-139-229 bde-heading\">Ticketing<\/h4><div class=\"bde-rich-text-139-321 bde-rich-text breakdance-rich-text-styles\">\n<p>The event ticket office only allows spectators access on Sunday 13 September. The domaine ticket office remains open for the previous days! <strong><u>Domain remains accessible for previous days!<\/u><\/strong><\/p><p><a href=\"https:\/\/chateaudechantilly.fr\/billets-et-tarifs\/\" target=\"_blank\" rel=\"noopener\">- Ch\u00e2teau de Chantilly ticketing -<\/a><\/p>\n<\/div><div class=\"bde-notification-bar-139-326 bde-notification-bar\">\n<div class=\"notification-bar-type-tip notification-bar-style-style1\">\n\n            <div class=\"ee-alertbox-icon\"><svg xmlns=\"http:\/\/www.w3.org\/2000\/svg\" height=\"24px\" viewbox=\"0 -960 960 960\" width=\"24px\" fill=\"#1f1f1f\"><path d=\"M602.31-120v-40h133.07q9.24 0 16.93-7.69 7.69-7.69 7.69-16.93v-350.76H200V-380h-40v-315.38q0-27.62 18.5-46.12Q197-760 224.62-760h70.76v-89.23h43.08V-760h286.16v-89.23h40V-760h70.76q27.62 0 46.12 18.5Q800-723 800-695.38v510.76q0 27.62-18.5 46.12Q763-120 735.38-120H602.31ZM320-28.46 292.46-56l122.23-124H60v-40h354.69L292.46-344 320-371.54 491.54-200 320-28.46ZM200-575.39h560v-119.99q0-9.24-7.69-16.93-7.69-7.69-16.93-7.69H224.62q-9.24 0-16.93 7.69-7.69 7.69-7.69 16.93v119.99Zm0 0V-720-575.39Z\"\/><\/svg><\/div>\n    \n    <div class=\"ee-alertbox-content\">\n        <div class=\"ee-alertbox-title\" >Pre-sale price<\/div>              \t\t<div class=\"ee-alertbox-desc\" >\n            \tGeneral admission at the preferential rate of \u20ac50 until 5 July 2026 at 11:59 p.m.\n      \t\t<\/div>\n                    <\/div>\n\n            <button type=\"button\" class=\"ee-alertbox-close\">\n        <span aria-hidden=\"true\">\u00d7<\/span>\n        <\/button>\n    \n<\/div>\n<\/div><div class=\"bde-columns-139-317 bde-columns\"><div class=\"bde-column-139-320 bde-column\">\n  \n  \n\t\n\n\n\n<div class=\"bde-image-139-184 bde-image\">\n<figure class=\"breakdance-image breakdance-image--2330\">\n\t<div class=\"breakdance-image-container\">\n\t\t<div class=\"breakdance-image-clip\"><a class=\"breakdance-image-link breakdance-image-link--url\" href=\"https:\/\/yp.events\/9b235498-9c76-439a-a56e-0eb96c9290e7\/Chantilly-Arts-Elegance-Richard-Mille-2026\/ticketing?from=website\" target=\"_self\" rel=\"noopener\" data-sub-html=\"\" data-lg-size=\"-\"><img loading=\"lazy\" decoding=\"async\" class=\"breakdance-image-object\" src=\"https:\/\/www.chantillyartsetelegance.com\/wp-content\/uploads\/2022\/11\/996954-2022-caerm-galerie-mbonnevie.jpg\" width=\"1280\" height=\"1920\" srcset=\"https:\/\/www.chantillyartsetelegance.com\/wp-content\/uploads\/2022\/11\/996954-2022-caerm-galerie-mbonnevie.jpg 1280w, https:\/\/www.chantillyartsetelegance.com\/wp-content\/uploads\/2022\/11\/996954-2022-caerm-galerie-mbonnevie-200x300.jpg 200w, https:\/\/www.chantillyartsetelegance.com\/wp-content\/uploads\/2022\/11\/996954-2022-caerm-galerie-mbonnevie-683x1024.jpg 683w, https:\/\/www.chantillyartsetelegance.com\/wp-content\/uploads\/2022\/11\/996954-2022-caerm-galerie-mbonnevie-768x1152.jpg 768w, https:\/\/www.chantillyartsetelegance.com\/wp-content\/uploads\/2022\/11\/996954-2022-caerm-galerie-mbonnevie-1024x1536.jpg 1024w\" sizes=\"auto, (max-width: 1280px) 100vw, 1280px\"><\/a><\/div>\n\t<\/div><\/figure>\n\n<\/div><div class=\"bde-div-139-185 bde-div\">\n  \n  \n\t\n\n\n\n<div class=\"bde-div-139-186 bde-div\">\n  \n  \n\t\n\n\n\n<h2 class=\"bde-heading-139-187 bde-heading\">\nGeneral public ticketing\n<\/h2>\n<\/div><div class=\"bde-rich-text-139-289 bde-rich-text breakdance-rich-text-styles\">\n<p><em><strong>Sunday 13 september:<\/strong><\/em><br \/>- Access to the grounds of the Ch\u00e2teau de Chantilly<br \/>- Activities, clubs, competitions, etc.<br \/>- Parking space<\/p>\n<\/div><div class=\"bde-div-139-191 bde-div\">\n  \n  \n\t\n\n\n\n<div class=\"bde-fancy-divider-139-190 bde-fancy-divider\">\n\n\n<div class=\"bde-fancy-divider__wrapper\">\n  <div class=\"bde-fancy-divider__separator\">\n  \t  <\/div>\n<\/div>\n\n<\/div><div class=\"bde-rich-text-139-311 bde-rich-text breakdance-rich-text-styles\">\n<p>Free <strong>access<\/strong> for children under 12 years old<\/p>\n<\/div><div class=\"bde-rich-text-139-312 bde-rich-text breakdance-rich-text-styles\">\n<p>Access at <strong>30\u20ac<\/strong> for 12-18 year olds, <strong>exclusively on-site<\/strong><span style=\"text-decoration: underline;\"> le jour de l'\u00e9v\u00e9nement<\/span><\/p>\n<\/div><div class=\"bde-div-139-192 bde-div\">\n  \n  \n\t\n\n\n\n<div class=\"bde-div-139-322 bde-div\">\n  \n  \n\t\n\n\n\n<div class=\"bde-text-139-194 bde-text\">\nFrom\n<\/div><div class=\"bde-text-139-193 bde-text\">\n50\u20ac\n<\/div>\n<\/div><div class=\"bde-button-139-287 bde-button\">\n    \n                        \n                        \n    \n    \n    \n    \n            \n                    \n            \n            \n\n    \n    \n    \n    \n    \n    <a class=\"breakdance-link button-atom button-atom--primary bde-button__button\" href=\"https:\/\/yp.events\/9b235498-9c76-439a-a56e-0eb96c9290e7\/Chantilly-Arts-Elegance-Richard-Mille-2026\/ticketing?from=website\" target=\"_self\" data-type=\"url\"  >\n\n    \n        <span class=\"button-atom__text\">Available<\/span>\n\n        \n        \n                <\/a>\n\n    \n\n\n<\/div>\n<\/div>\n<\/div>\n<\/div>\n<\/div><div class=\"bde-column-139-318 bde-column\">\n  \n  \n\t\n\n\n\n<div class=\"bde-image-139-237 bde-image\">\n<figure class=\"breakdance-image breakdance-image--312\">\n\t<div class=\"breakdance-image-container\">\n\t\t<div class=\"breakdance-image-clip\"><a class=\"breakdance-image-link breakdance-image-link--url\" href=\"\/en\/entries\/form\/\" target=\"_self\" rel=\"noopener\" data-sub-html=\"\" data-lg-size=\"-\"><img loading=\"lazy\" decoding=\"async\" class=\"breakdance-image-object\" src=\"https:\/\/www.chantillyartsetelegance.com\/wp-content\/uploads\/2022\/07\/MATHIEU-BONNEVIE_MG_0508-1920.jpg\" width=\"1024\" height=\"1024\" srcset=\"https:\/\/www.chantillyartsetelegance.com\/wp-content\/uploads\/2022\/07\/MATHIEU-BONNEVIE_MG_0508-1920.jpg 1024w, https:\/\/www.chantillyartsetelegance.com\/wp-content\/uploads\/2022\/07\/MATHIEU-BONNEVIE_MG_0508-1920-300x300.jpg 300w, https:\/\/www.chantillyartsetelegance.com\/wp-content\/uploads\/2022\/07\/MATHIEU-BONNEVIE_MG_0508-1920-150x150.jpg 150w, https:\/\/www.chantillyartsetelegance.com\/wp-content\/uploads\/2022\/07\/MATHIEU-BONNEVIE_MG_0508-1920-768x768.jpg 768w\" sizes=\"auto, (max-width: 1024px) 100vw, 1024px\"><\/a><\/div>\n\t<\/div><\/figure>\n\n<\/div><div class=\"bde-div-139-238 bde-div\">\n  \n  \n\t\n\n\n\n<div class=\"bde-div-139-239 bde-div\">\n  \n  \n\t\n\n\n\n<h2 class=\"bde-heading-139-240 bde-heading\">\nClubs & Collectionneurs\n<\/h2><div class=\"bde-rich-text-139-290 bde-rich-text breakdance-rich-text-styles\">\n<p><em><strong>Sunday 13 september:<br \/>- <\/strong><\/em>Access to the domain of the Ch\u00e2teau de Chantilly<br \/>- Activities, clubs, competitions, etc.<br \/>- Car access to the<strong>classic collection aera<\/strong><\/p>\n<\/div>\n<\/div><div class=\"bde-div-139-244 bde-div\">\n  \n  \n\t\n\n\n\n<div class=\"bde-fancy-divider-139-243 bde-fancy-divider\">\n\n\n<div class=\"bde-fancy-divider__wrapper\">\n  <div class=\"bde-fancy-divider__separator\">\n  \t  <\/div>\n<\/div>\n\n<\/div><div class=\"bde-div-139-245 bde-div\">\n  \n  \n\t\n\n\n\n<div class=\"bde-button-139-284 bde-button\">\n    \n                        \n                        \n    \n    \n    \n    \n            \n                    \n            \n            \n\n    \n    \n    \n    \n    \n    <a class=\"breakdance-link button-atom button-atom--custom bde-button__button\" href=\"\/en\/entries\/form\/\" target=\"_self\" data-type=\"url\"  >\n\n    \n        <span class=\"button-atom__text\">Pre-registration<\/span>\n\n        \n        \n                <\/a>\n\n    \n\n\n<\/div>\n<\/div>\n<\/div>\n<\/div>\n<\/div><div class=\"bde-column-139-319 bde-column\">\n  \n  \n\t\n\n\n\n<div class=\"bde-image-139-252 bde-image\">\n<figure class=\"breakdance-image breakdance-image--301\">\n\t<div class=\"breakdance-image-container\">\n\t\t<div class=\"breakdance-image-clip\"><a class=\"breakdance-image-link breakdance-image-link--url\" href=\"\/en\/product\/package-garden-party\/\" target=\"_self\" rel=\"noopener\" data-sub-html=\"\" data-lg-size=\"-\"><img loading=\"lazy\" decoding=\"async\" class=\"breakdance-image-object\" src=\"https:\/\/www.chantillyartsetelegance.com\/wp-content\/uploads\/2022\/07\/Chantilly-Elegance-2019-Morgan-Mathurin-20982.jpeg\" width=\"1920\" height=\"1280\" srcset=\"https:\/\/www.chantillyartsetelegance.com\/wp-content\/uploads\/2022\/07\/Chantilly-Elegance-2019-Morgan-Mathurin-20982.jpeg 1920w, https:\/\/www.chantillyartsetelegance.com\/wp-content\/uploads\/2022\/07\/Chantilly-Elegance-2019-Morgan-Mathurin-20982-300x200.jpeg 300w, https:\/\/www.chantillyartsetelegance.com\/wp-content\/uploads\/2022\/07\/Chantilly-Elegance-2019-Morgan-Mathurin-20982-1024x683.jpeg 1024w, https:\/\/www.chantillyartsetelegance.com\/wp-content\/uploads\/2022\/07\/Chantilly-Elegance-2019-Morgan-Mathurin-20982-768x512.jpeg 768w, https:\/\/www.chantillyartsetelegance.com\/wp-content\/uploads\/2022\/07\/Chantilly-Elegance-2019-Morgan-Mathurin-20982-1536x1024.jpeg 1536w\" sizes=\"auto, (max-width: 1920px) 100vw, 1920px\"><\/a><\/div>\n\t<\/div><\/figure>\n\n<\/div><div class=\"bde-div-139-253 bde-div\">\n  \n  \n\t\n\n\n\n<div class=\"bde-div-139-254 bde-div\">\n  \n  \n\t\n\n\n\n<h2 class=\"bde-heading-139-255 bde-heading\">\nGarden Party offer\n<\/h2><div class=\"bde-rich-text-139-291 bde-rich-text breakdance-rich-text-styles\">\n<p><em><strong>Sunday 13 september:<\/strong><\/em><br \/>- General access for <strong>2 persons<\/strong><br \/>- Parking space <strong>VIP<\/strong><br \/>- <strong>Lunch basket<\/strong> for 2 persons<br \/>- Private <strong>area<\/strong> \"Chantilly Chic\"<br \/>- access <strong>to the grandstands<\/strong> during the parades<br \/><br \/><\/p>\n<\/div>\n<\/div><div class=\"bde-div-139-259 bde-div\">\n  \n  \n\t\n\n\n\n<div class=\"bde-fancy-divider-139-258 bde-fancy-divider\">\n\n\n<div class=\"bde-fancy-divider__wrapper\">\n  <div class=\"bde-fancy-divider__separator\">\n  \t  <\/div>\n<\/div>\n\n<\/div><div class=\"bde-div-139-260 bde-div\">\n  \n  \n\t\n\n\n\n<div class=\"bde-div-139-323 bde-div\">\n  \n  \n\t\n\n\n\n<div class=\"bde-text-139-262 bde-text\">\nFrom\n<\/div><div class=\"bde-text-139-261 bde-text\">\n350\u20ac\n<\/div>\n<\/div><div class=\"bde-button-139-285 bde-button\">\n    \n                                    \n    \n    \n    \n    \n            \n                    \n            \n            \n\n    \n    \n    \n    \n    \n    <a class=\"breakdance-link button-atom button-atom--primary bde-button__button\" href=\"\/en\/product\/package-garden-party\/\" target=\"_self\" data-type=\"url\"  >\n\n    \n        <span class=\"button-atom__text\">Available<\/span>\n\n        \n        \n                <\/a>\n\n    \n\n\n<\/div>\n<\/div>\n<\/div>\n<\/div>\n<\/div><\/div><\/div>\n<\/section><section class=\"bde-section-139-297 bde-section\">\n  \n  \n\t\n\n\n\n<div class=\"section-container\"><div class=\"bde-div-139-325 bde-div\">\n  \n  \n\t\n\n\n\n<div class=\"bde-image-139-295 bde-image\">\n<figure class=\"breakdance-image breakdance-image--3485\">\n\t<div class=\"breakdance-image-container\">\n\t\t<div class=\"breakdance-image-clip\"><img decoding=\"async\" class=\"breakdance-image-object\" src=\"https:\/\/www.chantillyartsetelegance.com\/wp-content\/uploads\/2024\/01\/arrow_43.svg\" width=\"\" height=\"\"><\/div>\n\t<\/div><\/figure>\n\n<\/div><div class=\"bde-button-139-228 bde-button\">\n    \n                        \n                        \n    \n    \n    \n    \n            \n                    \n            \n            \n\n    \n    \n    \n    \n    \n    <a class=\"breakdance-link button-atom button-atom--text bde-button__button\" href=\"https:\/\/www.chantillyartsetelegance.com\/en\/contact-us\/\" target=\"_self\" data-type=\"url\"  >\n\n    \n        <span class=\"button-atom__text\">Any questions? Contact us!<\/span>\n\n        \n        \n                <\/a>\n\n    \n\n\n<\/div>\n<\/div><div class=\"bde-video-139-294 bde-video\">\n<div class=\"ee-video-container\">\n                                                                        \n                <lite-youtube\n                        videoid=\"H9HL9X9NN2M\"\n                                                style=\"background-image: url(https:\/\/www.chantillyartsetelegance.com\/wp-content\/uploads\/2024\/06\/259-05700-2022-caerm-mbonnevie.jpg); \"\n                        class=\"ee-video\"\n                        title=\"\"\n                        params=\"&playsinline=0&rel=0&enablejsapi=1\"\n                >\n                <\/lite-youtube>\n                    \n        \n            \n    <\/div>\n\n<\/div><\/div>\n<\/section>","protected":false},"excerpt":{"rendered":"<p>Billetterie La billetterie de l&rsquo;\u00e9v\u00e9nement permet aux spectateurs d&rsquo;acc\u00e9der uniquement \u00e0 la journ\u00e9e du dimanche 13 septembre. La billetterie du Domaine reste accessible pour les jours pr\u00e9c\u00e9dents !- Billetterie du Ch\u00e2teau de Chantilly &#8211; Tarif Pr\u00e9vente Entr\u00e9e g\u00e9n\u00e9rale au tarif pr\u00e9f\u00e9rentiel de 50\u20ac jusqu&rsquo;au 5 juillet 2026 \u00e0 23h59 \u00d7 Billetterie grand public Dimanche 13 [&hellip;]<\/p>\n","protected":false},"author":1,"featured_media":0,"parent":0,"menu_order":0,"comment_status":"closed","ping_status":"closed","template":"","meta":{"content-type":"","_breakdance_hide_in_design_set":false,"_breakdance_tags":"","footnotes":""},"class_list":["post-139","page","type-page","status-publish","hentry"],"_links":{"self":[{"href":"https:\/\/www.chantillyartsetelegance.com\/en\/wp-json\/wp\/v2\/pages\/139","targetHints":{"allow":["GET"]}}],"collection":[{"href":"https:\/\/www.chantillyartsetelegance.com\/en\/wp-json\/wp\/v2\/pages"}],"about":[{"href":"https:\/\/www.chantillyartsetelegance.com\/en\/wp-json\/wp\/v2\/types\/page"}],"author":[{"embeddable":true,"href":"https:\/\/www.chantillyartsetelegance.com\/en\/wp-json\/wp\/v2\/users\/1"}],"replies":[{"embeddable":true,"href":"https:\/\/www.chantillyartsetelegance.com\/en\/wp-json\/wp\/v2\/comments?post=139"}],"version-history":[{"count":6,"href":"https:\/\/www.chantillyartsetelegance.com\/en\/wp-json\/wp\/v2\/pages\/139\/revisions"}],"predecessor-version":[{"id":5476,"href":"https:\/\/www.chantillyartsetelegance.com\/en\/wp-json\/wp\/v2\/pages\/139\/revisions\/5476"}],"wp:attachment":[{"href":"https:\/\/www.chantillyartsetelegance.com\/en\/wp-json\/wp\/v2\/media?parent=139"}],"curies":[{"name":"wp","href":"https:\/\/api.w.org\/{rel}","templated":true}]}}