{"id":117,"date":"2022-07-07T15:20:46","date_gmt":"2022-07-07T15:20:46","guid":{"rendered":"https:\/\/www.chantillyartsetelegance.com\/?page_id=117"},"modified":"2025-12-09T17:03:52","modified_gmt":"2025-12-09T16:03:52","slug":"photos-gallery","status":"publish","type":"page","link":"https:\/\/www.chantillyartsetelegance.com\/en\/galerie-photos\/","title":{"rendered":"Photo gallery"},"content":{"rendered":"<section class=\"bde-section-117-100 bde-section\">\n  \n  \n\t\n\n\n\n<div class=\"section-container\"><div class=\"bde-div-117-102 bde-div\">\n  \n  \n\t\n\n\n\n<h4 class=\"bde-heading-117-101 bde-heading\">Photo gallery<\/h4><div class=\"bde-text-117-103 bde-text\">\nGalerie de l\u2019\u00e9dition 2024 par Ben Shuttleworth, G\u00f6tz Goppert, Valentin Pagnier, Nicolas Br\u00e9maud.<br>Photos of previous editions can be viewed on Peter Auto's main gallery.\n<\/div><div class=\"bde-button-117-104 bde-button\">\n        \n    \n    \n    \n    \n            \n                    \n            \n            \n\n    \n    \n    \n    \n    \n    <a class=\"breakdance-link button-atom button-atom--custom bde-button__button\" href=\"https:\/\/photo.peterauto.fr\/gallery\/CAERM-2024\/G0000Ki11ZjnFyoI\/C0000ajJQMYwggXk\" target=\"_blank\" data-type=\"url\"  >\n\n    \n        <span class=\"button-atom__text\"> Access to our photo library<\/span>\n\n        \n        \n                <\/a>\n\n    \n\n\n<\/div>\n<\/div><\/div>\n<\/section><section class=\"bde-section-117-106 bde-section\">\n  \n  \n\t\n\n\n\n<div class=\"section-container\"><\/div>\n<\/section>","protected":false},"excerpt":{"rendered":"<p>Galerie Photos Galerie de l\u2019\u00e9dition 2024 par Ben Shuttleworth, G\u00f6tz Goppert, Valentin Pagnier, Nicolas Br\u00e9maud.Les photos des pr\u00e9c\u00e9dentes sont \u00e0 consulter sur la galerie principale de Peter Auto. Consulter notre phototh\u00e8que<\/p>","protected":false},"author":1,"featured_media":0,"parent":0,"menu_order":0,"comment_status":"closed","ping_status":"closed","template":"","meta":{"_breakdance_hide_in_design_set":false,"_breakdance_tags":"","footnotes":""},"class_list":["post-117","page","type-page","status-publish","hentry"],"_links":{"self":[{"href":"https:\/\/www.chantillyartsetelegance.com\/en\/wp-json\/wp\/v2\/pages\/117","targetHints":{"allow":["GET"]}}],"collection":[{"href":"https:\/\/www.chantillyartsetelegance.com\/en\/wp-json\/wp\/v2\/pages"}],"about":[{"href":"https:\/\/www.chantillyartsetelegance.com\/en\/wp-json\/wp\/v2\/types\/page"}],"author":[{"embeddable":true,"href":"https:\/\/www.chantillyartsetelegance.com\/en\/wp-json\/wp\/v2\/users\/1"}],"replies":[{"embeddable":true,"href":"https:\/\/www.chantillyartsetelegance.com\/en\/wp-json\/wp\/v2\/comments?post=117"}],"version-history":[{"count":5,"href":"https:\/\/www.chantillyartsetelegance.com\/en\/wp-json\/wp\/v2\/pages\/117\/revisions"}],"predecessor-version":[{"id":5413,"href":"https:\/\/www.chantillyartsetelegance.com\/en\/wp-json\/wp\/v2\/pages\/117\/revisions\/5413"}],"wp:attachment":[{"href":"https:\/\/www.chantillyartsetelegance.com\/en\/wp-json\/wp\/v2\/media?parent=117"}],"curies":[{"name":"wp","href":"https:\/\/api.w.org\/{rel}","templated":true}]}}