{"id":100,"date":"2022-07-07T15:15:30","date_gmt":"2022-07-07T15:15:30","guid":{"rendered":"https:\/\/www.chantillyartsetelegance.com\/?page_id=100"},"modified":"2025-12-09T16:10:21","modified_gmt":"2025-12-09T15:10:21","slug":"professionals","status":"publish","type":"page","link":"https:\/\/www.chantillyartsetelegance.com\/en\/professionnels\/","title":{"rendered":"Professionnals"},"content":{"rendered":"<section class=\"bde-section-100-100 bde-section\">\n  \n  \n\t\n\n\n\n<div class=\"section-container\"><div class=\"bde-div-100-101 bde-div\">\n  \n  \n\t\n\n\n\n<div class=\"bde-div-100-102 bde-div\">\n  \n  \n\t\n\n\n\n<h4 class=\"bde-heading-100-124 bde-heading\">\nProfessionnals\n<\/h4><h3 class=\"bde-dual-heading-100-123 bde-dual-heading\">\n\n\n            <span data-style=\"primary\" class=\"dual-heading--primary\">An elegant<\/span>\n\n            <span data-style=\"secondary\" class=\"dual-heading--secondary\">sunday<\/span>\n\n            <span data-style=\"primary\" class=\"dual-heading--primary\">in an exceptional<\/span>\n\n            <span data-style=\"secondary\" class=\"dual-heading--secondary\">location<\/span>\n\n\n\n<\/h3>\n<\/div><div class=\"bde-columns-100-105 bde-columns\"><div class=\"bde-column-100-106 bde-column\">\n  \n  \n\t\n\n\n\n<div class=\"bde-image-100-107 bde-image\">\n<figure class=\"breakdance-image breakdance-image--3017\">\n\t<div class=\"breakdance-image-container\">\n\t\t<div class=\"breakdance-image-clip\"><img loading=\"lazy\" decoding=\"async\" class=\"breakdance-image-object\" src=\"https:\/\/www.chantillyartsetelegance.com\/wp-content\/uploads\/2023\/12\/2022-caerm-agoure-jour2-1647-2.jpg\" width=\"853\" height=\"1280\" srcset=\"https:\/\/www.chantillyartsetelegance.com\/wp-content\/uploads\/2023\/12\/2022-caerm-agoure-jour2-1647-2.jpg 853w, https:\/\/www.chantillyartsetelegance.com\/wp-content\/uploads\/2023\/12\/2022-caerm-agoure-jour2-1647-2-200x300.jpg 200w, https:\/\/www.chantillyartsetelegance.com\/wp-content\/uploads\/2023\/12\/2022-caerm-agoure-jour2-1647-2-682x1024.jpg 682w, https:\/\/www.chantillyartsetelegance.com\/wp-content\/uploads\/2023\/12\/2022-caerm-agoure-jour2-1647-2-768x1152.jpg 768w\" sizes=\"auto, (max-width: 853px) 100vw, 853px\"><\/div>\n\t<\/div><\/figure>\n\n<\/div>\n<\/div><div class=\"bde-column-100-108 bde-column\">\n  \n  \n\t\n\n\n\n<div class=\"bde-rich-text-100-121 bde-rich-text breakdance-rich-text-styles translation-block\">Chantilly Arts &amp; Elegance Richard Mille is a precious ally for a company looking to shine in a <strong>high-end context.<\/strong> Many companies, whether well-known or not, large or small, have already made the smart choice of joining forces with Richard Mille, the <strong>title sponsor of the competition.<\/strong> The wide array of top-tier activities and services offered ensures that everyone can find something to enjoy.\n<br><br>\nThe main theme is, of course, the <strong>unique and ephemeral museum<\/strong> formed by the Most Beautiful Cars in the World. However, the variety of entertainment provided during this Elegant Sunday in the Countryside within <strong>the incomparable setting of the Domaine de Chantilly<\/strong> will delight car enthusiasts and non-enthusiasts alike.\n<br><br>\nDepending on their budget, companies can organize <strong>exceptional Public Relations events<\/strong> at the venue.<\/div><div class=\"bde-button-100-129 bde-button\">\n    \n                        \n                        \n    \n    \n    \n    \n            \n                    \n            \n            \n\n    \n    \n    \n    \n    \n    <a class=\"breakdance-link button-atom button-atom--secondary bde-button__button\" href=\"\/en\/product\/package-garden-party\/\" target=\"_self\" data-type=\"url\"  >\n\n    \n        <span class=\"button-atom__text\">Packages Garden Party VIP<\/span>\n\n        \n        \n                <\/a>\n\n    \n\n\n<\/div><h4 class=\"bde-heading-100-111 bde-heading\">\nVisibility\n<\/h4><div class=\"bde-text-100-112 bde-text\">\nTout ceci s\u2019accompagne de propositions de visibilit\u00e9 sur de nombreux supports sur le site ou dans les outils de communication. Contactez notre \u00e9quipe pour une offre sur mesure :\n<\/div><a class=\"bde-text-link-100-139 bde-text-link breakdance-link\" href=\"mailto:info@artsetelegance.com\" target=\"_self\" data-type=\"url\">\n  info@artsetelegance.com\n\n<\/a><div class=\"bde-gallery-100-120 bde-gallery\">\n\n\n\n\n\n\n\n\n\n\n\n\n\n<div class=\"ee-gallery ee-gallery--isotope ee-gallery--masonry ee-gallery-- ee-gallery--none ee-gallery-- ee-gallery--caption- ee-gallery--caption-none ee-gallery--ratio\">\n                  \n      <div class=\"ee-gallery-item ee-gallery-item--image ee-gallery-item--single\" href=\"https:\/\/www.chantillyartsetelegance.com\/wp-content\/uploads\/2024\/06\/259-05700-2022-caerm-mbonnevie.jpg\"  data-sub-html=\"<span><\/span>\" data-category=\"1\"                  data-lg-size=\"600-400\"\n\n      >\n        <figure class=\"ee-gallery-item-figure\">\n                        <img loading=\"lazy\" decoding=\"async\" class=\"breakdance-image-object\" src=\"https:\/\/www.chantillyartsetelegance.com\/wp-content\/uploads\/2024\/06\/259-05700-2022-caerm-mbonnevie.jpg\" width=\"600\" height=\"400\" srcset=\"https:\/\/www.chantillyartsetelegance.com\/wp-content\/uploads\/2024\/06\/259-05700-2022-caerm-mbonnevie.jpg 600w, https:\/\/www.chantillyartsetelegance.com\/wp-content\/uploads\/2024\/06\/259-05700-2022-caerm-mbonnevie-300x200.jpg 300w\" sizes=\"auto, (max-width: 600px) 100vw, 600px\">\n          \n                  <\/figure>\n      <\/div>\n\n                \n      <div class=\"ee-gallery-item ee-gallery-item--image ee-gallery-item--single\" href=\"https:\/\/www.chantillyartsetelegance.com\/wp-content\/uploads\/2022\/11\/784871-2022-caerm-galerie-mbonnevie.jpg\"  data-sub-html=\"<span><\/span>\" data-category=\"1\"                  data-lg-size=\"1920-1280\"\n\n      >\n        <figure class=\"ee-gallery-item-figure\">\n                        <img loading=\"lazy\" decoding=\"async\" class=\"breakdance-image-object\" src=\"https:\/\/www.chantillyartsetelegance.com\/wp-content\/uploads\/2022\/11\/784871-2022-caerm-galerie-mbonnevie-1024x683.jpg\" width=\"1024\" height=\"683\" srcset=\"https:\/\/www.chantillyartsetelegance.com\/wp-content\/uploads\/2022\/11\/784871-2022-caerm-galerie-mbonnevie.jpg 1920w, https:\/\/www.chantillyartsetelegance.com\/wp-content\/uploads\/2022\/11\/784871-2022-caerm-galerie-mbonnevie-300x200.jpg 300w, https:\/\/www.chantillyartsetelegance.com\/wp-content\/uploads\/2022\/11\/784871-2022-caerm-galerie-mbonnevie-1024x683.jpg 1024w, https:\/\/www.chantillyartsetelegance.com\/wp-content\/uploads\/2022\/11\/784871-2022-caerm-galerie-mbonnevie-768x512.jpg 768w, https:\/\/www.chantillyartsetelegance.com\/wp-content\/uploads\/2022\/11\/784871-2022-caerm-galerie-mbonnevie-1536x1024.jpg 1536w\" sizes=\"auto, (max-width: 1920px) 100vw, 1920px\">\n          \n                  <\/figure>\n      <\/div>\n\n      \n      <div class=\"ee-gallery-gutter\"><\/div>\n  <\/div>\n\n\n\n<\/div><div class=\"bde-button-100-130 bde-button\">\n    \n                        \n                        \n    \n    \n    \n    \n            \n                    \n            \n            \n\n    \n    \n    \n    \n    \n    <a class=\"breakdance-link button-atom button-atom--secondary bde-button__button\" href=\"#\" target=\"_self\" data-type=\"url\"  >\n\n    \n        <span class=\"button-atom__text\">Plaquette PDF - \u00c0 venir prochainement<\/span>\n\n        \n        \n                <\/a>\n\n    \n\n\n<\/div>\n<\/div><\/div>\n<\/div><\/div>\n<\/section><section class=\"bde-section-100-131 bde-section\">\n  \n  \n\t\n\n\n\n<div class=\"section-container\"><div class=\"bde-div-100-132 bde-div\">\n  \n  \n\t\n\n\n\n<div class=\"bde-div-100-133 bde-div\">\n  \n  \n\t\n\n\n\n<h4 id=\"Exposants\" class=\"bde-heading-100-134 bde-heading\">\nExhibitors\n<\/h4>\n<\/div><div class=\"bde-div-100-137 bde-div\">\n  \n  \n\t\n\n\n\n<div class=\"bde-text-100-135 bde-text\">\nThe event is not only dedicated to art, but also to the French art of living through fashion, the table, French gastronomy... Numerous workshops and exhibitions are set up to entertain young and old alike.\n<\/div><div class=\"bde-button-100-138 bde-button\">\n    \n                        \n                        \n    \n    \n    \n    \n            \n                    \n            \n            \n\n    \n    \n    \n    \n    \n    <a class=\"breakdance-link button-atom button-atom--secondary bde-button__button\" href=\"\/en\/entries\/form\/\" target=\"_blank\" data-type=\"url\"  >\n\n    \n        <span class=\"button-atom__text\">Form<\/span>\n\n        \n        \n                <\/a>\n\n    \n\n\n<\/div>\n<\/div><div class=\"bde-gallery-100-136 bde-gallery\">\n\n\n  \n\n\n\n\n\n\n\n  \n\n  <div class=\"ee-gallery-swiper breakdance-swiper-wrapper\" data-swiper-id=\"136\">\n    <div class=\"swiper\">\n\n<div class=\"ee-gallery ee-gallery--gallery-slider ee-gallery--slider ee-gallery--single ee-gallery--lightbox ee-gallery-- ee-gallery--caption- ee-gallery--caption-none ee-gallery--ratio swiper-wrapper\">\n                  \n      <a class=\"ee-gallery-item ee-gallery-item--image ee-gallery-item--single swiper-slide\" href=\"https:\/\/www.chantillyartsetelegance.com\/wp-content\/uploads\/2022\/09\/405_2019_PeterAuto_Chantilly_AlexisGoure_1981_1920x1280.jpg\"  data-sub-html=\"<span><\/span>\" data-category=\"1\"                  data-lg-size=\"1920-1280\"\n\n      >\n        <figure class=\"ee-gallery-item-figure\">\n                        <img loading=\"lazy\" decoding=\"async\" class=\"breakdance-image-object\" src=\"https:\/\/www.chantillyartsetelegance.com\/wp-content\/uploads\/2022\/09\/405_2019_PeterAuto_Chantilly_AlexisGoure_1981_1920x1280-1024x683.jpg\" width=\"1024\" height=\"683\" srcset=\"https:\/\/www.chantillyartsetelegance.com\/wp-content\/uploads\/2022\/09\/405_2019_PeterAuto_Chantilly_AlexisGoure_1981_1920x1280.jpg 1920w, https:\/\/www.chantillyartsetelegance.com\/wp-content\/uploads\/2022\/09\/405_2019_PeterAuto_Chantilly_AlexisGoure_1981_1920x1280-300x200.jpg 300w, https:\/\/www.chantillyartsetelegance.com\/wp-content\/uploads\/2022\/09\/405_2019_PeterAuto_Chantilly_AlexisGoure_1981_1920x1280-1024x683.jpg 1024w, https:\/\/www.chantillyartsetelegance.com\/wp-content\/uploads\/2022\/09\/405_2019_PeterAuto_Chantilly_AlexisGoure_1981_1920x1280-768x512.jpg 768w, https:\/\/www.chantillyartsetelegance.com\/wp-content\/uploads\/2022\/09\/405_2019_PeterAuto_Chantilly_AlexisGoure_1981_1920x1280-1536x1024.jpg 1536w\" sizes=\"auto, (max-width: 1920px) 100vw, 1920px\">\n          \n                  <\/figure>\n      <\/a>\n\n                \n      <a class=\"ee-gallery-item ee-gallery-item--image ee-gallery-item--single swiper-slide\" href=\"https:\/\/www.chantillyartsetelegance.com\/wp-content\/uploads\/2022\/09\/425_2019_PeterAuto_Chantilly_AlexisGoure_2826_1920x1280.jpg\"  data-sub-html=\"<span><\/span>\" data-category=\"1\"                  data-lg-size=\"1920-1280\"\n\n      >\n        <figure class=\"ee-gallery-item-figure\">\n                        <img loading=\"lazy\" decoding=\"async\" class=\"breakdance-image-object\" src=\"https:\/\/www.chantillyartsetelegance.com\/wp-content\/uploads\/2022\/09\/425_2019_PeterAuto_Chantilly_AlexisGoure_2826_1920x1280-1024x683.jpg\" width=\"1024\" height=\"683\" srcset=\"https:\/\/www.chantillyartsetelegance.com\/wp-content\/uploads\/2022\/09\/425_2019_PeterAuto_Chantilly_AlexisGoure_2826_1920x1280.jpg 1920w, https:\/\/www.chantillyartsetelegance.com\/wp-content\/uploads\/2022\/09\/425_2019_PeterAuto_Chantilly_AlexisGoure_2826_1920x1280-300x200.jpg 300w, https:\/\/www.chantillyartsetelegance.com\/wp-content\/uploads\/2022\/09\/425_2019_PeterAuto_Chantilly_AlexisGoure_2826_1920x1280-1024x683.jpg 1024w, https:\/\/www.chantillyartsetelegance.com\/wp-content\/uploads\/2022\/09\/425_2019_PeterAuto_Chantilly_AlexisGoure_2826_1920x1280-768x512.jpg 768w, https:\/\/www.chantillyartsetelegance.com\/wp-content\/uploads\/2022\/09\/425_2019_PeterAuto_Chantilly_AlexisGoure_2826_1920x1280-1536x1024.jpg 1536w\" sizes=\"auto, (max-width: 1920px) 100vw, 1920px\">\n          \n                  <\/figure>\n      <\/a>\n\n                \n      <a class=\"ee-gallery-item ee-gallery-item--image ee-gallery-item--single swiper-slide\" href=\"https:\/\/www.chantillyartsetelegance.com\/wp-content\/uploads\/2022\/09\/423_2019_PeterAuto_Chantilly_AlexisGoure_2727_1920x1280.jpg\"  data-sub-html=\"<span><\/span>\" data-category=\"1\"                  data-lg-size=\"1920-1280\"\n\n      >\n        <figure class=\"ee-gallery-item-figure\">\n                        <img loading=\"lazy\" decoding=\"async\" class=\"breakdance-image-object\" src=\"https:\/\/www.chantillyartsetelegance.com\/wp-content\/uploads\/2022\/09\/423_2019_PeterAuto_Chantilly_AlexisGoure_2727_1920x1280-1024x683.jpg\" width=\"1024\" height=\"683\" srcset=\"https:\/\/www.chantillyartsetelegance.com\/wp-content\/uploads\/2022\/09\/423_2019_PeterAuto_Chantilly_AlexisGoure_2727_1920x1280.jpg 1920w, https:\/\/www.chantillyartsetelegance.com\/wp-content\/uploads\/2022\/09\/423_2019_PeterAuto_Chantilly_AlexisGoure_2727_1920x1280-300x200.jpg 300w, https:\/\/www.chantillyartsetelegance.com\/wp-content\/uploads\/2022\/09\/423_2019_PeterAuto_Chantilly_AlexisGoure_2727_1920x1280-1024x683.jpg 1024w, https:\/\/www.chantillyartsetelegance.com\/wp-content\/uploads\/2022\/09\/423_2019_PeterAuto_Chantilly_AlexisGoure_2727_1920x1280-768x512.jpg 768w, https:\/\/www.chantillyartsetelegance.com\/wp-content\/uploads\/2022\/09\/423_2019_PeterAuto_Chantilly_AlexisGoure_2727_1920x1280-1536x1024.jpg 1536w\" sizes=\"auto, (max-width: 1920px) 100vw, 1920px\">\n          \n                  <\/figure>\n      <\/a>\n\n                \n      <a class=\"ee-gallery-item ee-gallery-item--image ee-gallery-item--single swiper-slide\" href=\"https:\/\/www.chantillyartsetelegance.com\/wp-content\/uploads\/2022\/09\/424_2019_PeterAuto_Chantilly_AlexisGoure_2780_1920x1280.jpg\"  data-sub-html=\"<span><\/span>\" data-category=\"1\"                  data-lg-size=\"1920-1280\"\n\n      >\n        <figure class=\"ee-gallery-item-figure\">\n                        <img loading=\"lazy\" decoding=\"async\" class=\"breakdance-image-object\" src=\"https:\/\/www.chantillyartsetelegance.com\/wp-content\/uploads\/2022\/09\/424_2019_PeterAuto_Chantilly_AlexisGoure_2780_1920x1280-1024x683.jpg\" width=\"1024\" height=\"683\" srcset=\"https:\/\/www.chantillyartsetelegance.com\/wp-content\/uploads\/2022\/09\/424_2019_PeterAuto_Chantilly_AlexisGoure_2780_1920x1280.jpg 1920w, https:\/\/www.chantillyartsetelegance.com\/wp-content\/uploads\/2022\/09\/424_2019_PeterAuto_Chantilly_AlexisGoure_2780_1920x1280-300x200.jpg 300w, https:\/\/www.chantillyartsetelegance.com\/wp-content\/uploads\/2022\/09\/424_2019_PeterAuto_Chantilly_AlexisGoure_2780_1920x1280-1024x683.jpg 1024w, https:\/\/www.chantillyartsetelegance.com\/wp-content\/uploads\/2022\/09\/424_2019_PeterAuto_Chantilly_AlexisGoure_2780_1920x1280-768x512.jpg 768w, https:\/\/www.chantillyartsetelegance.com\/wp-content\/uploads\/2022\/09\/424_2019_PeterAuto_Chantilly_AlexisGoure_2780_1920x1280-1536x1024.jpg 1536w\" sizes=\"auto, (max-width: 1920px) 100vw, 1920px\">\n          \n                  <\/figure>\n      <\/a>\n\n                \n      <a class=\"ee-gallery-item ee-gallery-item--image ee-gallery-item--single swiper-slide\" href=\"https:\/\/www.chantillyartsetelegance.com\/wp-content\/uploads\/2022\/09\/475_2019_PeterAuto_Chantilly_AlexisGoure_3494_1920x1280.jpg\"  data-sub-html=\"<span><\/span>\" data-category=\"1\"                  data-lg-size=\"1920-1280\"\n\n      >\n        <figure class=\"ee-gallery-item-figure\">\n                        <img loading=\"lazy\" decoding=\"async\" class=\"breakdance-image-object\" src=\"https:\/\/www.chantillyartsetelegance.com\/wp-content\/uploads\/2022\/09\/475_2019_PeterAuto_Chantilly_AlexisGoure_3494_1920x1280-1024x683.jpg\" width=\"1024\" height=\"683\" srcset=\"https:\/\/www.chantillyartsetelegance.com\/wp-content\/uploads\/2022\/09\/475_2019_PeterAuto_Chantilly_AlexisGoure_3494_1920x1280.jpg 1920w, https:\/\/www.chantillyartsetelegance.com\/wp-content\/uploads\/2022\/09\/475_2019_PeterAuto_Chantilly_AlexisGoure_3494_1920x1280-300x200.jpg 300w, https:\/\/www.chantillyartsetelegance.com\/wp-content\/uploads\/2022\/09\/475_2019_PeterAuto_Chantilly_AlexisGoure_3494_1920x1280-1024x683.jpg 1024w, https:\/\/www.chantillyartsetelegance.com\/wp-content\/uploads\/2022\/09\/475_2019_PeterAuto_Chantilly_AlexisGoure_3494_1920x1280-768x512.jpg 768w, https:\/\/www.chantillyartsetelegance.com\/wp-content\/uploads\/2022\/09\/475_2019_PeterAuto_Chantilly_AlexisGoure_3494_1920x1280-1536x1024.jpg 1536w\" sizes=\"auto, (max-width: 1920px) 100vw, 1920px\">\n          \n                  <\/figure>\n      <\/a>\n\n      \n  <\/div>\n\n    <\/div>\n                <div class=\"swiper-button-prev\">\n            \n        <\/div>\n        <div class=\"swiper-button-next\">\n            \n        <\/div>\n    \n            <div class=\"swiper-pagination\"><\/div>\n    \n  <\/div>\n\n\n<\/div>\n<\/div><\/div>\n<\/section><section class=\"bde-section-100-125 bde-section\">\n  \n  \n\t\n\n\n\n<div class=\"section-container\"><div class=\"bde-div-100-126 bde-div\">\n  \n  \n\t\n\n\n\n<h4 class=\"bde-heading-100-127 bde-heading\">\nContact details\n<\/h4><div class=\"bde-rich-text-100-128 bde-rich-text breakdance-rich-text-styles\">\n<p>Company : Peter Auto<br \/>103 rue Lamarck, 75018 Paris, France<br \/>Phone number : +33(0)1 42 59 73 40<br \/>Email address : <a href=\"mailto:info@artsetelegance.com\">info@artsetelegance.com<\/a><\/p>\n<\/div>\n<\/div><\/div>\n<\/section>","protected":false},"excerpt":{"rendered":"<p>Professionnels Un dimanche \u00e9l\u00e9gant dans un \u00e9crin incomparable Chantilly Arts &#038; Elegance Richard Mille est l\u2019alli\u00e9 pr\u00e9cieux d\u2019une soci\u00e9t\u00e9 pour se mettre en valeur dans un contexte haut de gamme. Nombre de soci\u00e9t\u00e9s, connues ou non, grandes ou petites, ne s\u2019y sont pas d\u00e9j\u00e0 tromp\u00e9es en rejoignant Richard Mille, partenaire-titre du concours. La large palette [&hellip;]<\/p>\n","protected":false},"author":1,"featured_media":0,"parent":0,"menu_order":0,"comment_status":"closed","ping_status":"closed","template":"","meta":{"content-type":"","_breakdance_hide_in_design_set":false,"_breakdance_tags":"","footnotes":""},"class_list":["post-100","page","type-page","status-publish","hentry"],"_links":{"self":[{"href":"https:\/\/www.chantillyartsetelegance.com\/en\/wp-json\/wp\/v2\/pages\/100","targetHints":{"allow":["GET"]}}],"collection":[{"href":"https:\/\/www.chantillyartsetelegance.com\/en\/wp-json\/wp\/v2\/pages"}],"about":[{"href":"https:\/\/www.chantillyartsetelegance.com\/en\/wp-json\/wp\/v2\/types\/page"}],"author":[{"embeddable":true,"href":"https:\/\/www.chantillyartsetelegance.com\/en\/wp-json\/wp\/v2\/users\/1"}],"replies":[{"embeddable":true,"href":"https:\/\/www.chantillyartsetelegance.com\/en\/wp-json\/wp\/v2\/comments?post=100"}],"version-history":[{"count":5,"href":"https:\/\/www.chantillyartsetelegance.com\/en\/wp-json\/wp\/v2\/pages\/100\/revisions"}],"predecessor-version":[{"id":5394,"href":"https:\/\/www.chantillyartsetelegance.com\/en\/wp-json\/wp\/v2\/pages\/100\/revisions\/5394"}],"wp:attachment":[{"href":"https:\/\/www.chantillyartsetelegance.com\/en\/wp-json\/wp\/v2\/media?parent=100"}],"curies":[{"name":"wp","href":"https:\/\/api.w.org\/{rel}","templated":true}]}}